{"id":4594,"date":"2021-07-29T16:43:46","date_gmt":"2021-07-29T15:43:46","guid":{"rendered":"https:\/\/loja.dara.pt\/?page_id=4594"},"modified":"2025-02-28T11:22:11","modified_gmt":"2025-02-28T11:22:11","slug":"politica-de-privacidade","status":"publish","type":"page","link":"https:\/\/loja.dara.pt\/en\/politica-de-privacidade\/","title":{"rendered":"Privacy Policy"},"content":{"rendered":"<p><\/p>\n<h1>Privacy and Data Protection Policy<\/h1>\n<p>&nbsp;<\/p>\n<p>The privacy and protection of your personal data is very important to us.<\/p>\n<p>Taking into account the regulation (EU) 2016\/679, known as the General Regulation for the Protection of Personal Data, My Dara International is committed to providing its customers with detailed information on the use and protection given to their personal data, the reasons for processing it and what rights you have as a result of that treatment, in compliance with the provisions of articles 13, 3 and 14 of the aforementioned Regulation.<\/p>\n<p><strong>\u00a0<\/strong><\/p>\n<p><strong>Entity Responsible for Data Processing<\/strong><\/p>\n<p>My Dara International, Ltd. headquartered in Zona Industrial do Alto Padr\u00e3o, 3200-133 Lous\u00e3 is the entity responsible for processing the personal data of each client.<\/p>\n<p>The customer, for any doubt or clarification related to the protection of personal data, should contact the entity responsible for the treatment, through the following means:<\/p>\n<ul>\n<li>By email: newsletter<a href=\"mailto:info@dara.pt\">@dara.pt<\/a><\/li>\n<li>By post to the address: Zona Industrial do Alto Padr\u00e3o, 3200-133 Lous\u00e3<\/li>\n<\/ul>\n<p><strong>\u00a0<\/strong><\/p>\n<p><strong>Personal Data Category<br \/>\n <\/strong><\/p>\n<p>Personal data collected and processed by My Dara International, Lda. they are only those that the customer voluntarily provides when filling out any form present in this online store.<\/p>\n<p><strong>\u00a0<\/strong><\/p>\n<p><strong>Purpose for which data processing is intended<br \/>\n<\/strong><\/p>\n<p>The personal data of My Dara International customers are subject to processing in pursuit of certain, explicit and legitimate purposes, and are not treated in a way that is incompatible with these.<\/p>\n<p>In favor of a minimal and limited collection of data, My Dara International only processes those that prove to be strictly necessary to carry out the purposes for which they are processed.<\/p>\n<p>The personal data of our customers may be processed for the following purposes:<\/p>\n<ul>\n<li>Development, fulfillment and execution of a purchase and sale agreement, which will happen, for example, in the purchase of a product. Since, if it is necessary to proceed with the delivery of the purchased item, it is still essential to process the data for transport purposes.<\/li>\n<li>The data will be processed for accounting or billing purposes, in compliance with legal obligations. When a product is purchased, it is essential to process data with a view to issuing an invoice.<\/li>\n<li>Customer support. The data provided by the customer may be used to respond to orders and\/or questions regarding products.<\/li>\n<\/ul>\n<p><strong>Recipients of personal data<br \/>\n\u00a0 <\/strong><\/p>\n<p>In carrying out the purposes described above and in complying with legal obligations, My Dara International, Lda. may have to transmit the personal data of customers to entities external to the company, namely:<\/p>\n<ul>\n<li>Entities qualified as subcontractors, under the terms of the General Regulation on Data Protection, for the provision of services in the area of \u200b\u200blogistics and transport, information technologies, data storage, auditing, document management and litigation.<\/li>\n<\/ul>\n<p>&nbsp;<\/p>\n<p><strong>Conservation Deadlines<\/strong><\/p>\n<p>The processing of your personal data will continue as long as it proves necessary or mandatory for the fulfillment of the purposes described above.<\/p>\n<p>The data processed within the scope of the development, fulfillment and execution of a purchase and sale or services contract will be stored for the period of time strictly necessary to manage the purchase of products or services, including any returns, complaints or complaints associated with the purchase of the product or service concerned.<\/p>\n<p>Data subject to processing for accounting and\/or billing purposes will be kept for the legally required period for the pursuit of this purpose.<\/p>\n<p>The processing of data collected for the purposes of marketing and communication of products and services will be kept until the customer withdraws his consent given for this purpose, as the case may be.<\/p>\n<p>The data processed within the scope of customer support will also be kept for the time necessary to respond to your request or order.<br \/>\n<strong>\u00a0<\/strong><\/p>\n<p><strong>Rights of data subjects<br \/>\n<\/strong><\/p>\n<p>The My Dara International customer, as the holder of personal data, through the collection and treatment operated, has the following rights:<\/p>\n<ul>\n<li>Right of access: whenever you request it, you can access your personal data, obtain all the information related to the processing of your data and also obtain a copy of your personal data being processed.<\/li>\n<li>Right of rectification: whenever it is considered that your personal data is incomplete or incorrect, you can request its rectification or that it be completed.<\/li>\n<li>Right to delete data: without prejudice to legal obligations that may limit the exercise of this right, you can request the deletion of your data.<\/li>\n<li>Right to opposition: you have the right to object to the processing of your data when the processing is based on the legitimate interest of the controller or when the processing is carried out for purposes other than those for which the data were collected, but which are compatible with the same.<\/li>\n<\/ul>\n<p>If you object to the processing of data, My Dara International, Lda. will cease processing your data unless you have legitimate reasons to carry out such processing and these prevail over your interests.<\/p>\n<p>You may also, at any time, object to the processing of your data for direct marketing purposes.<\/p>\n<p><strong>\u00a0<\/strong><\/p>\n<p><strong>Newsletter<\/strong><\/p>\n<p>The customer is the one who decides whether he wants to receive our newsletter and information from us.<\/p>\n<p>The information that the customer provides is only used to send periodic information about news, offers and promotions. The sending of the same is subject to the express approval of the user. The latter can cancel the subscription to this service whenever they wish.<\/p>\n<p>My Dara International, Ltd. is against spam practices (unsolicited emails) and does not perform this type of behavior.<\/p>\n<p>&nbsp;<\/p>\n<p><strong>Social Networks<\/strong><\/p>\n<p>My Dara International, Ltd. It is present in the main social networks: Facebook, Instagram.<\/p>\n<p>For this reason, it assumes the role of Data Controller for the processing of its profiles derived from friends, likes, followers, comments, etc. The user expressly agrees to be subject to the conditions and terms that have different social networks or platforms where My Dara International is present, enabling him to use the means that the same networks allow to inform users about the different activities and services that he performs.<\/p>\n<p>&nbsp;<\/p>\n<p><strong>Contact<\/strong><\/p>\n<p>We are entirely at your disposal for questions regarding the protection and processing of data or requests for information. Do not hesitate to contact us via email: newsletter<a href=\"mailto:info@dara.pt\">@dara.pt<\/a>.<\/p>","protected":false},"excerpt":{"rendered":"<p>Privacy and Data Protection Policy &nbsp; The privacy and protection of your personal data is&#8230;<\/p>\n","protected":false},"author":1,"featured_media":0,"parent":0,"menu_order":0,"comment_status":"closed","ping_status":"closed","template":"","meta":{"_acf_changed":false,"inline_featured_image":false,"footnotes":""},"class_list":["post-4594","page","type-page","status-publish","hentry"],"acf":[],"yoast_head":"<!-- This site is optimized with the Yoast SEO plugin v27.2 - https:\/\/yoast.com\/product\/yoast-seo-wordpress\/ -->\n<title>Privacy Policy - Dara<\/title>\n<meta name=\"description\" content=\"Pol\u00edtica de Privacidade e Prote\u00e7\u00e3o de Dados. A privacidade e prote\u00e7\u00e3o dos seus dados pessoais s\u00e3o muito importantes para n\u00f3s.\" \/>\n<meta name=\"robots\" content=\"index, follow, max-snippet:-1, max-image-preview:large, max-video-preview:-1\" \/>\n<link rel=\"canonical\" href=\"https:\/\/loja.dara.pt\/en\/politica-de-privacidade\/\" \/>\n<meta property=\"og:locale\" content=\"en_US\" \/>\n<meta property=\"og:type\" content=\"article\" \/>\n<meta property=\"og:title\" content=\"Privacy Policy - Dara\" \/>\n<meta property=\"og:description\" content=\"Pol\u00edtica de Privacidade e Prote\u00e7\u00e3o de Dados. A privacidade e prote\u00e7\u00e3o dos seus dados pessoais s\u00e3o muito importantes para n\u00f3s.\" \/>\n<meta property=\"og:url\" content=\"https:\/\/loja.dara.pt\/politica-de-privacidade\/\" \/>\n<meta property=\"og:site_name\" content=\"Dara\" \/>\n<meta property=\"article:publisher\" content=\"https:\/\/www.facebook.com\/My.Dara.International\" \/>\n<meta property=\"article:modified_time\" content=\"2025-02-28T11:22:11+00:00\" \/>\n<meta name=\"twitter:card\" content=\"summary_large_image\" \/>\n<meta name=\"twitter:site\" content=\"@MyDaraInt\" \/>\n<meta name=\"twitter:label1\" content=\"Est. reading time\" \/>\n\t<meta name=\"twitter:data1\" content=\"6 minutes\" \/>\n<script type=\"application\/ld+json\" class=\"yoast-schema-graph\">{\"@context\":\"https:\/\/schema.org\",\"@graph\":[{\"@type\":\"WebPage\",\"@id\":\"https:\/\/loja.dara.pt\/politica-de-privacidade\/\",\"url\":\"https:\/\/loja.dara.pt\/politica-de-privacidade\/\",\"name\":\"Privacy Policy - Dara\",\"isPartOf\":{\"@id\":\"https:\/\/loja.dara.pt\/#website\"},\"datePublished\":\"2021-07-29T15:43:46+00:00\",\"dateModified\":\"2025-02-28T11:22:11+00:00\",\"description\":\"Pol\u00edtica de Privacidade e Prote\u00e7\u00e3o de Dados. A privacidade e prote\u00e7\u00e3o dos seus dados pessoais s\u00e3o muito importantes para n\u00f3s.\",\"breadcrumb\":{\"@id\":\"https:\/\/loja.dara.pt\/politica-de-privacidade\/#breadcrumb\"},\"inLanguage\":\"en-US\",\"potentialAction\":[{\"@type\":\"ReadAction\",\"target\":[\"https:\/\/loja.dara.pt\/politica-de-privacidade\/\"]}]},{\"@type\":\"BreadcrumbList\",\"@id\":\"https:\/\/loja.dara.pt\/politica-de-privacidade\/#breadcrumb\",\"itemListElement\":[{\"@type\":\"ListItem\",\"position\":1,\"name\":\"Home\",\"item\":\"https:\/\/loja.dara.pt\/\"},{\"@type\":\"ListItem\",\"position\":2,\"name\":\"Pol\u00edtica de Privacidade\"}]},{\"@type\":\"WebSite\",\"@id\":\"https:\/\/loja.dara.pt\/#website\",\"url\":\"https:\/\/loja.dara.pt\/\",\"name\":\"Loja Dara\",\"description\":\"My Dara International, LDA especialistas em meias, pe\u00fagas e collants\",\"publisher\":{\"@id\":\"https:\/\/loja.dara.pt\/#organization\"},\"alternateName\":\"Dara\",\"potentialAction\":[{\"@type\":\"SearchAction\",\"target\":{\"@type\":\"EntryPoint\",\"urlTemplate\":\"https:\/\/loja.dara.pt\/?s={search_term_string}\"},\"query-input\":{\"@type\":\"PropertyValueSpecification\",\"valueRequired\":true,\"valueName\":\"search_term_string\"}}],\"inLanguage\":\"en-US\"},{\"@type\":\"Organization\",\"@id\":\"https:\/\/loja.dara.pt\/#organization\",\"name\":\"My Dara International, LDA\",\"url\":\"https:\/\/loja.dara.pt\/\",\"logo\":{\"@type\":\"ImageObject\",\"inLanguage\":\"en-US\",\"@id\":\"https:\/\/loja.dara.pt\/#\/schema\/logo\/image\/\",\"url\":\"https:\/\/loja.dara.pt\/wp-content\/uploads\/2023\/09\/Logo.jpg\",\"contentUrl\":\"https:\/\/loja.dara.pt\/wp-content\/uploads\/2023\/09\/Logo.jpg\",\"width\":300,\"height\":300,\"caption\":\"My Dara International, LDA\"},\"image\":{\"@id\":\"https:\/\/loja.dara.pt\/#\/schema\/logo\/image\/\"},\"sameAs\":[\"https:\/\/www.facebook.com\/My.Dara.International\",\"https:\/\/x.com\/MyDaraInt\",\"https:\/\/www.linkedin.com\/company\/my-dara-international-lda\",\"https:\/\/www.instagram.com\/mydarainternational\"]}]}<\/script>\n<!-- \/ Yoast SEO plugin. -->","yoast_head_json":{"title":"Privacy Policy - Dara","description":"Pol\u00edtica de Privacidade e Prote\u00e7\u00e3o de Dados. A privacidade e prote\u00e7\u00e3o dos seus dados pessoais s\u00e3o muito importantes para n\u00f3s.","robots":{"index":"index","follow":"follow","max-snippet":"max-snippet:-1","max-image-preview":"max-image-preview:large","max-video-preview":"max-video-preview:-1"},"canonical":"https:\/\/loja.dara.pt\/en\/politica-de-privacidade\/","og_locale":"en_US","og_type":"article","og_title":"Privacy Policy - Dara","og_description":"Pol\u00edtica de Privacidade e Prote\u00e7\u00e3o de Dados. A privacidade e prote\u00e7\u00e3o dos seus dados pessoais s\u00e3o muito importantes para n\u00f3s.","og_url":"https:\/\/loja.dara.pt\/politica-de-privacidade\/","og_site_name":"Dara","article_publisher":"https:\/\/www.facebook.com\/My.Dara.International","article_modified_time":"2025-02-28T11:22:11+00:00","twitter_card":"summary_large_image","twitter_site":"@MyDaraInt","twitter_misc":{"Est. reading time":"6 minutes"},"schema":{"@context":"https:\/\/schema.org","@graph":[{"@type":"WebPage","@id":"https:\/\/loja.dara.pt\/politica-de-privacidade\/","url":"https:\/\/loja.dara.pt\/politica-de-privacidade\/","name":"Privacy Policy - Dara","isPartOf":{"@id":"https:\/\/loja.dara.pt\/#website"},"datePublished":"2021-07-29T15:43:46+00:00","dateModified":"2025-02-28T11:22:11+00:00","description":"Pol\u00edtica de Privacidade e Prote\u00e7\u00e3o de Dados. A privacidade e prote\u00e7\u00e3o dos seus dados pessoais s\u00e3o muito importantes para n\u00f3s.","breadcrumb":{"@id":"https:\/\/loja.dara.pt\/politica-de-privacidade\/#breadcrumb"},"inLanguage":"en-US","potentialAction":[{"@type":"ReadAction","target":["https:\/\/loja.dara.pt\/politica-de-privacidade\/"]}]},{"@type":"BreadcrumbList","@id":"https:\/\/loja.dara.pt\/politica-de-privacidade\/#breadcrumb","itemListElement":[{"@type":"ListItem","position":1,"name":"Home","item":"https:\/\/loja.dara.pt\/"},{"@type":"ListItem","position":2,"name":"Pol\u00edtica de Privacidade"}]},{"@type":"WebSite","@id":"https:\/\/loja.dara.pt\/#website","url":"https:\/\/loja.dara.pt\/","name":"Loja Dara","description":"My Dara International, LDA especialistas em meias, pe\u00fagas e collants","publisher":{"@id":"https:\/\/loja.dara.pt\/#organization"},"alternateName":"Dara","potentialAction":[{"@type":"SearchAction","target":{"@type":"EntryPoint","urlTemplate":"https:\/\/loja.dara.pt\/?s={search_term_string}"},"query-input":{"@type":"PropertyValueSpecification","valueRequired":true,"valueName":"search_term_string"}}],"inLanguage":"en-US"},{"@type":"Organization","@id":"https:\/\/loja.dara.pt\/#organization","name":"My Dara International, LDA","url":"https:\/\/loja.dara.pt\/","logo":{"@type":"ImageObject","inLanguage":"en-US","@id":"https:\/\/loja.dara.pt\/#\/schema\/logo\/image\/","url":"https:\/\/loja.dara.pt\/wp-content\/uploads\/2023\/09\/Logo.jpg","contentUrl":"https:\/\/loja.dara.pt\/wp-content\/uploads\/2023\/09\/Logo.jpg","width":300,"height":300,"caption":"My Dara International, LDA"},"image":{"@id":"https:\/\/loja.dara.pt\/#\/schema\/logo\/image\/"},"sameAs":["https:\/\/www.facebook.com\/My.Dara.International","https:\/\/x.com\/MyDaraInt","https:\/\/www.linkedin.com\/company\/my-dara-international-lda","https:\/\/www.instagram.com\/mydarainternational"]}]}},"_links":{"self":[{"href":"https:\/\/loja.dara.pt\/en\/wp-json\/wp\/v2\/pages\/4594","targetHints":{"allow":["GET"]}}],"collection":[{"href":"https:\/\/loja.dara.pt\/en\/wp-json\/wp\/v2\/pages"}],"about":[{"href":"https:\/\/loja.dara.pt\/en\/wp-json\/wp\/v2\/types\/page"}],"author":[{"embeddable":true,"href":"https:\/\/loja.dara.pt\/en\/wp-json\/wp\/v2\/users\/1"}],"replies":[{"embeddable":true,"href":"https:\/\/loja.dara.pt\/en\/wp-json\/wp\/v2\/comments?post=4594"}],"version-history":[{"count":9,"href":"https:\/\/loja.dara.pt\/en\/wp-json\/wp\/v2\/pages\/4594\/revisions"}],"predecessor-version":[{"id":9280,"href":"https:\/\/loja.dara.pt\/en\/wp-json\/wp\/v2\/pages\/4594\/revisions\/9280"}],"wp:attachment":[{"href":"https:\/\/loja.dara.pt\/en\/wp-json\/wp\/v2\/media?parent=4594"}],"curies":[{"name":"wp","href":"https:\/\/api.w.org\/{rel}","templated":true}]}}