{"id":1706,"date":"2019-11-12T12:19:43","date_gmt":"2019-11-12T12:19:43","guid":{"rendered":"https:\/\/loja.dara.pt\/?post_type=product&#038;p=1706"},"modified":"2026-01-09T09:52:36","modified_gmt":"2026-01-09T09:52:36","slug":"meia-desportiva","status":"publish","type":"product","link":"https:\/\/loja.dara.pt\/en\/produto\/meia-desportiva\/","title":{"rendered":"Sport Ankle Sock"},"content":{"rendered":"<p>Sports sock that help reduce the feeling of tiredness and heaviness in the legs.<\/p>\n<p>&nbsp;<\/p>\n<p>Suitable for people who pratice sports.<\/p>","protected":false},"excerpt":{"rendered":"<p>Sports sock that help reduce the feeling of tiredness and heaviness in the legs. &nbsp;&#8230;<\/p>\n","protected":false},"featured_media":7689,"template":"","meta":{"_acf_changed":false,"inline_featured_image":false},"product_brand":[],"product_cat":[98],"product_tag":[],"class_list":{"0":"post-1706","1":"product","2":"type-product","3":"status-publish","4":"has-post-thumbnail","6":"product_cat-meias-technik","7":"pa_caracteristicas-nao-magoa-na-biqueira","8":"pa_cor-amarelo-fluorescente","9":"pa_cor-azul","10":"pa_cor-azul-porto","11":"pa_cor-laranja-fluorescente","12":"pa_cor-rosa-fluorescente","13":"pa_cor-verde-fluorescente","14":"pa_cor-vermelho","15":"pa_tipo-de-meia-abaixo-joelho","17":"first","18":"instock","19":"taxable","20":"shipping-taxable","21":"purchasable","22":"product-type-variable"},"acf":[],"yoast_head":"<!-- This site is optimized with the Yoast SEO plugin v27.2 - https:\/\/yoast.com\/product\/yoast-seo-wordpress\/ -->\n<title>Sport Ankle Sock - Dara<\/title>\n<meta name=\"description\" content=\"Meia desportiva, ajuda a reduzir a sensa\u00e7\u00e3o de cansa\u00e7o e peso nas pernas. Indicada para pessoas que praticam desporto.\" \/>\n<meta name=\"robots\" content=\"index, follow, max-snippet:-1, max-image-preview:large, max-video-preview:-1\" \/>\n<link rel=\"canonical\" href=\"https:\/\/loja.dara.pt\/en\/produto\/meia-desportiva\/\" \/>\n<meta property=\"og:locale\" content=\"en_US\" \/>\n<meta property=\"og:type\" content=\"article\" \/>\n<meta property=\"og:title\" content=\"Sport Ankle Sock - Dara\" \/>\n<meta property=\"og:description\" content=\"Meia desportiva, ajuda a reduzir a sensa\u00e7\u00e3o de cansa\u00e7o e peso nas pernas. Indicada para pessoas que praticam desporto.\" \/>\n<meta property=\"og:url\" content=\"https:\/\/loja.dara.pt\/produto\/meia-desportiva\/\" \/>\n<meta property=\"og:site_name\" content=\"Dara\" \/>\n<meta property=\"article:publisher\" content=\"https:\/\/www.facebook.com\/My.Dara.International\" \/>\n<meta property=\"article:modified_time\" content=\"2026-01-09T09:52:36+00:00\" \/>\n<meta property=\"og:image\" content=\"https:\/\/loja.dara.pt\/wp-content\/uploads\/2024\/10\/1116_Vermelho.jpg\" \/>\n\t<meta property=\"og:image:width\" content=\"1400\" \/>\n\t<meta property=\"og:image:height\" content=\"1900\" \/>\n\t<meta property=\"og:image:type\" content=\"image\/jpeg\" \/>\n<meta name=\"twitter:card\" content=\"summary_large_image\" \/>\n<meta name=\"twitter:site\" content=\"@MyDaraInt\" \/>\n<meta name=\"twitter:label1\" content=\"Est. reading time\" \/>\n\t<meta name=\"twitter:data1\" content=\"1 minute\" \/>\n<script type=\"application\/ld+json\" class=\"yoast-schema-graph\">{\"@context\":\"https:\/\/schema.org\",\"@graph\":[{\"@type\":\"WebPage\",\"@id\":\"https:\/\/loja.dara.pt\/produto\/meia-desportiva\/\",\"url\":\"https:\/\/loja.dara.pt\/produto\/meia-desportiva\/\",\"name\":\"Sport Ankle Sock - Dara\",\"isPartOf\":{\"@id\":\"https:\/\/loja.dara.pt\/#website\"},\"primaryImageOfPage\":{\"@id\":\"https:\/\/loja.dara.pt\/produto\/meia-desportiva\/#primaryimage\"},\"image\":{\"@id\":\"https:\/\/loja.dara.pt\/produto\/meia-desportiva\/#primaryimage\"},\"thumbnailUrl\":\"https:\/\/loja.dara.pt\/wp-content\/uploads\/2024\/10\/1116_Vermelho.jpg\",\"datePublished\":\"2019-11-12T12:19:43+00:00\",\"dateModified\":\"2026-01-09T09:52:36+00:00\",\"description\":\"Meia desportiva, ajuda a reduzir a sensa\u00e7\u00e3o de cansa\u00e7o e peso nas pernas. Indicada para pessoas que praticam desporto.\",\"breadcrumb\":{\"@id\":\"https:\/\/loja.dara.pt\/produto\/meia-desportiva\/#breadcrumb\"},\"inLanguage\":\"en-US\",\"potentialAction\":[{\"@type\":\"ReadAction\",\"target\":[\"https:\/\/loja.dara.pt\/produto\/meia-desportiva\/\"]}]},{\"@type\":\"ImageObject\",\"inLanguage\":\"en-US\",\"@id\":\"https:\/\/loja.dara.pt\/produto\/meia-desportiva\/#primaryimage\",\"url\":\"https:\/\/loja.dara.pt\/wp-content\/uploads\/2024\/10\/1116_Vermelho.jpg\",\"contentUrl\":\"https:\/\/loja.dara.pt\/wp-content\/uploads\/2024\/10\/1116_Vermelho.jpg\",\"width\":1400,\"height\":1900,\"caption\":\"Meia Desportiva Vermelho\"},{\"@type\":\"BreadcrumbList\",\"@id\":\"https:\/\/loja.dara.pt\/produto\/meia-desportiva\/#breadcrumb\",\"itemListElement\":[{\"@type\":\"ListItem\",\"position\":1,\"name\":\"Home\",\"item\":\"https:\/\/loja.dara.pt\/\"},{\"@type\":\"ListItem\",\"position\":2,\"name\":\"Loja\",\"item\":\"https:\/\/loja.dara.pt\/loja\/\"},{\"@type\":\"ListItem\",\"position\":3,\"name\":\"Meia Desportiva\"}]},{\"@type\":\"WebSite\",\"@id\":\"https:\/\/loja.dara.pt\/#website\",\"url\":\"https:\/\/loja.dara.pt\/\",\"name\":\"Loja Dara\",\"description\":\"My Dara International, LDA especialistas em meias, pe\u00fagas e collants\",\"publisher\":{\"@id\":\"https:\/\/loja.dara.pt\/#organization\"},\"alternateName\":\"Dara\",\"potentialAction\":[{\"@type\":\"SearchAction\",\"target\":{\"@type\":\"EntryPoint\",\"urlTemplate\":\"https:\/\/loja.dara.pt\/?s={search_term_string}\"},\"query-input\":{\"@type\":\"PropertyValueSpecification\",\"valueRequired\":true,\"valueName\":\"search_term_string\"}}],\"inLanguage\":\"en-US\"},{\"@type\":\"Organization\",\"@id\":\"https:\/\/loja.dara.pt\/#organization\",\"name\":\"My Dara International, LDA\",\"url\":\"https:\/\/loja.dara.pt\/\",\"logo\":{\"@type\":\"ImageObject\",\"inLanguage\":\"en-US\",\"@id\":\"https:\/\/loja.dara.pt\/#\/schema\/logo\/image\/\",\"url\":\"https:\/\/loja.dara.pt\/wp-content\/uploads\/2023\/09\/Logo.jpg\",\"contentUrl\":\"https:\/\/loja.dara.pt\/wp-content\/uploads\/2023\/09\/Logo.jpg\",\"width\":300,\"height\":300,\"caption\":\"My Dara International, LDA\"},\"image\":{\"@id\":\"https:\/\/loja.dara.pt\/#\/schema\/logo\/image\/\"},\"sameAs\":[\"https:\/\/www.facebook.com\/My.Dara.International\",\"https:\/\/x.com\/MyDaraInt\",\"https:\/\/www.linkedin.com\/company\/my-dara-international-lda\",\"https:\/\/www.instagram.com\/mydarainternational\"]}]}<\/script>\n<!-- \/ Yoast SEO plugin. -->","yoast_head_json":{"title":"Sport Ankle Sock - Dara","description":"Meia desportiva, ajuda a reduzir a sensa\u00e7\u00e3o de cansa\u00e7o e peso nas pernas. Indicada para pessoas que praticam desporto.","robots":{"index":"index","follow":"follow","max-snippet":"max-snippet:-1","max-image-preview":"max-image-preview:large","max-video-preview":"max-video-preview:-1"},"canonical":"https:\/\/loja.dara.pt\/en\/produto\/meia-desportiva\/","og_locale":"en_US","og_type":"article","og_title":"Sport Ankle Sock - Dara","og_description":"Meia desportiva, ajuda a reduzir a sensa\u00e7\u00e3o de cansa\u00e7o e peso nas pernas. Indicada para pessoas que praticam desporto.","og_url":"https:\/\/loja.dara.pt\/produto\/meia-desportiva\/","og_site_name":"Dara","article_publisher":"https:\/\/www.facebook.com\/My.Dara.International","article_modified_time":"2026-01-09T09:52:36+00:00","og_image":[{"width":1400,"height":1900,"url":"https:\/\/loja.dara.pt\/wp-content\/uploads\/2024\/10\/1116_Vermelho.jpg","type":"image\/jpeg"}],"twitter_card":"summary_large_image","twitter_site":"@MyDaraInt","twitter_misc":{"Est. reading time":"1 minute"},"schema":{"@context":"https:\/\/schema.org","@graph":[{"@type":"WebPage","@id":"https:\/\/loja.dara.pt\/produto\/meia-desportiva\/","url":"https:\/\/loja.dara.pt\/produto\/meia-desportiva\/","name":"Sport Ankle Sock - Dara","isPartOf":{"@id":"https:\/\/loja.dara.pt\/#website"},"primaryImageOfPage":{"@id":"https:\/\/loja.dara.pt\/produto\/meia-desportiva\/#primaryimage"},"image":{"@id":"https:\/\/loja.dara.pt\/produto\/meia-desportiva\/#primaryimage"},"thumbnailUrl":"https:\/\/loja.dara.pt\/wp-content\/uploads\/2024\/10\/1116_Vermelho.jpg","datePublished":"2019-11-12T12:19:43+00:00","dateModified":"2026-01-09T09:52:36+00:00","description":"Meia desportiva, ajuda a reduzir a sensa\u00e7\u00e3o de cansa\u00e7o e peso nas pernas. Indicada para pessoas que praticam desporto.","breadcrumb":{"@id":"https:\/\/loja.dara.pt\/produto\/meia-desportiva\/#breadcrumb"},"inLanguage":"en-US","potentialAction":[{"@type":"ReadAction","target":["https:\/\/loja.dara.pt\/produto\/meia-desportiva\/"]}]},{"@type":"ImageObject","inLanguage":"en-US","@id":"https:\/\/loja.dara.pt\/produto\/meia-desportiva\/#primaryimage","url":"https:\/\/loja.dara.pt\/wp-content\/uploads\/2024\/10\/1116_Vermelho.jpg","contentUrl":"https:\/\/loja.dara.pt\/wp-content\/uploads\/2024\/10\/1116_Vermelho.jpg","width":1400,"height":1900,"caption":"Meia Desportiva Vermelho"},{"@type":"BreadcrumbList","@id":"https:\/\/loja.dara.pt\/produto\/meia-desportiva\/#breadcrumb","itemListElement":[{"@type":"ListItem","position":1,"name":"Home","item":"https:\/\/loja.dara.pt\/"},{"@type":"ListItem","position":2,"name":"Loja","item":"https:\/\/loja.dara.pt\/loja\/"},{"@type":"ListItem","position":3,"name":"Meia Desportiva"}]},{"@type":"WebSite","@id":"https:\/\/loja.dara.pt\/#website","url":"https:\/\/loja.dara.pt\/","name":"Loja Dara","description":"My Dara International, LDA especialistas em meias, pe\u00fagas e collants","publisher":{"@id":"https:\/\/loja.dara.pt\/#organization"},"alternateName":"Dara","potentialAction":[{"@type":"SearchAction","target":{"@type":"EntryPoint","urlTemplate":"https:\/\/loja.dara.pt\/?s={search_term_string}"},"query-input":{"@type":"PropertyValueSpecification","valueRequired":true,"valueName":"search_term_string"}}],"inLanguage":"en-US"},{"@type":"Organization","@id":"https:\/\/loja.dara.pt\/#organization","name":"My Dara International, LDA","url":"https:\/\/loja.dara.pt\/","logo":{"@type":"ImageObject","inLanguage":"en-US","@id":"https:\/\/loja.dara.pt\/#\/schema\/logo\/image\/","url":"https:\/\/loja.dara.pt\/wp-content\/uploads\/2023\/09\/Logo.jpg","contentUrl":"https:\/\/loja.dara.pt\/wp-content\/uploads\/2023\/09\/Logo.jpg","width":300,"height":300,"caption":"My Dara International, LDA"},"image":{"@id":"https:\/\/loja.dara.pt\/#\/schema\/logo\/image\/"},"sameAs":["https:\/\/www.facebook.com\/My.Dara.International","https:\/\/x.com\/MyDaraInt","https:\/\/www.linkedin.com\/company\/my-dara-international-lda","https:\/\/www.instagram.com\/mydarainternational"]}]}},"_links":{"self":[{"href":"https:\/\/loja.dara.pt\/en\/wp-json\/wp\/v2\/product\/1706","targetHints":{"allow":["GET"]}}],"collection":[{"href":"https:\/\/loja.dara.pt\/en\/wp-json\/wp\/v2\/product"}],"about":[{"href":"https:\/\/loja.dara.pt\/en\/wp-json\/wp\/v2\/types\/product"}],"wp:featuredmedia":[{"embeddable":true,"href":"https:\/\/loja.dara.pt\/en\/wp-json\/wp\/v2\/media\/7689"}],"wp:attachment":[{"href":"https:\/\/loja.dara.pt\/en\/wp-json\/wp\/v2\/media?parent=1706"}],"wp:term":[{"taxonomy":"product_brand","embeddable":true,"href":"https:\/\/loja.dara.pt\/en\/wp-json\/wp\/v2\/product_brand?post=1706"},{"taxonomy":"product_cat","embeddable":true,"href":"https:\/\/loja.dara.pt\/en\/wp-json\/wp\/v2\/product_cat?post=1706"},{"taxonomy":"product_tag","embeddable":true,"href":"https:\/\/loja.dara.pt\/en\/wp-json\/wp\/v2\/product_tag?post=1706"}],"curies":[{"name":"wp","href":"https:\/\/api.w.org\/{rel}","templated":true}]}}