{"id":2868,"date":"2021-05-31T14:38:28","date_gmt":"2021-05-31T14:38:28","guid":{"rendered":"https:\/\/loja.dara.pt\/?post_type=product&#038;p=2868"},"modified":"2025-09-03T15:17:56","modified_gmt":"2025-09-03T14:17:56","slug":"meia-senhora-sem-punho-com-laco-atras","status":"publish","type":"product","link":"https:\/\/loja.dara.pt\/en\/produto\/meia-senhora-sem-punho-com-laco-atras\/","title":{"rendered":"Women&#8217;s Cuffless Socks W\/Lace Up Back"},"content":{"rendered":"<p>Women&#8217;s Cuffless Socks With Lace Up Back and without elastic for better blood circulation.<\/p>\n<p>&nbsp;<\/p>\n<p>Recommended for people with poor circulation, diabetes or problems with &#8220;swelling&#8221; in the legs.<\/p>","protected":false},"excerpt":{"rendered":"<p>Women&#8217;s Cuffless Socks With Lace Up Back and without elastic for better blood circulation. &nbsp;&#8230;<\/p>\n","protected":false},"featured_media":6756,"template":"","meta":{"_acf_changed":false,"inline_featured_image":false},"product_brand":[],"product_cat":[1384],"product_tag":[],"class_list":{"0":"post-2868","1":"product","2":"type-product","3":"status-publish","4":"has-post-thumbnail","6":"product_cat-meias-medicinais-meias","7":"pa_cor-cinza-claro","8":"pa_cor-cinza-escuro","9":"pa_cor-marinho","10":"pa_cor-preto","11":"pa_tipo-de-meia-tornozelo","13":"first","14":"instock","15":"taxable","16":"shipping-taxable","17":"purchasable","18":"product-type-variable","19":"has-default-attributes"},"acf":[],"yoast_head":"<!-- This site is optimized with the Yoast SEO plugin v27.2 - https:\/\/yoast.com\/product\/yoast-seo-wordpress\/ -->\n<title>Women&#039;s Cuffless Socks W\/Lace Up Back - Dara<\/title>\n<meta name=\"description\" content=\"Meia sem punho com la\u00e7o atr\u00e1s e sem el\u00e1stico.\u00a0Indicado para pessoas com m\u00e1 circula\u00e7\u00e3o, diab\u00e9ticas ou com problemas de \u201cincha\u00e7os\u201d nas pernas.\u00a0\" \/>\n<meta name=\"robots\" content=\"index, follow, max-snippet:-1, max-image-preview:large, max-video-preview:-1\" \/>\n<link rel=\"canonical\" href=\"https:\/\/loja.dara.pt\/en\/produto\/meia-senhora-sem-punho-com-laco-atras\/\" \/>\n<meta property=\"og:locale\" content=\"en_US\" \/>\n<meta property=\"og:type\" content=\"article\" \/>\n<meta property=\"og:title\" content=\"Women&#039;s Cuffless Socks W\/Lace Up Back - Dara\" \/>\n<meta property=\"og:description\" content=\"Meia sem punho com la\u00e7o atr\u00e1s e sem el\u00e1stico.\u00a0Indicado para pessoas com m\u00e1 circula\u00e7\u00e3o, diab\u00e9ticas ou com problemas de \u201cincha\u00e7os\u201d nas pernas.\u00a0\" \/>\n<meta property=\"og:url\" content=\"https:\/\/loja.dara.pt\/produto\/meia-senhora-sem-punho-com-laco-atras\/\" \/>\n<meta property=\"og:site_name\" content=\"Dara\" \/>\n<meta property=\"article:publisher\" content=\"https:\/\/www.facebook.com\/My.Dara.International\" \/>\n<meta property=\"article:modified_time\" content=\"2025-09-03T14:17:56+00:00\" \/>\n<meta property=\"og:image\" content=\"https:\/\/loja.dara.pt\/wp-content\/uploads\/2021\/05\/PG1224_1.jpg\" \/>\n\t<meta property=\"og:image:width\" content=\"1400\" \/>\n\t<meta property=\"og:image:height\" content=\"1900\" \/>\n\t<meta property=\"og:image:type\" content=\"image\/jpeg\" \/>\n<meta name=\"twitter:card\" content=\"summary_large_image\" \/>\n<meta name=\"twitter:site\" content=\"@MyDaraInt\" \/>\n<meta name=\"twitter:label1\" content=\"Est. reading time\" \/>\n\t<meta name=\"twitter:data1\" content=\"1 minute\" \/>\n<script type=\"application\/ld+json\" class=\"yoast-schema-graph\">{\"@context\":\"https:\/\/schema.org\",\"@graph\":[{\"@type\":\"WebPage\",\"@id\":\"https:\/\/loja.dara.pt\/produto\/meia-senhora-sem-punho-com-laco-atras\/\",\"url\":\"https:\/\/loja.dara.pt\/produto\/meia-senhora-sem-punho-com-laco-atras\/\",\"name\":\"Women's Cuffless Socks W\/Lace Up Back - Dara\",\"isPartOf\":{\"@id\":\"https:\/\/loja.dara.pt\/#website\"},\"primaryImageOfPage\":{\"@id\":\"https:\/\/loja.dara.pt\/produto\/meia-senhora-sem-punho-com-laco-atras\/#primaryimage\"},\"image\":{\"@id\":\"https:\/\/loja.dara.pt\/produto\/meia-senhora-sem-punho-com-laco-atras\/#primaryimage\"},\"thumbnailUrl\":\"https:\/\/loja.dara.pt\/wp-content\/uploads\/2021\/05\/PG1224_1.jpg\",\"datePublished\":\"2021-05-31T14:38:28+00:00\",\"dateModified\":\"2025-09-03T14:17:56+00:00\",\"description\":\"Meia sem punho com la\u00e7o atr\u00e1s e sem el\u00e1stico.\u00a0Indicado para pessoas com m\u00e1 circula\u00e7\u00e3o, diab\u00e9ticas ou com problemas de \u201cincha\u00e7os\u201d nas pernas.\u00a0\",\"breadcrumb\":{\"@id\":\"https:\/\/loja.dara.pt\/produto\/meia-senhora-sem-punho-com-laco-atras\/#breadcrumb\"},\"inLanguage\":\"en-US\",\"potentialAction\":[{\"@type\":\"ReadAction\",\"target\":[\"https:\/\/loja.dara.pt\/produto\/meia-senhora-sem-punho-com-laco-atras\/\"]}]},{\"@type\":\"ImageObject\",\"inLanguage\":\"en-US\",\"@id\":\"https:\/\/loja.dara.pt\/produto\/meia-senhora-sem-punho-com-laco-atras\/#primaryimage\",\"url\":\"https:\/\/loja.dara.pt\/wp-content\/uploads\/2021\/05\/PG1224_1.jpg\",\"contentUrl\":\"https:\/\/loja.dara.pt\/wp-content\/uploads\/2021\/05\/PG1224_1.jpg\",\"width\":1400,\"height\":1900,\"caption\":\"Meia Sem Punho La\u00e7o Cinza Escuro\"},{\"@type\":\"BreadcrumbList\",\"@id\":\"https:\/\/loja.dara.pt\/produto\/meia-senhora-sem-punho-com-laco-atras\/#breadcrumb\",\"itemListElement\":[{\"@type\":\"ListItem\",\"position\":1,\"name\":\"Home\",\"item\":\"https:\/\/loja.dara.pt\/\"},{\"@type\":\"ListItem\",\"position\":2,\"name\":\"Loja\",\"item\":\"https:\/\/loja.dara.pt\/loja\/\"},{\"@type\":\"ListItem\",\"position\":3,\"name\":\"Meia Sem Punho com La\u00e7o Atr\u00e1s\"}]},{\"@type\":\"WebSite\",\"@id\":\"https:\/\/loja.dara.pt\/#website\",\"url\":\"https:\/\/loja.dara.pt\/\",\"name\":\"Loja Dara\",\"description\":\"My Dara International, LDA especialistas em meias, pe\u00fagas e collants\",\"publisher\":{\"@id\":\"https:\/\/loja.dara.pt\/#organization\"},\"alternateName\":\"Dara\",\"potentialAction\":[{\"@type\":\"SearchAction\",\"target\":{\"@type\":\"EntryPoint\",\"urlTemplate\":\"https:\/\/loja.dara.pt\/?s={search_term_string}\"},\"query-input\":{\"@type\":\"PropertyValueSpecification\",\"valueRequired\":true,\"valueName\":\"search_term_string\"}}],\"inLanguage\":\"en-US\"},{\"@type\":\"Organization\",\"@id\":\"https:\/\/loja.dara.pt\/#organization\",\"name\":\"My Dara International, LDA\",\"url\":\"https:\/\/loja.dara.pt\/\",\"logo\":{\"@type\":\"ImageObject\",\"inLanguage\":\"en-US\",\"@id\":\"https:\/\/loja.dara.pt\/#\/schema\/logo\/image\/\",\"url\":\"https:\/\/loja.dara.pt\/wp-content\/uploads\/2023\/09\/Logo.jpg\",\"contentUrl\":\"https:\/\/loja.dara.pt\/wp-content\/uploads\/2023\/09\/Logo.jpg\",\"width\":300,\"height\":300,\"caption\":\"My Dara International, LDA\"},\"image\":{\"@id\":\"https:\/\/loja.dara.pt\/#\/schema\/logo\/image\/\"},\"sameAs\":[\"https:\/\/www.facebook.com\/My.Dara.International\",\"https:\/\/x.com\/MyDaraInt\",\"https:\/\/www.linkedin.com\/company\/my-dara-international-lda\",\"https:\/\/www.instagram.com\/mydarainternational\"]}]}<\/script>\n<!-- \/ Yoast SEO plugin. -->","yoast_head_json":{"title":"Women's Cuffless Socks W\/Lace Up Back - Dara","description":"Meia sem punho com la\u00e7o atr\u00e1s e sem el\u00e1stico.\u00a0Indicado para pessoas com m\u00e1 circula\u00e7\u00e3o, diab\u00e9ticas ou com problemas de \u201cincha\u00e7os\u201d nas pernas.\u00a0","robots":{"index":"index","follow":"follow","max-snippet":"max-snippet:-1","max-image-preview":"max-image-preview:large","max-video-preview":"max-video-preview:-1"},"canonical":"https:\/\/loja.dara.pt\/en\/produto\/meia-senhora-sem-punho-com-laco-atras\/","og_locale":"en_US","og_type":"article","og_title":"Women's Cuffless Socks W\/Lace Up Back - Dara","og_description":"Meia sem punho com la\u00e7o atr\u00e1s e sem el\u00e1stico.\u00a0Indicado para pessoas com m\u00e1 circula\u00e7\u00e3o, diab\u00e9ticas ou com problemas de \u201cincha\u00e7os\u201d nas pernas.\u00a0","og_url":"https:\/\/loja.dara.pt\/produto\/meia-senhora-sem-punho-com-laco-atras\/","og_site_name":"Dara","article_publisher":"https:\/\/www.facebook.com\/My.Dara.International","article_modified_time":"2025-09-03T14:17:56+00:00","og_image":[{"width":1400,"height":1900,"url":"https:\/\/loja.dara.pt\/wp-content\/uploads\/2021\/05\/PG1224_1.jpg","type":"image\/jpeg"}],"twitter_card":"summary_large_image","twitter_site":"@MyDaraInt","twitter_misc":{"Est. reading time":"1 minute"},"schema":{"@context":"https:\/\/schema.org","@graph":[{"@type":"WebPage","@id":"https:\/\/loja.dara.pt\/produto\/meia-senhora-sem-punho-com-laco-atras\/","url":"https:\/\/loja.dara.pt\/produto\/meia-senhora-sem-punho-com-laco-atras\/","name":"Women's Cuffless Socks W\/Lace Up Back - Dara","isPartOf":{"@id":"https:\/\/loja.dara.pt\/#website"},"primaryImageOfPage":{"@id":"https:\/\/loja.dara.pt\/produto\/meia-senhora-sem-punho-com-laco-atras\/#primaryimage"},"image":{"@id":"https:\/\/loja.dara.pt\/produto\/meia-senhora-sem-punho-com-laco-atras\/#primaryimage"},"thumbnailUrl":"https:\/\/loja.dara.pt\/wp-content\/uploads\/2021\/05\/PG1224_1.jpg","datePublished":"2021-05-31T14:38:28+00:00","dateModified":"2025-09-03T14:17:56+00:00","description":"Meia sem punho com la\u00e7o atr\u00e1s e sem el\u00e1stico.\u00a0Indicado para pessoas com m\u00e1 circula\u00e7\u00e3o, diab\u00e9ticas ou com problemas de \u201cincha\u00e7os\u201d nas pernas.\u00a0","breadcrumb":{"@id":"https:\/\/loja.dara.pt\/produto\/meia-senhora-sem-punho-com-laco-atras\/#breadcrumb"},"inLanguage":"en-US","potentialAction":[{"@type":"ReadAction","target":["https:\/\/loja.dara.pt\/produto\/meia-senhora-sem-punho-com-laco-atras\/"]}]},{"@type":"ImageObject","inLanguage":"en-US","@id":"https:\/\/loja.dara.pt\/produto\/meia-senhora-sem-punho-com-laco-atras\/#primaryimage","url":"https:\/\/loja.dara.pt\/wp-content\/uploads\/2021\/05\/PG1224_1.jpg","contentUrl":"https:\/\/loja.dara.pt\/wp-content\/uploads\/2021\/05\/PG1224_1.jpg","width":1400,"height":1900,"caption":"Meia Sem Punho La\u00e7o Cinza Escuro"},{"@type":"BreadcrumbList","@id":"https:\/\/loja.dara.pt\/produto\/meia-senhora-sem-punho-com-laco-atras\/#breadcrumb","itemListElement":[{"@type":"ListItem","position":1,"name":"Home","item":"https:\/\/loja.dara.pt\/"},{"@type":"ListItem","position":2,"name":"Loja","item":"https:\/\/loja.dara.pt\/loja\/"},{"@type":"ListItem","position":3,"name":"Meia Sem Punho com La\u00e7o Atr\u00e1s"}]},{"@type":"WebSite","@id":"https:\/\/loja.dara.pt\/#website","url":"https:\/\/loja.dara.pt\/","name":"Loja Dara","description":"My Dara International, LDA especialistas em meias, pe\u00fagas e collants","publisher":{"@id":"https:\/\/loja.dara.pt\/#organization"},"alternateName":"Dara","potentialAction":[{"@type":"SearchAction","target":{"@type":"EntryPoint","urlTemplate":"https:\/\/loja.dara.pt\/?s={search_term_string}"},"query-input":{"@type":"PropertyValueSpecification","valueRequired":true,"valueName":"search_term_string"}}],"inLanguage":"en-US"},{"@type":"Organization","@id":"https:\/\/loja.dara.pt\/#organization","name":"My Dara International, LDA","url":"https:\/\/loja.dara.pt\/","logo":{"@type":"ImageObject","inLanguage":"en-US","@id":"https:\/\/loja.dara.pt\/#\/schema\/logo\/image\/","url":"https:\/\/loja.dara.pt\/wp-content\/uploads\/2023\/09\/Logo.jpg","contentUrl":"https:\/\/loja.dara.pt\/wp-content\/uploads\/2023\/09\/Logo.jpg","width":300,"height":300,"caption":"My Dara International, LDA"},"image":{"@id":"https:\/\/loja.dara.pt\/#\/schema\/logo\/image\/"},"sameAs":["https:\/\/www.facebook.com\/My.Dara.International","https:\/\/x.com\/MyDaraInt","https:\/\/www.linkedin.com\/company\/my-dara-international-lda","https:\/\/www.instagram.com\/mydarainternational"]}]}},"_links":{"self":[{"href":"https:\/\/loja.dara.pt\/en\/wp-json\/wp\/v2\/product\/2868","targetHints":{"allow":["GET"]}}],"collection":[{"href":"https:\/\/loja.dara.pt\/en\/wp-json\/wp\/v2\/product"}],"about":[{"href":"https:\/\/loja.dara.pt\/en\/wp-json\/wp\/v2\/types\/product"}],"wp:featuredmedia":[{"embeddable":true,"href":"https:\/\/loja.dara.pt\/en\/wp-json\/wp\/v2\/media\/6756"}],"wp:attachment":[{"href":"https:\/\/loja.dara.pt\/en\/wp-json\/wp\/v2\/media?parent=2868"}],"wp:term":[{"taxonomy":"product_brand","embeddable":true,"href":"https:\/\/loja.dara.pt\/en\/wp-json\/wp\/v2\/product_brand?post=2868"},{"taxonomy":"product_cat","embeddable":true,"href":"https:\/\/loja.dara.pt\/en\/wp-json\/wp\/v2\/product_cat?post=2868"},{"taxonomy":"product_tag","embeddable":true,"href":"https:\/\/loja.dara.pt\/en\/wp-json\/wp\/v2\/product_tag?post=2868"}],"curies":[{"name":"wp","href":"https:\/\/api.w.org\/{rel}","templated":true}]}}