{"id":4684,"date":"2021-08-24T11:19:29","date_gmt":"2021-08-24T10:19:29","guid":{"rendered":"https:\/\/loja.dara.pt\/?post_type=product&#038;p=4684"},"modified":"2025-07-18T11:27:04","modified_gmt":"2025-07-18T10:27:04","slug":"meia-bebe-alta-c-virola","status":"publish","type":"product","link":"https:\/\/loja.dara.pt\/en\/produto\/meia-bebe-alta-c-virola\/","title":{"rendered":"High Sock with Ferrule &#8211; 2 Pairs"},"content":{"rendered":"<p><\/p>\n<pre id=\"tw-target-text\" class=\"tw-data-text tw-text-large tw-ta\" dir=\"ltr\" data-placeholder=\"Tradu\u00e7\u00e3o\"><span class=\"Y2IQFc\" lang=\"en\">High sock with ferrule for newborn baby. \r\n<\/span><\/pre>\n<p><\/p>","protected":false},"excerpt":{"rendered":"<p>High sock with ferrule for newborn baby.<\/p>\n","protected":false},"featured_media":10422,"template":"","meta":{"_acf_changed":false,"inline_featured_image":false},"product_brand":[],"product_cat":[88],"product_tag":[],"class_list":{"0":"post-4684","1":"product","2":"type-product","3":"status-publish","4":"has-post-thumbnail","6":"product_cat-meias-altas-meias-baby","7":"pa_caracteristicas-nao-magoa-na-biqueira","8":"pa_cor-amarelo-torrado","9":"pa_cor-bege","10":"pa_cor-bordeaux","11":"pa_cor-castanho","12":"pa_cor-cinza","13":"pa_cor-cinza-escuro","14":"pa_cor-marinho","15":"pa_cor-rosa-bebe","16":"pa_cor-rosa-velho","17":"pa_cor-verde-agua","18":"pa_cor-verde-escuro","19":"pa_cor-vermelho","20":"pa_tipo-de-meia-abaixo-joelho","22":"first","23":"instock","24":"taxable","25":"shipping-taxable","26":"purchasable","27":"product-type-variable"},"acf":[],"yoast_head":"<!-- This site is optimized with the Yoast SEO plugin v27.2 - https:\/\/yoast.com\/product\/yoast-seo-wordpress\/ -->\n<title>High Sock with Ferrule - 2 Pairs - Dara<\/title>\n<meta name=\"description\" content=\"Meia alta com virola para beb\u00e9 rec\u00e9m nascido. Meia alta com virola para beb\u00e9 rec\u00e9m nascido sem costura na biqueira para um melhor conforto.\" \/>\n<meta name=\"robots\" content=\"index, follow, max-snippet:-1, max-image-preview:large, max-video-preview:-1\" \/>\n<link rel=\"canonical\" href=\"https:\/\/loja.dara.pt\/en\/produto\/meia-bebe-alta-c-virola\/\" \/>\n<meta property=\"og:locale\" content=\"en_US\" \/>\n<meta property=\"og:type\" content=\"article\" \/>\n<meta property=\"og:title\" content=\"High Sock with Ferrule - 2 Pairs - Dara\" \/>\n<meta property=\"og:description\" content=\"Meia alta com virola para beb\u00e9 rec\u00e9m nascido. Meia alta com virola para beb\u00e9 rec\u00e9m nascido sem costura na biqueira para um melhor conforto.\" \/>\n<meta property=\"og:url\" content=\"https:\/\/loja.dara.pt\/produto\/meia-bebe-alta-c-virola\/\" \/>\n<meta property=\"og:site_name\" content=\"Dara\" \/>\n<meta property=\"article:publisher\" content=\"https:\/\/www.facebook.com\/My.Dara.International\" \/>\n<meta property=\"article:modified_time\" content=\"2025-07-18T10:27:04+00:00\" \/>\n<meta property=\"og:image\" content=\"https:\/\/loja.dara.pt\/wp-content\/uploads\/2025\/05\/PG1252_0003_Rosa-Claro.jpg\" \/>\n\t<meta property=\"og:image:width\" content=\"1400\" \/>\n\t<meta property=\"og:image:height\" content=\"1900\" \/>\n\t<meta property=\"og:image:type\" content=\"image\/jpeg\" \/>\n<meta name=\"twitter:card\" content=\"summary_large_image\" \/>\n<meta name=\"twitter:site\" content=\"@MyDaraInt\" \/>\n<meta name=\"twitter:label1\" content=\"Est. reading time\" \/>\n\t<meta name=\"twitter:data1\" content=\"1 minute\" \/>\n<script type=\"application\/ld+json\" class=\"yoast-schema-graph\">{\"@context\":\"https:\/\/schema.org\",\"@graph\":[{\"@type\":\"WebPage\",\"@id\":\"https:\/\/loja.dara.pt\/produto\/meia-bebe-alta-c-virola\/\",\"url\":\"https:\/\/loja.dara.pt\/produto\/meia-bebe-alta-c-virola\/\",\"name\":\"High Sock with Ferrule - 2 Pairs - Dara\",\"isPartOf\":{\"@id\":\"https:\/\/loja.dara.pt\/#website\"},\"primaryImageOfPage\":{\"@id\":\"https:\/\/loja.dara.pt\/produto\/meia-bebe-alta-c-virola\/#primaryimage\"},\"image\":{\"@id\":\"https:\/\/loja.dara.pt\/produto\/meia-bebe-alta-c-virola\/#primaryimage\"},\"thumbnailUrl\":\"https:\/\/loja.dara.pt\/wp-content\/uploads\/2025\/05\/PG1252_0003_Rosa-Claro.jpg\",\"datePublished\":\"2021-08-24T10:19:29+00:00\",\"dateModified\":\"2025-07-18T10:27:04+00:00\",\"description\":\"Meia alta com virola para beb\u00e9 rec\u00e9m nascido. Meia alta com virola para beb\u00e9 rec\u00e9m nascido sem costura na biqueira para um melhor conforto.\",\"breadcrumb\":{\"@id\":\"https:\/\/loja.dara.pt\/produto\/meia-bebe-alta-c-virola\/#breadcrumb\"},\"inLanguage\":\"en-US\",\"potentialAction\":[{\"@type\":\"ReadAction\",\"target\":[\"https:\/\/loja.dara.pt\/produto\/meia-bebe-alta-c-virola\/\"]}]},{\"@type\":\"ImageObject\",\"inLanguage\":\"en-US\",\"@id\":\"https:\/\/loja.dara.pt\/produto\/meia-bebe-alta-c-virola\/#primaryimage\",\"url\":\"https:\/\/loja.dara.pt\/wp-content\/uploads\/2025\/05\/PG1252_0003_Rosa-Claro.jpg\",\"contentUrl\":\"https:\/\/loja.dara.pt\/wp-content\/uploads\/2025\/05\/PG1252_0003_Rosa-Claro.jpg\",\"width\":1400,\"height\":1900,\"caption\":\"Meia Alta com Virola Rosa Beb\u00e9\"},{\"@type\":\"BreadcrumbList\",\"@id\":\"https:\/\/loja.dara.pt\/produto\/meia-bebe-alta-c-virola\/#breadcrumb\",\"itemListElement\":[{\"@type\":\"ListItem\",\"position\":1,\"name\":\"Home\",\"item\":\"https:\/\/loja.dara.pt\/\"},{\"@type\":\"ListItem\",\"position\":2,\"name\":\"Loja\",\"item\":\"https:\/\/loja.dara.pt\/loja\/\"},{\"@type\":\"ListItem\",\"position\":3,\"name\":\"Meia Alta com Virola &#8211; 2 Pares\"}]},{\"@type\":\"WebSite\",\"@id\":\"https:\/\/loja.dara.pt\/#website\",\"url\":\"https:\/\/loja.dara.pt\/\",\"name\":\"Loja Dara\",\"description\":\"My Dara International, LDA especialistas em meias, pe\u00fagas e collants\",\"publisher\":{\"@id\":\"https:\/\/loja.dara.pt\/#organization\"},\"alternateName\":\"Dara\",\"potentialAction\":[{\"@type\":\"SearchAction\",\"target\":{\"@type\":\"EntryPoint\",\"urlTemplate\":\"https:\/\/loja.dara.pt\/?s={search_term_string}\"},\"query-input\":{\"@type\":\"PropertyValueSpecification\",\"valueRequired\":true,\"valueName\":\"search_term_string\"}}],\"inLanguage\":\"en-US\"},{\"@type\":\"Organization\",\"@id\":\"https:\/\/loja.dara.pt\/#organization\",\"name\":\"My Dara International, LDA\",\"url\":\"https:\/\/loja.dara.pt\/\",\"logo\":{\"@type\":\"ImageObject\",\"inLanguage\":\"en-US\",\"@id\":\"https:\/\/loja.dara.pt\/#\/schema\/logo\/image\/\",\"url\":\"https:\/\/loja.dara.pt\/wp-content\/uploads\/2023\/09\/Logo.jpg\",\"contentUrl\":\"https:\/\/loja.dara.pt\/wp-content\/uploads\/2023\/09\/Logo.jpg\",\"width\":300,\"height\":300,\"caption\":\"My Dara International, LDA\"},\"image\":{\"@id\":\"https:\/\/loja.dara.pt\/#\/schema\/logo\/image\/\"},\"sameAs\":[\"https:\/\/www.facebook.com\/My.Dara.International\",\"https:\/\/x.com\/MyDaraInt\",\"https:\/\/www.linkedin.com\/company\/my-dara-international-lda\",\"https:\/\/www.instagram.com\/mydarainternational\"]}]}<\/script>\n<!-- \/ Yoast SEO plugin. -->","yoast_head_json":{"title":"High Sock with Ferrule - 2 Pairs - Dara","description":"Meia alta com virola para beb\u00e9 rec\u00e9m nascido. Meia alta com virola para beb\u00e9 rec\u00e9m nascido sem costura na biqueira para um melhor conforto.","robots":{"index":"index","follow":"follow","max-snippet":"max-snippet:-1","max-image-preview":"max-image-preview:large","max-video-preview":"max-video-preview:-1"},"canonical":"https:\/\/loja.dara.pt\/en\/produto\/meia-bebe-alta-c-virola\/","og_locale":"en_US","og_type":"article","og_title":"High Sock with Ferrule - 2 Pairs - Dara","og_description":"Meia alta com virola para beb\u00e9 rec\u00e9m nascido. Meia alta com virola para beb\u00e9 rec\u00e9m nascido sem costura na biqueira para um melhor conforto.","og_url":"https:\/\/loja.dara.pt\/produto\/meia-bebe-alta-c-virola\/","og_site_name":"Dara","article_publisher":"https:\/\/www.facebook.com\/My.Dara.International","article_modified_time":"2025-07-18T10:27:04+00:00","og_image":[{"width":1400,"height":1900,"url":"https:\/\/loja.dara.pt\/wp-content\/uploads\/2025\/05\/PG1252_0003_Rosa-Claro.jpg","type":"image\/jpeg"}],"twitter_card":"summary_large_image","twitter_site":"@MyDaraInt","twitter_misc":{"Est. reading time":"1 minute"},"schema":{"@context":"https:\/\/schema.org","@graph":[{"@type":"WebPage","@id":"https:\/\/loja.dara.pt\/produto\/meia-bebe-alta-c-virola\/","url":"https:\/\/loja.dara.pt\/produto\/meia-bebe-alta-c-virola\/","name":"High Sock with Ferrule - 2 Pairs - Dara","isPartOf":{"@id":"https:\/\/loja.dara.pt\/#website"},"primaryImageOfPage":{"@id":"https:\/\/loja.dara.pt\/produto\/meia-bebe-alta-c-virola\/#primaryimage"},"image":{"@id":"https:\/\/loja.dara.pt\/produto\/meia-bebe-alta-c-virola\/#primaryimage"},"thumbnailUrl":"https:\/\/loja.dara.pt\/wp-content\/uploads\/2025\/05\/PG1252_0003_Rosa-Claro.jpg","datePublished":"2021-08-24T10:19:29+00:00","dateModified":"2025-07-18T10:27:04+00:00","description":"Meia alta com virola para beb\u00e9 rec\u00e9m nascido. Meia alta com virola para beb\u00e9 rec\u00e9m nascido sem costura na biqueira para um melhor conforto.","breadcrumb":{"@id":"https:\/\/loja.dara.pt\/produto\/meia-bebe-alta-c-virola\/#breadcrumb"},"inLanguage":"en-US","potentialAction":[{"@type":"ReadAction","target":["https:\/\/loja.dara.pt\/produto\/meia-bebe-alta-c-virola\/"]}]},{"@type":"ImageObject","inLanguage":"en-US","@id":"https:\/\/loja.dara.pt\/produto\/meia-bebe-alta-c-virola\/#primaryimage","url":"https:\/\/loja.dara.pt\/wp-content\/uploads\/2025\/05\/PG1252_0003_Rosa-Claro.jpg","contentUrl":"https:\/\/loja.dara.pt\/wp-content\/uploads\/2025\/05\/PG1252_0003_Rosa-Claro.jpg","width":1400,"height":1900,"caption":"Meia Alta com Virola Rosa Beb\u00e9"},{"@type":"BreadcrumbList","@id":"https:\/\/loja.dara.pt\/produto\/meia-bebe-alta-c-virola\/#breadcrumb","itemListElement":[{"@type":"ListItem","position":1,"name":"Home","item":"https:\/\/loja.dara.pt\/"},{"@type":"ListItem","position":2,"name":"Loja","item":"https:\/\/loja.dara.pt\/loja\/"},{"@type":"ListItem","position":3,"name":"Meia Alta com Virola &#8211; 2 Pares"}]},{"@type":"WebSite","@id":"https:\/\/loja.dara.pt\/#website","url":"https:\/\/loja.dara.pt\/","name":"Loja Dara","description":"My Dara International, LDA especialistas em meias, pe\u00fagas e collants","publisher":{"@id":"https:\/\/loja.dara.pt\/#organization"},"alternateName":"Dara","potentialAction":[{"@type":"SearchAction","target":{"@type":"EntryPoint","urlTemplate":"https:\/\/loja.dara.pt\/?s={search_term_string}"},"query-input":{"@type":"PropertyValueSpecification","valueRequired":true,"valueName":"search_term_string"}}],"inLanguage":"en-US"},{"@type":"Organization","@id":"https:\/\/loja.dara.pt\/#organization","name":"My Dara International, LDA","url":"https:\/\/loja.dara.pt\/","logo":{"@type":"ImageObject","inLanguage":"en-US","@id":"https:\/\/loja.dara.pt\/#\/schema\/logo\/image\/","url":"https:\/\/loja.dara.pt\/wp-content\/uploads\/2023\/09\/Logo.jpg","contentUrl":"https:\/\/loja.dara.pt\/wp-content\/uploads\/2023\/09\/Logo.jpg","width":300,"height":300,"caption":"My Dara International, LDA"},"image":{"@id":"https:\/\/loja.dara.pt\/#\/schema\/logo\/image\/"},"sameAs":["https:\/\/www.facebook.com\/My.Dara.International","https:\/\/x.com\/MyDaraInt","https:\/\/www.linkedin.com\/company\/my-dara-international-lda","https:\/\/www.instagram.com\/mydarainternational"]}]}},"_links":{"self":[{"href":"https:\/\/loja.dara.pt\/en\/wp-json\/wp\/v2\/product\/4684","targetHints":{"allow":["GET"]}}],"collection":[{"href":"https:\/\/loja.dara.pt\/en\/wp-json\/wp\/v2\/product"}],"about":[{"href":"https:\/\/loja.dara.pt\/en\/wp-json\/wp\/v2\/types\/product"}],"wp:featuredmedia":[{"embeddable":true,"href":"https:\/\/loja.dara.pt\/en\/wp-json\/wp\/v2\/media\/10422"}],"wp:attachment":[{"href":"https:\/\/loja.dara.pt\/en\/wp-json\/wp\/v2\/media?parent=4684"}],"wp:term":[{"taxonomy":"product_brand","embeddable":true,"href":"https:\/\/loja.dara.pt\/en\/wp-json\/wp\/v2\/product_brand?post=4684"},{"taxonomy":"product_cat","embeddable":true,"href":"https:\/\/loja.dara.pt\/en\/wp-json\/wp\/v2\/product_cat?post=4684"},{"taxonomy":"product_tag","embeddable":true,"href":"https:\/\/loja.dara.pt\/en\/wp-json\/wp\/v2\/product_tag?post=4684"}],"curies":[{"name":"wp","href":"https:\/\/api.w.org\/{rel}","templated":true}]}}