{"id":6481,"date":"2023-09-22T11:44:24","date_gmt":"2023-09-22T10:44:24","guid":{"rendered":"https:\/\/loja.dara.pt\/?post_type=product&#038;p=6481"},"modified":"2025-08-07T08:41:47","modified_gmt":"2025-08-07T07:41:47","slug":"peuga-desporto-com-riscas","status":"publish","type":"product","link":"https:\/\/loja.dara.pt\/en\/produto\/peuga-desporto-com-riscas\/","title":{"rendered":"Sports Socks with Stripes"},"content":{"rendered":"<p>Sports socks with elastic band, seamless on the toecap.<\/p>\n<p>&nbsp;<\/p>\n<p>Insole for greater comfort for your foot and helps absorb sweat.<\/p>","protected":false},"excerpt":{"rendered":"<p>Sports socks with elastic band, seamless on the toecap. &nbsp; Insole for greater comfort for&#8230;<\/p>\n","protected":false},"featured_media":8725,"template":"","meta":{"_acf_changed":false,"inline_featured_image":false},"product_brand":[],"product_cat":[61,26,77],"product_tag":[],"class_list":{"0":"post-6481","1":"product","2":"type-product","3":"status-publish","4":"has-post-thumbnail","6":"product_cat-meias-altas-meias-man","7":"product_cat-meias-altas","8":"product_cat-meias-altas-meias-kids","9":"pa_caracteristicas-nao-magoa-na-biqueira","10":"pa_cor-azulclaro-branco","11":"pa_cor-branco","12":"pa_cor-branco-azulclaro","13":"pa_cor-branco-azulporto","14":"pa_cor-branco-lilas","15":"pa_cor-branco-preto","16":"pa_cor-branco-rosa-2","17":"pa_cor-branco-verde","18":"pa_cor-branco-vermelho","19":"pa_cor-cinza","20":"pa_cor-cinza-branco","21":"pa_cor-rosa-branco-2","22":"pa_tipo-de-meia-meio-da-barriga-da-perna","24":"first","25":"instock","26":"taxable","27":"shipping-taxable","28":"purchasable","29":"product-type-variable"},"acf":[],"yoast_head":"<!-- This site is optimized with the Yoast SEO plugin v27.2 - https:\/\/yoast.com\/product\/yoast-seo-wordpress\/ -->\n<title>Sports Socks with Stripes - Dara<\/title>\n<meta name=\"description\" content=\"Pe\u00faga de desporto com banda el\u00e1stica, sem costura na biqueira. Palmilhada para um maior conforto do seu p\u00e9 e que ajuda na absor\u00e7\u00e3o de suor.\" \/>\n<meta name=\"robots\" content=\"index, follow, max-snippet:-1, max-image-preview:large, max-video-preview:-1\" \/>\n<link rel=\"canonical\" href=\"https:\/\/loja.dara.pt\/en\/produto\/peuga-desporto-com-riscas\/\" \/>\n<meta property=\"og:locale\" content=\"en_US\" \/>\n<meta property=\"og:type\" content=\"article\" \/>\n<meta property=\"og:title\" content=\"Sports Socks with Stripes - Dara\" \/>\n<meta property=\"og:description\" content=\"Pe\u00faga de desporto com banda el\u00e1stica, sem costura na biqueira. Palmilhada para um maior conforto do seu p\u00e9 e que ajuda na absor\u00e7\u00e3o de suor.\" \/>\n<meta property=\"og:url\" content=\"https:\/\/loja.dara.pt\/produto\/peuga-desporto-com-riscas\/\" \/>\n<meta property=\"og:site_name\" content=\"Dara\" \/>\n<meta property=\"article:publisher\" content=\"https:\/\/www.facebook.com\/My.Dara.International\" \/>\n<meta property=\"article:modified_time\" content=\"2025-08-07T07:41:47+00:00\" \/>\n<meta property=\"og:image\" content=\"https:\/\/loja.dara.pt\/wp-content\/uploads\/2023\/09\/PG1264_Riscas-pretas.jpg\" \/>\n\t<meta property=\"og:image:width\" content=\"1400\" \/>\n\t<meta property=\"og:image:height\" content=\"1900\" \/>\n\t<meta property=\"og:image:type\" content=\"image\/jpeg\" \/>\n<meta name=\"twitter:card\" content=\"summary_large_image\" \/>\n<meta name=\"twitter:site\" content=\"@MyDaraInt\" \/>\n<meta name=\"twitter:label1\" content=\"Est. reading time\" \/>\n\t<meta name=\"twitter:data1\" content=\"1 minute\" \/>\n<script type=\"application\/ld+json\" class=\"yoast-schema-graph\">{\"@context\":\"https:\/\/schema.org\",\"@graph\":[{\"@type\":\"WebPage\",\"@id\":\"https:\/\/loja.dara.pt\/produto\/peuga-desporto-com-riscas\/\",\"url\":\"https:\/\/loja.dara.pt\/produto\/peuga-desporto-com-riscas\/\",\"name\":\"Sports Socks with Stripes - Dara\",\"isPartOf\":{\"@id\":\"https:\/\/loja.dara.pt\/#website\"},\"primaryImageOfPage\":{\"@id\":\"https:\/\/loja.dara.pt\/produto\/peuga-desporto-com-riscas\/#primaryimage\"},\"image\":{\"@id\":\"https:\/\/loja.dara.pt\/produto\/peuga-desporto-com-riscas\/#primaryimage\"},\"thumbnailUrl\":\"https:\/\/loja.dara.pt\/wp-content\/uploads\/2023\/09\/PG1264_Riscas-pretas.jpg\",\"datePublished\":\"2023-09-22T10:44:24+00:00\",\"dateModified\":\"2025-08-07T07:41:47+00:00\",\"description\":\"Pe\u00faga de desporto com banda el\u00e1stica, sem costura na biqueira. Palmilhada para um maior conforto do seu p\u00e9 e que ajuda na absor\u00e7\u00e3o de suor.\",\"breadcrumb\":{\"@id\":\"https:\/\/loja.dara.pt\/produto\/peuga-desporto-com-riscas\/#breadcrumb\"},\"inLanguage\":\"en-US\",\"potentialAction\":[{\"@type\":\"ReadAction\",\"target\":[\"https:\/\/loja.dara.pt\/produto\/peuga-desporto-com-riscas\/\"]}]},{\"@type\":\"ImageObject\",\"inLanguage\":\"en-US\",\"@id\":\"https:\/\/loja.dara.pt\/produto\/peuga-desporto-com-riscas\/#primaryimage\",\"url\":\"https:\/\/loja.dara.pt\/wp-content\/uploads\/2023\/09\/PG1264_Riscas-pretas.jpg\",\"contentUrl\":\"https:\/\/loja.dara.pt\/wp-content\/uploads\/2023\/09\/PG1264_Riscas-pretas.jpg\",\"width\":1400,\"height\":1900,\"caption\":\"Pe\u00faga Desporto com Riscas Branco\/Preto\"},{\"@type\":\"BreadcrumbList\",\"@id\":\"https:\/\/loja.dara.pt\/produto\/peuga-desporto-com-riscas\/#breadcrumb\",\"itemListElement\":[{\"@type\":\"ListItem\",\"position\":1,\"name\":\"Home\",\"item\":\"https:\/\/loja.dara.pt\/\"},{\"@type\":\"ListItem\",\"position\":2,\"name\":\"Loja\",\"item\":\"https:\/\/loja.dara.pt\/loja\/\"},{\"@type\":\"ListItem\",\"position\":3,\"name\":\"Pe\u00faga Desporto com Riscas\"}]},{\"@type\":\"WebSite\",\"@id\":\"https:\/\/loja.dara.pt\/#website\",\"url\":\"https:\/\/loja.dara.pt\/\",\"name\":\"Loja Dara\",\"description\":\"My Dara International, LDA especialistas em meias, pe\u00fagas e collants\",\"publisher\":{\"@id\":\"https:\/\/loja.dara.pt\/#organization\"},\"alternateName\":\"Dara\",\"potentialAction\":[{\"@type\":\"SearchAction\",\"target\":{\"@type\":\"EntryPoint\",\"urlTemplate\":\"https:\/\/loja.dara.pt\/?s={search_term_string}\"},\"query-input\":{\"@type\":\"PropertyValueSpecification\",\"valueRequired\":true,\"valueName\":\"search_term_string\"}}],\"inLanguage\":\"en-US\"},{\"@type\":\"Organization\",\"@id\":\"https:\/\/loja.dara.pt\/#organization\",\"name\":\"My Dara International, LDA\",\"url\":\"https:\/\/loja.dara.pt\/\",\"logo\":{\"@type\":\"ImageObject\",\"inLanguage\":\"en-US\",\"@id\":\"https:\/\/loja.dara.pt\/#\/schema\/logo\/image\/\",\"url\":\"https:\/\/loja.dara.pt\/wp-content\/uploads\/2023\/09\/Logo.jpg\",\"contentUrl\":\"https:\/\/loja.dara.pt\/wp-content\/uploads\/2023\/09\/Logo.jpg\",\"width\":300,\"height\":300,\"caption\":\"My Dara International, LDA\"},\"image\":{\"@id\":\"https:\/\/loja.dara.pt\/#\/schema\/logo\/image\/\"},\"sameAs\":[\"https:\/\/www.facebook.com\/My.Dara.International\",\"https:\/\/x.com\/MyDaraInt\",\"https:\/\/www.linkedin.com\/company\/my-dara-international-lda\",\"https:\/\/www.instagram.com\/mydarainternational\"]}]}<\/script>\n<!-- \/ Yoast SEO plugin. -->","yoast_head_json":{"title":"Sports Socks with Stripes - Dara","description":"Pe\u00faga de desporto com banda el\u00e1stica, sem costura na biqueira. Palmilhada para um maior conforto do seu p\u00e9 e que ajuda na absor\u00e7\u00e3o de suor.","robots":{"index":"index","follow":"follow","max-snippet":"max-snippet:-1","max-image-preview":"max-image-preview:large","max-video-preview":"max-video-preview:-1"},"canonical":"https:\/\/loja.dara.pt\/en\/produto\/peuga-desporto-com-riscas\/","og_locale":"en_US","og_type":"article","og_title":"Sports Socks with Stripes - Dara","og_description":"Pe\u00faga de desporto com banda el\u00e1stica, sem costura na biqueira. Palmilhada para um maior conforto do seu p\u00e9 e que ajuda na absor\u00e7\u00e3o de suor.","og_url":"https:\/\/loja.dara.pt\/produto\/peuga-desporto-com-riscas\/","og_site_name":"Dara","article_publisher":"https:\/\/www.facebook.com\/My.Dara.International","article_modified_time":"2025-08-07T07:41:47+00:00","og_image":[{"width":1400,"height":1900,"url":"https:\/\/loja.dara.pt\/wp-content\/uploads\/2023\/09\/PG1264_Riscas-pretas.jpg","type":"image\/jpeg"}],"twitter_card":"summary_large_image","twitter_site":"@MyDaraInt","twitter_misc":{"Est. reading time":"1 minute"},"schema":{"@context":"https:\/\/schema.org","@graph":[{"@type":"WebPage","@id":"https:\/\/loja.dara.pt\/produto\/peuga-desporto-com-riscas\/","url":"https:\/\/loja.dara.pt\/produto\/peuga-desporto-com-riscas\/","name":"Sports Socks with Stripes - Dara","isPartOf":{"@id":"https:\/\/loja.dara.pt\/#website"},"primaryImageOfPage":{"@id":"https:\/\/loja.dara.pt\/produto\/peuga-desporto-com-riscas\/#primaryimage"},"image":{"@id":"https:\/\/loja.dara.pt\/produto\/peuga-desporto-com-riscas\/#primaryimage"},"thumbnailUrl":"https:\/\/loja.dara.pt\/wp-content\/uploads\/2023\/09\/PG1264_Riscas-pretas.jpg","datePublished":"2023-09-22T10:44:24+00:00","dateModified":"2025-08-07T07:41:47+00:00","description":"Pe\u00faga de desporto com banda el\u00e1stica, sem costura na biqueira. Palmilhada para um maior conforto do seu p\u00e9 e que ajuda na absor\u00e7\u00e3o de suor.","breadcrumb":{"@id":"https:\/\/loja.dara.pt\/produto\/peuga-desporto-com-riscas\/#breadcrumb"},"inLanguage":"en-US","potentialAction":[{"@type":"ReadAction","target":["https:\/\/loja.dara.pt\/produto\/peuga-desporto-com-riscas\/"]}]},{"@type":"ImageObject","inLanguage":"en-US","@id":"https:\/\/loja.dara.pt\/produto\/peuga-desporto-com-riscas\/#primaryimage","url":"https:\/\/loja.dara.pt\/wp-content\/uploads\/2023\/09\/PG1264_Riscas-pretas.jpg","contentUrl":"https:\/\/loja.dara.pt\/wp-content\/uploads\/2023\/09\/PG1264_Riscas-pretas.jpg","width":1400,"height":1900,"caption":"Pe\u00faga Desporto com Riscas Branco\/Preto"},{"@type":"BreadcrumbList","@id":"https:\/\/loja.dara.pt\/produto\/peuga-desporto-com-riscas\/#breadcrumb","itemListElement":[{"@type":"ListItem","position":1,"name":"Home","item":"https:\/\/loja.dara.pt\/"},{"@type":"ListItem","position":2,"name":"Loja","item":"https:\/\/loja.dara.pt\/loja\/"},{"@type":"ListItem","position":3,"name":"Pe\u00faga Desporto com Riscas"}]},{"@type":"WebSite","@id":"https:\/\/loja.dara.pt\/#website","url":"https:\/\/loja.dara.pt\/","name":"Loja Dara","description":"My Dara International, LDA especialistas em meias, pe\u00fagas e collants","publisher":{"@id":"https:\/\/loja.dara.pt\/#organization"},"alternateName":"Dara","potentialAction":[{"@type":"SearchAction","target":{"@type":"EntryPoint","urlTemplate":"https:\/\/loja.dara.pt\/?s={search_term_string}"},"query-input":{"@type":"PropertyValueSpecification","valueRequired":true,"valueName":"search_term_string"}}],"inLanguage":"en-US"},{"@type":"Organization","@id":"https:\/\/loja.dara.pt\/#organization","name":"My Dara International, LDA","url":"https:\/\/loja.dara.pt\/","logo":{"@type":"ImageObject","inLanguage":"en-US","@id":"https:\/\/loja.dara.pt\/#\/schema\/logo\/image\/","url":"https:\/\/loja.dara.pt\/wp-content\/uploads\/2023\/09\/Logo.jpg","contentUrl":"https:\/\/loja.dara.pt\/wp-content\/uploads\/2023\/09\/Logo.jpg","width":300,"height":300,"caption":"My Dara International, LDA"},"image":{"@id":"https:\/\/loja.dara.pt\/#\/schema\/logo\/image\/"},"sameAs":["https:\/\/www.facebook.com\/My.Dara.International","https:\/\/x.com\/MyDaraInt","https:\/\/www.linkedin.com\/company\/my-dara-international-lda","https:\/\/www.instagram.com\/mydarainternational"]}]}},"_links":{"self":[{"href":"https:\/\/loja.dara.pt\/en\/wp-json\/wp\/v2\/product\/6481","targetHints":{"allow":["GET"]}}],"collection":[{"href":"https:\/\/loja.dara.pt\/en\/wp-json\/wp\/v2\/product"}],"about":[{"href":"https:\/\/loja.dara.pt\/en\/wp-json\/wp\/v2\/types\/product"}],"wp:featuredmedia":[{"embeddable":true,"href":"https:\/\/loja.dara.pt\/en\/wp-json\/wp\/v2\/media\/8725"}],"wp:attachment":[{"href":"https:\/\/loja.dara.pt\/en\/wp-json\/wp\/v2\/media?parent=6481"}],"wp:term":[{"taxonomy":"product_brand","embeddable":true,"href":"https:\/\/loja.dara.pt\/en\/wp-json\/wp\/v2\/product_brand?post=6481"},{"taxonomy":"product_cat","embeddable":true,"href":"https:\/\/loja.dara.pt\/en\/wp-json\/wp\/v2\/product_cat?post=6481"},{"taxonomy":"product_tag","embeddable":true,"href":"https:\/\/loja.dara.pt\/en\/wp-json\/wp\/v2\/product_tag?post=6481"}],"curies":[{"name":"wp","href":"https:\/\/api.w.org\/{rel}","templated":true}]}}