{"id":6545,"date":"2023-09-22T15:08:35","date_gmt":"2023-09-22T14:08:35","guid":{"rendered":"https:\/\/loja.dara.pt\/?post_type=product&#038;p=6545"},"modified":"2026-01-08T09:47:45","modified_gmt":"2026-01-08T09:47:45","slug":"soquete-palmilhado-neon","status":"publish","type":"product","link":"https:\/\/loja.dara.pt\/en\/produto\/soquete-palmilhado-neon\/","title":{"rendered":"Insole Neon Ankle Socks &#8211; 2 Pairs"},"content":{"rendered":"<p>Insole Neon Ankle socks, designed to provide cushioning and ensure well-being during long-lasting activities and physical work.<\/p>","protected":false},"excerpt":{"rendered":"<p>Insole Neon Ankle socks, designed to provide cushioning and ensure well-being during long-lasting activities and&#8230;<\/p>\n","protected":false},"featured_media":7934,"template":"","meta":{"_acf_changed":false,"inline_featured_image":false},"product_brand":[],"product_cat":[17,25,16],"product_tag":[],"class_list":{"0":"post-6545","1":"product","2":"type-product","3":"status-publish","4":"has-post-thumbnail","6":"product_cat-meias","7":"product_cat-meias-curtas","8":"product_cat-woman","9":"pa_cor-amarelo-fluorescente","10":"pa_cor-laranja-fluorescente","11":"pa_cor-rosa-fluorescente","12":"pa_cor-verde-fluorescente","13":"pa_tipo-de-meia-tornozelo","15":"first","16":"instock","17":"taxable","18":"shipping-taxable","19":"purchasable","20":"product-type-variable"},"acf":[],"yoast_head":"<!-- This site is optimized with the Yoast SEO plugin v27.2 - https:\/\/yoast.com\/product\/yoast-seo-wordpress\/ -->\n<title>Insole Neon Ankle Socks - 2 Pairs - Dara<\/title>\n<meta name=\"description\" content=\"Soquete Palmilhado Neon, preparado para proporcionar amortecimento e garantir o bem-estar em atividades de longa dura\u00e7\u00e3o e trabalho f\u00edsico.\" \/>\n<meta name=\"robots\" content=\"index, follow, max-snippet:-1, max-image-preview:large, max-video-preview:-1\" \/>\n<link rel=\"canonical\" href=\"https:\/\/loja.dara.pt\/en\/produto\/soquete-palmilhado-neon\/\" \/>\n<meta property=\"og:locale\" content=\"en_US\" \/>\n<meta property=\"og:type\" content=\"article\" \/>\n<meta property=\"og:title\" content=\"Insole Neon Ankle Socks - 2 Pairs - Dara\" \/>\n<meta property=\"og:description\" content=\"Soquete Palmilhado Neon, preparado para proporcionar amortecimento e garantir o bem-estar em atividades de longa dura\u00e7\u00e3o e trabalho f\u00edsico.\" \/>\n<meta property=\"og:url\" content=\"https:\/\/loja.dara.pt\/produto\/soquete-palmilhado-neon\/\" \/>\n<meta property=\"og:site_name\" content=\"Dara\" \/>\n<meta property=\"article:publisher\" content=\"https:\/\/www.facebook.com\/My.Dara.International\" \/>\n<meta property=\"article:modified_time\" content=\"2026-01-08T09:47:45+00:00\" \/>\n<meta property=\"og:image\" content=\"https:\/\/loja.dara.pt\/wp-content\/uploads\/2025\/01\/PG0938_ROSA.jpg\" \/>\n\t<meta property=\"og:image:width\" content=\"1400\" \/>\n\t<meta property=\"og:image:height\" content=\"1900\" \/>\n\t<meta property=\"og:image:type\" content=\"image\/jpeg\" \/>\n<meta name=\"twitter:card\" content=\"summary_large_image\" \/>\n<meta name=\"twitter:site\" content=\"@MyDaraInt\" \/>\n<meta name=\"twitter:label1\" content=\"Est. reading time\" \/>\n\t<meta name=\"twitter:data1\" content=\"1 minute\" \/>\n<script type=\"application\/ld+json\" class=\"yoast-schema-graph\">{\"@context\":\"https:\/\/schema.org\",\"@graph\":[{\"@type\":\"WebPage\",\"@id\":\"https:\/\/loja.dara.pt\/produto\/soquete-palmilhado-neon\/\",\"url\":\"https:\/\/loja.dara.pt\/produto\/soquete-palmilhado-neon\/\",\"name\":\"Insole Neon Ankle Socks - 2 Pairs - Dara\",\"isPartOf\":{\"@id\":\"https:\/\/loja.dara.pt\/#website\"},\"primaryImageOfPage\":{\"@id\":\"https:\/\/loja.dara.pt\/produto\/soquete-palmilhado-neon\/#primaryimage\"},\"image\":{\"@id\":\"https:\/\/loja.dara.pt\/produto\/soquete-palmilhado-neon\/#primaryimage\"},\"thumbnailUrl\":\"https:\/\/loja.dara.pt\/wp-content\/uploads\/2025\/01\/PG0938_ROSA.jpg\",\"datePublished\":\"2023-09-22T14:08:35+00:00\",\"dateModified\":\"2026-01-08T09:47:45+00:00\",\"description\":\"Soquete Palmilhado Neon, preparado para proporcionar amortecimento e garantir o bem-estar em atividades de longa dura\u00e7\u00e3o e trabalho f\u00edsico.\",\"breadcrumb\":{\"@id\":\"https:\/\/loja.dara.pt\/produto\/soquete-palmilhado-neon\/#breadcrumb\"},\"inLanguage\":\"en-US\",\"potentialAction\":[{\"@type\":\"ReadAction\",\"target\":[\"https:\/\/loja.dara.pt\/produto\/soquete-palmilhado-neon\/\"]}]},{\"@type\":\"ImageObject\",\"inLanguage\":\"en-US\",\"@id\":\"https:\/\/loja.dara.pt\/produto\/soquete-palmilhado-neon\/#primaryimage\",\"url\":\"https:\/\/loja.dara.pt\/wp-content\/uploads\/2025\/01\/PG0938_ROSA.jpg\",\"contentUrl\":\"https:\/\/loja.dara.pt\/wp-content\/uploads\/2025\/01\/PG0938_ROSA.jpg\",\"width\":1400,\"height\":1900,\"caption\":\"Soquete Palmilhado Neon Rosa\"},{\"@type\":\"BreadcrumbList\",\"@id\":\"https:\/\/loja.dara.pt\/produto\/soquete-palmilhado-neon\/#breadcrumb\",\"itemListElement\":[{\"@type\":\"ListItem\",\"position\":1,\"name\":\"Home\",\"item\":\"https:\/\/loja.dara.pt\/\"},{\"@type\":\"ListItem\",\"position\":2,\"name\":\"Loja\",\"item\":\"https:\/\/loja.dara.pt\/loja\/\"},{\"@type\":\"ListItem\",\"position\":3,\"name\":\"Soquete Palmilhado Neon &#8211; 2 Pares\"}]},{\"@type\":\"WebSite\",\"@id\":\"https:\/\/loja.dara.pt\/#website\",\"url\":\"https:\/\/loja.dara.pt\/\",\"name\":\"Loja Dara\",\"description\":\"My Dara International, LDA especialistas em meias, pe\u00fagas e collants\",\"publisher\":{\"@id\":\"https:\/\/loja.dara.pt\/#organization\"},\"alternateName\":\"Dara\",\"potentialAction\":[{\"@type\":\"SearchAction\",\"target\":{\"@type\":\"EntryPoint\",\"urlTemplate\":\"https:\/\/loja.dara.pt\/?s={search_term_string}\"},\"query-input\":{\"@type\":\"PropertyValueSpecification\",\"valueRequired\":true,\"valueName\":\"search_term_string\"}}],\"inLanguage\":\"en-US\"},{\"@type\":\"Organization\",\"@id\":\"https:\/\/loja.dara.pt\/#organization\",\"name\":\"My Dara International, LDA\",\"url\":\"https:\/\/loja.dara.pt\/\",\"logo\":{\"@type\":\"ImageObject\",\"inLanguage\":\"en-US\",\"@id\":\"https:\/\/loja.dara.pt\/#\/schema\/logo\/image\/\",\"url\":\"https:\/\/loja.dara.pt\/wp-content\/uploads\/2023\/09\/Logo.jpg\",\"contentUrl\":\"https:\/\/loja.dara.pt\/wp-content\/uploads\/2023\/09\/Logo.jpg\",\"width\":300,\"height\":300,\"caption\":\"My Dara International, LDA\"},\"image\":{\"@id\":\"https:\/\/loja.dara.pt\/#\/schema\/logo\/image\/\"},\"sameAs\":[\"https:\/\/www.facebook.com\/My.Dara.International\",\"https:\/\/x.com\/MyDaraInt\",\"https:\/\/www.linkedin.com\/company\/my-dara-international-lda\",\"https:\/\/www.instagram.com\/mydarainternational\"]}]}<\/script>\n<!-- \/ Yoast SEO plugin. -->","yoast_head_json":{"title":"Insole Neon Ankle Socks - 2 Pairs - Dara","description":"Soquete Palmilhado Neon, preparado para proporcionar amortecimento e garantir o bem-estar em atividades de longa dura\u00e7\u00e3o e trabalho f\u00edsico.","robots":{"index":"index","follow":"follow","max-snippet":"max-snippet:-1","max-image-preview":"max-image-preview:large","max-video-preview":"max-video-preview:-1"},"canonical":"https:\/\/loja.dara.pt\/en\/produto\/soquete-palmilhado-neon\/","og_locale":"en_US","og_type":"article","og_title":"Insole Neon Ankle Socks - 2 Pairs - Dara","og_description":"Soquete Palmilhado Neon, preparado para proporcionar amortecimento e garantir o bem-estar em atividades de longa dura\u00e7\u00e3o e trabalho f\u00edsico.","og_url":"https:\/\/loja.dara.pt\/produto\/soquete-palmilhado-neon\/","og_site_name":"Dara","article_publisher":"https:\/\/www.facebook.com\/My.Dara.International","article_modified_time":"2026-01-08T09:47:45+00:00","og_image":[{"width":1400,"height":1900,"url":"https:\/\/loja.dara.pt\/wp-content\/uploads\/2025\/01\/PG0938_ROSA.jpg","type":"image\/jpeg"}],"twitter_card":"summary_large_image","twitter_site":"@MyDaraInt","twitter_misc":{"Est. reading time":"1 minute"},"schema":{"@context":"https:\/\/schema.org","@graph":[{"@type":"WebPage","@id":"https:\/\/loja.dara.pt\/produto\/soquete-palmilhado-neon\/","url":"https:\/\/loja.dara.pt\/produto\/soquete-palmilhado-neon\/","name":"Insole Neon Ankle Socks - 2 Pairs - Dara","isPartOf":{"@id":"https:\/\/loja.dara.pt\/#website"},"primaryImageOfPage":{"@id":"https:\/\/loja.dara.pt\/produto\/soquete-palmilhado-neon\/#primaryimage"},"image":{"@id":"https:\/\/loja.dara.pt\/produto\/soquete-palmilhado-neon\/#primaryimage"},"thumbnailUrl":"https:\/\/loja.dara.pt\/wp-content\/uploads\/2025\/01\/PG0938_ROSA.jpg","datePublished":"2023-09-22T14:08:35+00:00","dateModified":"2026-01-08T09:47:45+00:00","description":"Soquete Palmilhado Neon, preparado para proporcionar amortecimento e garantir o bem-estar em atividades de longa dura\u00e7\u00e3o e trabalho f\u00edsico.","breadcrumb":{"@id":"https:\/\/loja.dara.pt\/produto\/soquete-palmilhado-neon\/#breadcrumb"},"inLanguage":"en-US","potentialAction":[{"@type":"ReadAction","target":["https:\/\/loja.dara.pt\/produto\/soquete-palmilhado-neon\/"]}]},{"@type":"ImageObject","inLanguage":"en-US","@id":"https:\/\/loja.dara.pt\/produto\/soquete-palmilhado-neon\/#primaryimage","url":"https:\/\/loja.dara.pt\/wp-content\/uploads\/2025\/01\/PG0938_ROSA.jpg","contentUrl":"https:\/\/loja.dara.pt\/wp-content\/uploads\/2025\/01\/PG0938_ROSA.jpg","width":1400,"height":1900,"caption":"Soquete Palmilhado Neon Rosa"},{"@type":"BreadcrumbList","@id":"https:\/\/loja.dara.pt\/produto\/soquete-palmilhado-neon\/#breadcrumb","itemListElement":[{"@type":"ListItem","position":1,"name":"Home","item":"https:\/\/loja.dara.pt\/"},{"@type":"ListItem","position":2,"name":"Loja","item":"https:\/\/loja.dara.pt\/loja\/"},{"@type":"ListItem","position":3,"name":"Soquete Palmilhado Neon &#8211; 2 Pares"}]},{"@type":"WebSite","@id":"https:\/\/loja.dara.pt\/#website","url":"https:\/\/loja.dara.pt\/","name":"Loja Dara","description":"My Dara International, LDA especialistas em meias, pe\u00fagas e collants","publisher":{"@id":"https:\/\/loja.dara.pt\/#organization"},"alternateName":"Dara","potentialAction":[{"@type":"SearchAction","target":{"@type":"EntryPoint","urlTemplate":"https:\/\/loja.dara.pt\/?s={search_term_string}"},"query-input":{"@type":"PropertyValueSpecification","valueRequired":true,"valueName":"search_term_string"}}],"inLanguage":"en-US"},{"@type":"Organization","@id":"https:\/\/loja.dara.pt\/#organization","name":"My Dara International, LDA","url":"https:\/\/loja.dara.pt\/","logo":{"@type":"ImageObject","inLanguage":"en-US","@id":"https:\/\/loja.dara.pt\/#\/schema\/logo\/image\/","url":"https:\/\/loja.dara.pt\/wp-content\/uploads\/2023\/09\/Logo.jpg","contentUrl":"https:\/\/loja.dara.pt\/wp-content\/uploads\/2023\/09\/Logo.jpg","width":300,"height":300,"caption":"My Dara International, LDA"},"image":{"@id":"https:\/\/loja.dara.pt\/#\/schema\/logo\/image\/"},"sameAs":["https:\/\/www.facebook.com\/My.Dara.International","https:\/\/x.com\/MyDaraInt","https:\/\/www.linkedin.com\/company\/my-dara-international-lda","https:\/\/www.instagram.com\/mydarainternational"]}]}},"_links":{"self":[{"href":"https:\/\/loja.dara.pt\/en\/wp-json\/wp\/v2\/product\/6545","targetHints":{"allow":["GET"]}}],"collection":[{"href":"https:\/\/loja.dara.pt\/en\/wp-json\/wp\/v2\/product"}],"about":[{"href":"https:\/\/loja.dara.pt\/en\/wp-json\/wp\/v2\/types\/product"}],"wp:featuredmedia":[{"embeddable":true,"href":"https:\/\/loja.dara.pt\/en\/wp-json\/wp\/v2\/media\/7934"}],"wp:attachment":[{"href":"https:\/\/loja.dara.pt\/en\/wp-json\/wp\/v2\/media?parent=6545"}],"wp:term":[{"taxonomy":"product_brand","embeddable":true,"href":"https:\/\/loja.dara.pt\/en\/wp-json\/wp\/v2\/product_brand?post=6545"},{"taxonomy":"product_cat","embeddable":true,"href":"https:\/\/loja.dara.pt\/en\/wp-json\/wp\/v2\/product_cat?post=6545"},{"taxonomy":"product_tag","embeddable":true,"href":"https:\/\/loja.dara.pt\/en\/wp-json\/wp\/v2\/product_tag?post=6545"}],"curies":[{"name":"wp","href":"https:\/\/api.w.org\/{rel}","templated":true}]}}