{"id":410,"date":"2018-04-10T16:34:08","date_gmt":"2018-04-10T16:34:08","guid":{"rendered":"https:\/\/loja.dara.pt\/?page_id=410"},"modified":"2023-09-14T16:46:44","modified_gmt":"2023-09-14T15:46:44","slug":"empresa","status":"publish","type":"page","link":"https:\/\/loja.dara.pt\/es\/empresa\/","title":{"rendered":"Compa\u00f1\u00eda"},"content":{"rendered":"<p><\/p>\n<h3>Compa\u00f1\u00eda<\/h3>\n<p>My Dara International, Lda es un fabricante de calcetines, medias y mallas desde 1996.<\/p>\n<p>Con sede en Lous\u00e3, distrito de Coimbra (Portugal), vende dos marcas: Dara y Padr\u00e3o.<\/p>\n<p>Buscamos satisfacer sus expectativas y solicitudes de nuestros clientes, combinando moda, calidad e innovaci\u00f3n.<\/p>","protected":false},"excerpt":{"rendered":"<p>Compa\u00f1\u00eda My Dara International, Lda es un fabricante de calcetines, medias y mallas desde 1996&#8230;.<\/p>\n","protected":false},"author":1,"featured_media":499,"parent":0,"menu_order":0,"comment_status":"closed","ping_status":"closed","template":"page-contactos.php","meta":{"_acf_changed":false,"inline_featured_image":false,"footnotes":""},"class_list":["post-410","page","type-page","status-publish","has-post-thumbnail","hentry"],"acf":[],"yoast_head":"<!-- This site is optimized with the Yoast SEO plugin v27.2 - https:\/\/yoast.com\/product\/yoast-seo-wordpress\/ -->\n<title>Compa\u00f1\u00eda - Dara<\/title>\n<meta name=\"description\" content=\"Procuramos ir ao encontro das suas expectativas e exig\u00eancias dos nossos clientes, aliando moda, qualidade e inova\u00e7\u00e3o.\" \/>\n<meta name=\"robots\" content=\"index, follow, max-snippet:-1, max-image-preview:large, max-video-preview:-1\" \/>\n<link rel=\"canonical\" href=\"https:\/\/loja.dara.pt\/es\/empresa\/\" \/>\n<meta property=\"og:locale\" content=\"es_ES\" \/>\n<meta property=\"og:type\" content=\"article\" \/>\n<meta property=\"og:title\" content=\"Compa\u00f1\u00eda - Dara\" \/>\n<meta property=\"og:description\" content=\"Procuramos ir ao encontro das suas expectativas e exig\u00eancias dos nossos clientes, aliando moda, qualidade e inova\u00e7\u00e3o.\" \/>\n<meta property=\"og:url\" content=\"https:\/\/loja.dara.pt\/empresa\/\" \/>\n<meta property=\"og:site_name\" content=\"Dara\" \/>\n<meta property=\"article:publisher\" content=\"https:\/\/www.facebook.com\/My.Dara.International\" \/>\n<meta property=\"article:modified_time\" content=\"2023-09-14T15:46:44+00:00\" \/>\n<meta property=\"og:image\" content=\"https:\/\/loja.dara.pt\/wp-content\/uploads\/2018\/04\/empresa.jpg\" \/>\n\t<meta property=\"og:image:width\" content=\"1000\" \/>\n\t<meta property=\"og:image:height\" content=\"797\" \/>\n\t<meta property=\"og:image:type\" content=\"image\/jpeg\" \/>\n<meta name=\"twitter:card\" content=\"summary_large_image\" \/>\n<meta name=\"twitter:site\" content=\"@MyDaraInt\" \/>\n<meta name=\"twitter:label1\" content=\"Tiempo de lectura\" \/>\n\t<meta name=\"twitter:data1\" content=\"1 minuto\" \/>\n<script type=\"application\/ld+json\" class=\"yoast-schema-graph\">{\"@context\":\"https:\/\/schema.org\",\"@graph\":[{\"@type\":\"WebPage\",\"@id\":\"https:\/\/loja.dara.pt\/empresa\/\",\"url\":\"https:\/\/loja.dara.pt\/empresa\/\",\"name\":\"Compa\u00f1\u00eda - Dara\",\"isPartOf\":{\"@id\":\"https:\/\/loja.dara.pt\/#website\"},\"primaryImageOfPage\":{\"@id\":\"https:\/\/loja.dara.pt\/empresa\/#primaryimage\"},\"image\":{\"@id\":\"https:\/\/loja.dara.pt\/empresa\/#primaryimage\"},\"thumbnailUrl\":\"https:\/\/loja.dara.pt\/wp-content\/uploads\/2018\/04\/empresa.jpg\",\"datePublished\":\"2018-04-10T16:34:08+00:00\",\"dateModified\":\"2023-09-14T15:46:44+00:00\",\"description\":\"Procuramos ir ao encontro das suas expectativas e exig\u00eancias dos nossos clientes, aliando moda, qualidade e inova\u00e7\u00e3o.\",\"breadcrumb\":{\"@id\":\"https:\/\/loja.dara.pt\/empresa\/#breadcrumb\"},\"inLanguage\":\"es\",\"potentialAction\":[{\"@type\":\"ReadAction\",\"target\":[\"https:\/\/loja.dara.pt\/empresa\/\"]}]},{\"@type\":\"ImageObject\",\"inLanguage\":\"es\",\"@id\":\"https:\/\/loja.dara.pt\/empresa\/#primaryimage\",\"url\":\"https:\/\/loja.dara.pt\/wp-content\/uploads\/2018\/04\/empresa.jpg\",\"contentUrl\":\"https:\/\/loja.dara.pt\/wp-content\/uploads\/2018\/04\/empresa.jpg\",\"width\":1000,\"height\":797},{\"@type\":\"BreadcrumbList\",\"@id\":\"https:\/\/loja.dara.pt\/empresa\/#breadcrumb\",\"itemListElement\":[{\"@type\":\"ListItem\",\"position\":1,\"name\":\"Home\",\"item\":\"https:\/\/loja.dara.pt\/\"},{\"@type\":\"ListItem\",\"position\":2,\"name\":\"Empresa\"}]},{\"@type\":\"WebSite\",\"@id\":\"https:\/\/loja.dara.pt\/#website\",\"url\":\"https:\/\/loja.dara.pt\/\",\"name\":\"Loja Dara\",\"description\":\"My Dara International, LDA especialistas em meias, pe\u00fagas e collants\",\"publisher\":{\"@id\":\"https:\/\/loja.dara.pt\/#organization\"},\"alternateName\":\"Dara\",\"potentialAction\":[{\"@type\":\"SearchAction\",\"target\":{\"@type\":\"EntryPoint\",\"urlTemplate\":\"https:\/\/loja.dara.pt\/?s={search_term_string}\"},\"query-input\":{\"@type\":\"PropertyValueSpecification\",\"valueRequired\":true,\"valueName\":\"search_term_string\"}}],\"inLanguage\":\"es\"},{\"@type\":\"Organization\",\"@id\":\"https:\/\/loja.dara.pt\/#organization\",\"name\":\"My Dara International, LDA\",\"url\":\"https:\/\/loja.dara.pt\/\",\"logo\":{\"@type\":\"ImageObject\",\"inLanguage\":\"es\",\"@id\":\"https:\/\/loja.dara.pt\/#\/schema\/logo\/image\/\",\"url\":\"https:\/\/loja.dara.pt\/wp-content\/uploads\/2023\/09\/Logo.jpg\",\"contentUrl\":\"https:\/\/loja.dara.pt\/wp-content\/uploads\/2023\/09\/Logo.jpg\",\"width\":300,\"height\":300,\"caption\":\"My Dara International, LDA\"},\"image\":{\"@id\":\"https:\/\/loja.dara.pt\/#\/schema\/logo\/image\/\"},\"sameAs\":[\"https:\/\/www.facebook.com\/My.Dara.International\",\"https:\/\/x.com\/MyDaraInt\",\"https:\/\/www.linkedin.com\/company\/my-dara-international-lda\",\"https:\/\/www.instagram.com\/mydarainternational\"]}]}<\/script>\n<!-- \/ Yoast SEO plugin. -->","yoast_head_json":{"title":"Compa\u00f1\u00eda - Dara","description":"Procuramos ir ao encontro das suas expectativas e exig\u00eancias dos nossos clientes, aliando moda, qualidade e inova\u00e7\u00e3o.","robots":{"index":"index","follow":"follow","max-snippet":"max-snippet:-1","max-image-preview":"max-image-preview:large","max-video-preview":"max-video-preview:-1"},"canonical":"https:\/\/loja.dara.pt\/es\/empresa\/","og_locale":"es_ES","og_type":"article","og_title":"Compa\u00f1\u00eda - Dara","og_description":"Procuramos ir ao encontro das suas expectativas e exig\u00eancias dos nossos clientes, aliando moda, qualidade e inova\u00e7\u00e3o.","og_url":"https:\/\/loja.dara.pt\/empresa\/","og_site_name":"Dara","article_publisher":"https:\/\/www.facebook.com\/My.Dara.International","article_modified_time":"2023-09-14T15:46:44+00:00","og_image":[{"width":1000,"height":797,"url":"https:\/\/loja.dara.pt\/wp-content\/uploads\/2018\/04\/empresa.jpg","type":"image\/jpeg"}],"twitter_card":"summary_large_image","twitter_site":"@MyDaraInt","twitter_misc":{"Tiempo de lectura":"1 minuto"},"schema":{"@context":"https:\/\/schema.org","@graph":[{"@type":"WebPage","@id":"https:\/\/loja.dara.pt\/empresa\/","url":"https:\/\/loja.dara.pt\/empresa\/","name":"Compa\u00f1\u00eda - Dara","isPartOf":{"@id":"https:\/\/loja.dara.pt\/#website"},"primaryImageOfPage":{"@id":"https:\/\/loja.dara.pt\/empresa\/#primaryimage"},"image":{"@id":"https:\/\/loja.dara.pt\/empresa\/#primaryimage"},"thumbnailUrl":"https:\/\/loja.dara.pt\/wp-content\/uploads\/2018\/04\/empresa.jpg","datePublished":"2018-04-10T16:34:08+00:00","dateModified":"2023-09-14T15:46:44+00:00","description":"Procuramos ir ao encontro das suas expectativas e exig\u00eancias dos nossos clientes, aliando moda, qualidade e inova\u00e7\u00e3o.","breadcrumb":{"@id":"https:\/\/loja.dara.pt\/empresa\/#breadcrumb"},"inLanguage":"es","potentialAction":[{"@type":"ReadAction","target":["https:\/\/loja.dara.pt\/empresa\/"]}]},{"@type":"ImageObject","inLanguage":"es","@id":"https:\/\/loja.dara.pt\/empresa\/#primaryimage","url":"https:\/\/loja.dara.pt\/wp-content\/uploads\/2018\/04\/empresa.jpg","contentUrl":"https:\/\/loja.dara.pt\/wp-content\/uploads\/2018\/04\/empresa.jpg","width":1000,"height":797},{"@type":"BreadcrumbList","@id":"https:\/\/loja.dara.pt\/empresa\/#breadcrumb","itemListElement":[{"@type":"ListItem","position":1,"name":"Home","item":"https:\/\/loja.dara.pt\/"},{"@type":"ListItem","position":2,"name":"Empresa"}]},{"@type":"WebSite","@id":"https:\/\/loja.dara.pt\/#website","url":"https:\/\/loja.dara.pt\/","name":"Loja Dara","description":"My Dara International, LDA especialistas em meias, pe\u00fagas e collants","publisher":{"@id":"https:\/\/loja.dara.pt\/#organization"},"alternateName":"Dara","potentialAction":[{"@type":"SearchAction","target":{"@type":"EntryPoint","urlTemplate":"https:\/\/loja.dara.pt\/?s={search_term_string}"},"query-input":{"@type":"PropertyValueSpecification","valueRequired":true,"valueName":"search_term_string"}}],"inLanguage":"es"},{"@type":"Organization","@id":"https:\/\/loja.dara.pt\/#organization","name":"My Dara International, LDA","url":"https:\/\/loja.dara.pt\/","logo":{"@type":"ImageObject","inLanguage":"es","@id":"https:\/\/loja.dara.pt\/#\/schema\/logo\/image\/","url":"https:\/\/loja.dara.pt\/wp-content\/uploads\/2023\/09\/Logo.jpg","contentUrl":"https:\/\/loja.dara.pt\/wp-content\/uploads\/2023\/09\/Logo.jpg","width":300,"height":300,"caption":"My Dara International, LDA"},"image":{"@id":"https:\/\/loja.dara.pt\/#\/schema\/logo\/image\/"},"sameAs":["https:\/\/www.facebook.com\/My.Dara.International","https:\/\/x.com\/MyDaraInt","https:\/\/www.linkedin.com\/company\/my-dara-international-lda","https:\/\/www.instagram.com\/mydarainternational"]}]}},"_links":{"self":[{"href":"https:\/\/loja.dara.pt\/es\/wp-json\/wp\/v2\/pages\/410","targetHints":{"allow":["GET"]}}],"collection":[{"href":"https:\/\/loja.dara.pt\/es\/wp-json\/wp\/v2\/pages"}],"about":[{"href":"https:\/\/loja.dara.pt\/es\/wp-json\/wp\/v2\/types\/page"}],"author":[{"embeddable":true,"href":"https:\/\/loja.dara.pt\/es\/wp-json\/wp\/v2\/users\/1"}],"replies":[{"embeddable":true,"href":"https:\/\/loja.dara.pt\/es\/wp-json\/wp\/v2\/comments?post=410"}],"version-history":[{"count":14,"href":"https:\/\/loja.dara.pt\/es\/wp-json\/wp\/v2\/pages\/410\/revisions"}],"predecessor-version":[{"id":6309,"href":"https:\/\/loja.dara.pt\/es\/wp-json\/wp\/v2\/pages\/410\/revisions\/6309"}],"wp:featuredmedia":[{"embeddable":true,"href":"https:\/\/loja.dara.pt\/es\/wp-json\/wp\/v2\/media\/499"}],"wp:attachment":[{"href":"https:\/\/loja.dara.pt\/es\/wp-json\/wp\/v2\/media?parent=410"}],"curies":[{"name":"wp","href":"https:\/\/api.w.org\/{rel}","templated":true}]}}