{"id":4594,"date":"2021-07-29T16:43:46","date_gmt":"2021-07-29T15:43:46","guid":{"rendered":"https:\/\/loja.dara.pt\/?page_id=4594"},"modified":"2025-02-28T11:22:11","modified_gmt":"2025-02-28T11:22:11","slug":"politica-de-privacidade","status":"publish","type":"page","link":"https:\/\/loja.dara.pt\/es\/politica-de-privacidade\/","title":{"rendered":"Pol\u00edtica de Privacidad"},"content":{"rendered":"<p><h1Pol\u00edtica de Privacidad y Protecci\u00f3n de Datos<\/h1>\n<p>&nbsp;<\/p>\n<p>La privacidad y protecci\u00f3n de sus datos personales es muy importante para nosotros.<\/p>\n<p>Teniendo en cuenta el reglamento (UE) 2016\/679, conocido como Reglamento General de Protecci\u00f3n de Datos Personales, My Dara International se compromete a proporcionar a sus clientes informaci\u00f3n detallada sobre el uso y protecci\u00f3n que se le da a sus datos personales, los motivos de trat\u00e1ndolo y qu\u00e9 derechos le asisten como consecuencia de dicho tratamiento, en cumplimiento de lo dispuesto en los art\u00edculos 13 3 14 del citado Reglamento.<\/p>\n<p><strong>\u00a0<\/strong><\/p>\n<p><strong>Entidad Responsable del Tratamiento de Datos<br \/>\n<\/strong><\/p>\n<p>My Dara Internacional, Ltd. con sede en Zona Industrial do Alto Padr\u00e3o, 3200-133 Lous\u00e3 es la entidad responsable del tratamiento de los datos personales de cada cliente.<\/p>\n<p>El cliente, para cualquier duda o aclaraci\u00f3n relacionada con la protecci\u00f3n de datos personales, deber\u00e1 ponerse en contacto con la entidad responsable del tratamiento, a trav\u00e9s de los siguientes medios:<\/p>\n<ul>\n<li>Por correo electr\u00f3nico: newsletter<a href=\"mailto:info@dara.pt\">@dara.pt<\/a><\/li>\n<li>Por correo postal a la direcci\u00f3n: Zona Industrial do Alto Padr\u00e3o, 3200-133 Lous\u00e3<\/li>\n<\/ul>\n<p><strong> <\/strong><\/p>\n<p><strong>Categor\u00eda de datos personales<br \/>\n <\/strong><\/p>\n<p>Los datos personales recopilados y tratados por My Dara International, Lda. son \u00fanicamente aquellas que el cliente proporciona voluntariamente al rellenar cualquier formulario presente en esta tienda online.<\/p>\n<p><strong>\u00a0<\/strong><\/p>\n<p><strong>Finalidad a la que se destina el tratamiento de datos<br \/>\n<\/strong><\/p>\n<p>Los datos personales de los clientes de My Dara International son objeto de tratamiento con fines espec\u00edficos, expl\u00edcitos y leg\u00edtimos, y no son tratados de forma incompatible con estos.<\/p>\n<p>En favor de una recogida de datos m\u00ednima y limitada, My Dara International s\u00f3lo trata aquellos que resultan estrictamente necesarios para llevar a cabo los fines para los que son tratados.<\/p>\n<p>Los datos personales de nuestros clientes podr\u00e1n ser tratados para las siguientes finalidades:<\/p>\n<ul>\n<li>Elaboraci\u00f3n, cumplimiento y ejecuci\u00f3n de un contrato de compraventa, lo que suceder\u00e1, por ejemplo, en la compra de un producto. Ya que, si es necesario proceder a la entrega del art\u00edculo comprado, sigue siendo imprescindible el tratamiento de los datos a efectos del transporte.<\/li>\n<li>Los datos ser\u00e1n tratados con fines contables o de facturaci\u00f3n, en cumplimiento de obligaciones legales. Cuando se compra un producto, es fundamental tratar los datos con vistas a la emisi\u00f3n de una factura.<\/li>\n<li>Atenci\u00f3n al cliente. Los datos facilitados por el cliente podr\u00e1n ser utilizados para dar respuesta a pedidos y\/o consultas sobre productos.<\/li>\n<\/ul>\n<p><strong>Destinatarios de los datos personales<\/strong><\/p>\n<p>En la realizaci\u00f3n de los fines descritos anteriormente y en el cumplimiento de las obligaciones legales, My Dara International, Lda. puede tener que transmitir los datos personales de los clientes a entidades externas a la empresa, a saber:<\/p>\n<ul>\n<li>Entidades calificadas como subcontratistas, en los t\u00e9rminos del Reglamento General de Protecci\u00f3n de Datos, para la prestaci\u00f3n de servicios en el \u00e1mbito de la log\u00edstica y el transporte, las tecnolog\u00edas de la informaci\u00f3n, el almacenamiento de datos, la auditor\u00eda, la gesti\u00f3n documental y la litigaci\u00f3n.<\/li >\n<\/ul>\n<p>&nbsp;<\/p>\n<p><strong>Per\u00edodos de almacenamiento<br \/>\n <\/strong><\/p>\n<p>El tratamiento de sus datos personales continuar\u00e1 mientras resulte necesario u obligatorio para el cumplimiento de las finalidades descritas anteriormente.<\/p>\n<p>Los datos tratados en el marco del desarrollo, cumplimiento y ejecuci\u00f3n de un contrato de compraventa o de servicios se conservar\u00e1n durante el tiempo estrictamente necesario para gestionar la compra de productos o servicios, incluidas las devoluciones, quejas o reclamos asociados a la compra del producto o servicio en cuesti\u00f3n.<\/p>\n<p>Los datos objeto de tratamiento con fines contables y\/o de facturaci\u00f3n se conservar\u00e1n durante el plazo legalmente necesario para la consecuci\u00f3n de dicha finalidad.<\/p>\n<p>El tratamiento de los datos recabados con las finalidades de marketing y comunicaci\u00f3n de productos y servicios quedar\u00e1 reservado hasta que el cliente retire el consentimiento prestado a tal efecto, seg\u00fan el caso.<\/p>\n<p>Los datos tratados en el \u00e1mbito de la atenci\u00f3n al cliente tambi\u00e9n se conservar\u00e1n durante el tiempo necesario para dar respuesta a su solicitud o solicitud.<\/p>\n<p><strong> <\/strong><\/p>\n<p><strong>Derechos de los interesados<\/strong><br \/>\nEl cliente de My Dara International, como titular de datos personales, a trav\u00e9s de la recolecci\u00f3n y tratamiento operado, tiene los siguientes derechos:<\/p>\n<ul>\n<li>Derecho de acceso: siempre que lo solicite, podr\u00e1 acceder a sus datos personales, obtener toda la informaci\u00f3n relacionada con el tratamiento de sus datos y tambi\u00e9n obtener una copia de sus datos personales objeto de tratamiento.<\/li>\n<li>Derecho de rectificaci\u00f3n: siempre que se considere que sus datos personales est\u00e1n incompletos o son incorrectos, podr\u00e1 solicitar su rectificaci\u00f3n o que se completen.<\/li>\n<li>Derecho a suprimir los datos: sin perjuicio de las obligaciones legales que puedan limitar el ejercicio de este derecho, puedes solicitar la supresi\u00f3n de tus datos.<\/li>\n<li>Derecho de oposici\u00f3n: tiene derecho a oponerse al tratamiento de sus datos cuando el tratamiento est\u00e9 basado en el inter\u00e9s leg\u00edtimo del responsable del tratamiento o cuando el tratamiento se realice con fines distintos de aquellos para los que fueron recabados, pero que son compatibles con el mismo.<\/li>\n<\/ul>\n<p>Si se opone al procesamiento de datos, My Dara International, Lda. dejar\u00e1 de tratar sus datos salvo que tenga motivos leg\u00edtimos para llevar a cabo dicho tratamiento y estos prevalezcan sobre sus intereses.<\/p>\n<p>Tambi\u00e9n puede, en cualquier momento, oponerse al procesamiento de sus datos con fines de marketing directo.<\/p>\n<p><strong>\u00a0<\/strong><\/p>\n<p><strong>Bolet\u00edn<\/strong><\/p>\n<p>El cliente es quien decide si quiere recibir nuestra newsletter e informaci\u00f3n nuestra.<\/p>\n<p>La informaci\u00f3n que proporciona el cliente s\u00f3lo se utiliza para enviar informaci\u00f3n peri\u00f3dica sobre novedades, ofertas y promociones. El env\u00edo de los mismos est\u00e1 sujeto a la aprobaci\u00f3n expresa del usuario. Estos \u00faltimos pueden cancelar la suscripci\u00f3n a este servicio cuando lo deseen.<\/p>\n<p>Mi Dara Internacional, Ltd. est\u00e1 en contra de las pr\u00e1cticas de spam (correos electr\u00f3nicos no solicitados) y no realiza este tipo de conductas.<\/p>\n<p>&nbsp;<\/p>\n<p><strong>Redes Sociales<\/strong><\/p>\n<p>Mi Dara Internacional, Ltd. Est\u00e1 presente en las principales redes sociales: Facebook, Instagram.<\/p>\n<p>Por ello, asume el papel de Responsable del tratamiento del tratamiento de sus perfiles derivados de amigos, me gusta, seguidores, comentarios, etc. El usuario acepta expresamente sujetarse a las condiciones y t\u00e9rminos que tengan las distintas redes sociales o plataformas donde My Dara International tenga presencia, pudiendo utilizar los medios que las mismas redes permitan para informar a los usuarios sobre las distintas actividades y servicios que realiza.<\/p>\n<p>&nbsp;<\/p>\n<p><strong>Contacto<\/strong><\/p>\n<p>Estamos a su entera disposici\u00f3n para cuestiones relativas a la protecci\u00f3n y tratamiento de datos o solicitudes de informaci\u00f3n. No dude en contactarnos por correo electr\u00f3nico: newsletter<a href=\"mailto:info@dara.pt\">@dara.pt<\/a>.<\/p>","protected":false},"excerpt":{"rendered":"","protected":false},"author":1,"featured_media":0,"parent":0,"menu_order":0,"comment_status":"closed","ping_status":"closed","template":"","meta":{"_acf_changed":false,"inline_featured_image":false,"footnotes":""},"class_list":["post-4594","page","type-page","status-publish","hentry"],"acf":[],"yoast_head":"<!-- This site is optimized with the Yoast SEO plugin v27.2 - https:\/\/yoast.com\/product\/yoast-seo-wordpress\/ -->\n<title>Pol\u00edtica de Privacidad - Dara<\/title>\n<meta name=\"description\" content=\"Pol\u00edtica de Privacidade e Prote\u00e7\u00e3o de Dados. A privacidade e prote\u00e7\u00e3o dos seus dados pessoais s\u00e3o muito importantes para n\u00f3s.\" \/>\n<meta name=\"robots\" content=\"index, follow, max-snippet:-1, max-image-preview:large, max-video-preview:-1\" \/>\n<link rel=\"canonical\" href=\"https:\/\/loja.dara.pt\/es\/politica-de-privacidade\/\" \/>\n<meta property=\"og:locale\" content=\"es_ES\" \/>\n<meta property=\"og:type\" content=\"article\" \/>\n<meta property=\"og:title\" content=\"Pol\u00edtica de Privacidad - Dara\" \/>\n<meta property=\"og:description\" content=\"Pol\u00edtica de Privacidade e Prote\u00e7\u00e3o de Dados. A privacidade e prote\u00e7\u00e3o dos seus dados pessoais s\u00e3o muito importantes para n\u00f3s.\" \/>\n<meta property=\"og:url\" content=\"https:\/\/loja.dara.pt\/politica-de-privacidade\/\" \/>\n<meta property=\"og:site_name\" content=\"Dara\" \/>\n<meta property=\"article:publisher\" content=\"https:\/\/www.facebook.com\/My.Dara.International\" \/>\n<meta property=\"article:modified_time\" content=\"2025-02-28T11:22:11+00:00\" \/>\n<meta name=\"twitter:card\" content=\"summary_large_image\" \/>\n<meta name=\"twitter:site\" content=\"@MyDaraInt\" \/>\n<meta name=\"twitter:label1\" content=\"Tiempo de lectura\" \/>\n\t<meta name=\"twitter:data1\" content=\"6 minutos\" \/>\n<script type=\"application\/ld+json\" class=\"yoast-schema-graph\">{\"@context\":\"https:\/\/schema.org\",\"@graph\":[{\"@type\":\"WebPage\",\"@id\":\"https:\/\/loja.dara.pt\/politica-de-privacidade\/\",\"url\":\"https:\/\/loja.dara.pt\/politica-de-privacidade\/\",\"name\":\"Pol\u00edtica de Privacidad - Dara\",\"isPartOf\":{\"@id\":\"https:\/\/loja.dara.pt\/#website\"},\"datePublished\":\"2021-07-29T15:43:46+00:00\",\"dateModified\":\"2025-02-28T11:22:11+00:00\",\"description\":\"Pol\u00edtica de Privacidade e Prote\u00e7\u00e3o de Dados. A privacidade e prote\u00e7\u00e3o dos seus dados pessoais s\u00e3o muito importantes para n\u00f3s.\",\"breadcrumb\":{\"@id\":\"https:\/\/loja.dara.pt\/politica-de-privacidade\/#breadcrumb\"},\"inLanguage\":\"es\",\"potentialAction\":[{\"@type\":\"ReadAction\",\"target\":[\"https:\/\/loja.dara.pt\/politica-de-privacidade\/\"]}]},{\"@type\":\"BreadcrumbList\",\"@id\":\"https:\/\/loja.dara.pt\/politica-de-privacidade\/#breadcrumb\",\"itemListElement\":[{\"@type\":\"ListItem\",\"position\":1,\"name\":\"Home\",\"item\":\"https:\/\/loja.dara.pt\/\"},{\"@type\":\"ListItem\",\"position\":2,\"name\":\"Pol\u00edtica de Privacidade\"}]},{\"@type\":\"WebSite\",\"@id\":\"https:\/\/loja.dara.pt\/#website\",\"url\":\"https:\/\/loja.dara.pt\/\",\"name\":\"Loja Dara\",\"description\":\"My Dara International, LDA especialistas em meias, pe\u00fagas e collants\",\"publisher\":{\"@id\":\"https:\/\/loja.dara.pt\/#organization\"},\"alternateName\":\"Dara\",\"potentialAction\":[{\"@type\":\"SearchAction\",\"target\":{\"@type\":\"EntryPoint\",\"urlTemplate\":\"https:\/\/loja.dara.pt\/?s={search_term_string}\"},\"query-input\":{\"@type\":\"PropertyValueSpecification\",\"valueRequired\":true,\"valueName\":\"search_term_string\"}}],\"inLanguage\":\"es\"},{\"@type\":\"Organization\",\"@id\":\"https:\/\/loja.dara.pt\/#organization\",\"name\":\"My Dara International, LDA\",\"url\":\"https:\/\/loja.dara.pt\/\",\"logo\":{\"@type\":\"ImageObject\",\"inLanguage\":\"es\",\"@id\":\"https:\/\/loja.dara.pt\/#\/schema\/logo\/image\/\",\"url\":\"https:\/\/loja.dara.pt\/wp-content\/uploads\/2023\/09\/Logo.jpg\",\"contentUrl\":\"https:\/\/loja.dara.pt\/wp-content\/uploads\/2023\/09\/Logo.jpg\",\"width\":300,\"height\":300,\"caption\":\"My Dara International, LDA\"},\"image\":{\"@id\":\"https:\/\/loja.dara.pt\/#\/schema\/logo\/image\/\"},\"sameAs\":[\"https:\/\/www.facebook.com\/My.Dara.International\",\"https:\/\/x.com\/MyDaraInt\",\"https:\/\/www.linkedin.com\/company\/my-dara-international-lda\",\"https:\/\/www.instagram.com\/mydarainternational\"]}]}<\/script>\n<!-- \/ Yoast SEO plugin. -->","yoast_head_json":{"title":"Pol\u00edtica de Privacidad - Dara","description":"Pol\u00edtica de Privacidade e Prote\u00e7\u00e3o de Dados. A privacidade e prote\u00e7\u00e3o dos seus dados pessoais s\u00e3o muito importantes para n\u00f3s.","robots":{"index":"index","follow":"follow","max-snippet":"max-snippet:-1","max-image-preview":"max-image-preview:large","max-video-preview":"max-video-preview:-1"},"canonical":"https:\/\/loja.dara.pt\/es\/politica-de-privacidade\/","og_locale":"es_ES","og_type":"article","og_title":"Pol\u00edtica de Privacidad - Dara","og_description":"Pol\u00edtica de Privacidade e Prote\u00e7\u00e3o de Dados. A privacidade e prote\u00e7\u00e3o dos seus dados pessoais s\u00e3o muito importantes para n\u00f3s.","og_url":"https:\/\/loja.dara.pt\/politica-de-privacidade\/","og_site_name":"Dara","article_publisher":"https:\/\/www.facebook.com\/My.Dara.International","article_modified_time":"2025-02-28T11:22:11+00:00","twitter_card":"summary_large_image","twitter_site":"@MyDaraInt","twitter_misc":{"Tiempo de lectura":"6 minutos"},"schema":{"@context":"https:\/\/schema.org","@graph":[{"@type":"WebPage","@id":"https:\/\/loja.dara.pt\/politica-de-privacidade\/","url":"https:\/\/loja.dara.pt\/politica-de-privacidade\/","name":"Pol\u00edtica de Privacidad - Dara","isPartOf":{"@id":"https:\/\/loja.dara.pt\/#website"},"datePublished":"2021-07-29T15:43:46+00:00","dateModified":"2025-02-28T11:22:11+00:00","description":"Pol\u00edtica de Privacidade e Prote\u00e7\u00e3o de Dados. A privacidade e prote\u00e7\u00e3o dos seus dados pessoais s\u00e3o muito importantes para n\u00f3s.","breadcrumb":{"@id":"https:\/\/loja.dara.pt\/politica-de-privacidade\/#breadcrumb"},"inLanguage":"es","potentialAction":[{"@type":"ReadAction","target":["https:\/\/loja.dara.pt\/politica-de-privacidade\/"]}]},{"@type":"BreadcrumbList","@id":"https:\/\/loja.dara.pt\/politica-de-privacidade\/#breadcrumb","itemListElement":[{"@type":"ListItem","position":1,"name":"Home","item":"https:\/\/loja.dara.pt\/"},{"@type":"ListItem","position":2,"name":"Pol\u00edtica de Privacidade"}]},{"@type":"WebSite","@id":"https:\/\/loja.dara.pt\/#website","url":"https:\/\/loja.dara.pt\/","name":"Loja Dara","description":"My Dara International, LDA especialistas em meias, pe\u00fagas e collants","publisher":{"@id":"https:\/\/loja.dara.pt\/#organization"},"alternateName":"Dara","potentialAction":[{"@type":"SearchAction","target":{"@type":"EntryPoint","urlTemplate":"https:\/\/loja.dara.pt\/?s={search_term_string}"},"query-input":{"@type":"PropertyValueSpecification","valueRequired":true,"valueName":"search_term_string"}}],"inLanguage":"es"},{"@type":"Organization","@id":"https:\/\/loja.dara.pt\/#organization","name":"My Dara International, LDA","url":"https:\/\/loja.dara.pt\/","logo":{"@type":"ImageObject","inLanguage":"es","@id":"https:\/\/loja.dara.pt\/#\/schema\/logo\/image\/","url":"https:\/\/loja.dara.pt\/wp-content\/uploads\/2023\/09\/Logo.jpg","contentUrl":"https:\/\/loja.dara.pt\/wp-content\/uploads\/2023\/09\/Logo.jpg","width":300,"height":300,"caption":"My Dara International, LDA"},"image":{"@id":"https:\/\/loja.dara.pt\/#\/schema\/logo\/image\/"},"sameAs":["https:\/\/www.facebook.com\/My.Dara.International","https:\/\/x.com\/MyDaraInt","https:\/\/www.linkedin.com\/company\/my-dara-international-lda","https:\/\/www.instagram.com\/mydarainternational"]}]}},"_links":{"self":[{"href":"https:\/\/loja.dara.pt\/es\/wp-json\/wp\/v2\/pages\/4594","targetHints":{"allow":["GET"]}}],"collection":[{"href":"https:\/\/loja.dara.pt\/es\/wp-json\/wp\/v2\/pages"}],"about":[{"href":"https:\/\/loja.dara.pt\/es\/wp-json\/wp\/v2\/types\/page"}],"author":[{"embeddable":true,"href":"https:\/\/loja.dara.pt\/es\/wp-json\/wp\/v2\/users\/1"}],"replies":[{"embeddable":true,"href":"https:\/\/loja.dara.pt\/es\/wp-json\/wp\/v2\/comments?post=4594"}],"version-history":[{"count":9,"href":"https:\/\/loja.dara.pt\/es\/wp-json\/wp\/v2\/pages\/4594\/revisions"}],"predecessor-version":[{"id":9280,"href":"https:\/\/loja.dara.pt\/es\/wp-json\/wp\/v2\/pages\/4594\/revisions\/9280"}],"wp:attachment":[{"href":"https:\/\/loja.dara.pt\/es\/wp-json\/wp\/v2\/media?parent=4594"}],"curies":[{"name":"wp","href":"https:\/\/api.w.org\/{rel}","templated":true}]}}