{"id":4598,"date":"2021-07-29T16:45:22","date_gmt":"2021-07-29T15:45:22","guid":{"rendered":"https:\/\/loja.dara.pt\/?page_id=4598"},"modified":"2025-02-27T17:45:41","modified_gmt":"2025-02-27T17:45:41","slug":"termos-e-condicoes","status":"publish","type":"page","link":"https:\/\/loja.dara.pt\/es\/termos-e-condicoes\/","title":{"rendered":"T\u00e9rminos y Condiciones"},"content":{"rendered":"<p><\/p>\n<h1>T\u00e9rminos y Condiciones<\/h1>\n<p>&nbsp;<\/p>\n<p>Este documento establece los t\u00e9rminos y condiciones generales de uso y venta en l\u00ednea del sitio web de My Dara International. La navegaci\u00f3n por el sitio web y\/o la compra de cualquier producto a trav\u00e9s del mismo implica la aceptaci\u00f3n de los presentes t\u00e9rminos y condiciones. Si no est\u00e1 de acuerdo con alguno de los t\u00e9rminos y condiciones presentados, le pedimos que no utilice nuestro sitio web. Los materiales contenidos en este sitio est\u00e1n protegidos por las leyes de derechos de autor y marcas registradas aplicables.<\/p>\n<p>&nbsp;<\/p>\n<p><strong>Propiedad de la Tienda Online<br \/>\n<\/strong><\/p>\n<p>El dominio y la tienda en l\u00ednea disponible en <a href=\"https:\/\/loja.dara.pt\">www.dara.pt<\/a> (en adelante, \u00abtienda en l\u00ednea\u00bb o \u00absitio web\u00bb) es propiedad de la empresa Mi Dara Internacional, Ltd. con NIF 503774120, con sede en la Zona Industrial de Alto do Padr\u00e3o, 3200-133 Lous\u00e3.<\/p>\n<p>El usuario se obliga a utilizar este sitio web de conformidad con lo dispuesto en la legislaci\u00f3n aplicable, absteni\u00e9ndose de utilizar la p\u00e1gina para actividades contrarias a la ley, la moral y las buenas costumbres, los derechos e intereses de terceros.<\/p>\n<p>Todas las marcas, signos distintivos, im\u00e1genes, textos, fotograf\u00edas y cualesquiera otras obras\/obras reproducidas o representadas en la tienda online se consideran propiedad intelectual de la marca My Dara y como tal est\u00e1n protegidas por las normas de la Ley de Propiedad Industrial. Queda prohibida la representaci\u00f3n total o parcial del mismo sitio web o de cualquiera de los elementos presentes en el mismo.<br \/>\n<strong>\u00a0<\/strong><\/p>\n<p><strong>Cambios a estas Condiciones<br \/>\n<\/strong><\/p>\n<p>La marca My Dara se reserva el derecho a modificar libremente y en cualquier momento las condiciones generales, para adaptarlas a la legislaci\u00f3n aplicable, sin necesidad de previo aviso.<\/p>\n<p>Asimismo, se reserva el derecho de modificar unilateralmente y en cualquier momento, sin previo aviso, la presentaci\u00f3n y contenido del sitio web en cuanto a productos, precios, promociones, condiciones comerciales y servicios. Estas modificaciones servir\u00e1n para mejorar el sitio web, mejorando al mismo tiempo los servicios que se ofrecen al Usuario.<\/p>\n<p>A pesar de todo el cuidado puesto en la elaboraci\u00f3n de los contenidos del sitio web, la informaci\u00f3n, textos, documentos gr\u00e1ficos y\/u otros servicios pueden contener errores o estar incompletos.<\/p>\n<p>En estas situaciones, la marca My Dara no se hace responsable de los da\u00f1os resultantes del uso (o la imposibilidad de uso) del sitio web, incluidos los da\u00f1os causados \u200b\u200bpor virus o cualquier inexactitud o imperfecci\u00f3n de la informaci\u00f3n.<br \/>\n<strong>Uso de licencia<br \/>\n<\/strong><\/p>\n<p>Se otorga permiso para descargar temporalmente una copia de los materiales (informaci\u00f3n o software) en el sitio web de My Dara solo para visualizaci\u00f3n transitoria personal y no comercial. Esta es la concesi\u00f3n de una licencia, no una transferencia de t\u00edtulo, y bajo esta licencia no puede:<\/p>\n<ul>\n<li>Modificar o copiar materiales;<\/li>\n<li>Usar los materiales para cualquier prop\u00f3sito comercial o para exhibici\u00f3n p\u00fablica (comercial o no comercial);<\/li>\n<li>Intentar descompilar o aplicar ingenier\u00eda inversa a cualquier software contenido en el sitio web de My Dara;<\/li>\n<li>Eliminar cualquier copyright u otras anotaciones de propiedad de los materiales; o transferir los materiales a otra persona o \u00abduplicar\u00bb los materiales en cualquier otro servidor;<\/li>\n<li>Esta licencia terminar\u00e1 autom\u00e1ticamente si viola cualquiera de estas restricciones y My Dara puede cancelarla en cualquier momento. Al finalizar la visualizaci\u00f3n de estos materiales o al finalizar esta licencia, debe eliminar todos los materiales descargados que tenga en su poder, ya sea en formato electr\u00f3nico o impreso.<\/li>\n<\/ul>\n<p><strong>Descargo de responsabilidad<br \/>\n<\/strong><\/p>\n<p>Los materiales del sitio web My Dara se proporcionan tal cual. My Dara no ofrece garant\u00edas, expresas o impl\u00edcitas, y por la presente renuncia y renuncia a todas las dem\u00e1s garant\u00edas, incluidas, entre otras, garant\u00edas impl\u00edcitas o condiciones de comerciabilidad, idoneidad para un prop\u00f3sito particular o no infracci\u00f3n de propiedad intelectual u otra infracci\u00f3n de derechos. .<\/p>\n<p>&nbsp;<\/p>\n<p><strong>Precisi\u00f3n de los materiales<br \/>\n<\/strong><\/p>\n<p>Los materiales que aparecen en el sitio web de My Dara pueden incluir errores t\u00e9cnicos, tipogr\u00e1ficos o fotogr\u00e1ficos. My Dara no garantiza que ninguno de los materiales en su sitio web sea preciso, completo o actual. My Dara puede realizar cambios en los materiales contenidos en su sitio web en cualquier momento sin previo aviso.<\/p>\n<p>&nbsp;<\/p>\n<p><strong>Enlaces<\/strong><\/p>\n<p>My Dara no ha revisado todos los sitios vinculados a su sitio web y no es responsable del contenido de dichos sitios vinculados.<\/p>\n<p>&nbsp;<\/p>\n<p><strong>Modificaciones<\/strong><\/p>\n<p>My Dara puede revisar estos t\u00e9rminos de servicio para su sitio web en cualquier momento sin previo aviso. Al usar este sitio, usted acepta estar sujeto a la versi\u00f3n actual de estos t\u00e9rminos de servicio.<\/p>\n<p>&nbsp;<\/p>\n<p><strong>Pol\u00edtica comercial<br \/>\n<\/strong><\/p>\n<p>La venta subyacente a cada pedido realizado por el cliente se realiza bajo reserva de propiedad, por lo que los productos siguen siendo propiedad de la marca My Dara hasta el efectivo e \u00edntegro pago del importe adeudado.<\/p>\n<p>&nbsp;<\/p>\n<p><strong>Informaci\u00f3n del Producto<\/strong><\/p>\n<p>My Dara tiene en cuenta la informaci\u00f3n relativa a las caracter\u00edsticas esenciales de los productos a trav\u00e9s de descripciones t\u00e9cnicas compartidas por sus proveedores y fotograf\u00edas que ilustran los productos vendidos.<\/p>\n<p>Las im\u00e1genes y fotograf\u00edas de los productos, a pesar de tratar de ser lo m\u00e1s fidedignas posible, son ilustrativas, por lo que el cliente debe considerar la posibilidad de diferencias en el color, forma\/apariencia, que tambi\u00e9n pueden ser debidas al monitor y navegador web utilizado. para ese Por ello, recomendamos al Cliente que consulte detenida y detalladamente el producto y sus caracter\u00edsticas, para estar seguro de las mismas en el momento de la compra.<br \/>\n<strong>Informaci\u00f3n<\/strong><\/p>\n<p>My Dara se reserva el derecho, a su propia discreci\u00f3n, de corregir cualquier error u omisi\u00f3n en cualquier parte del sitio web sin previo aviso. My Dara puede realizar otros cambios en el sitio, los materiales y los productos o servicios descritos en el sitio web de My Dara en cualquier momento y sin previo aviso. El precio de los productos My Dara ser\u00e1 siempre el estipulado en nuestra web, salvo error tipogr\u00e1fico.<\/p>\n<p>En caso de error en el precio de alg\u00fan producto, nos pondremos en contacto con el cliente, present\u00e1ndole la opci\u00f3n de confirmar el pedido con el precio correcto o cancelarlo con el debido reembolso. Si el cliente desea reembolsar su pedido, lo har\u00e1 mediante el mismo m\u00e9todo de pago del pedido.<br \/>\nCONTACTOS<\/p>\n<p>Para cualquier pregunta, cont\u00e1ctenos por correo electr\u00f3nico <a href=\"mailto:newsletter@dara.pt\">newsletter@dara.pt<\/a>.<\/p>\n<p>INFORMACI\u00d3N DE LA EMPRESA<\/p>\n<p>My Dara International, Lda.<\/p>\n<p>Zona Industrial do Alto do Padr\u00e3o<\/p>\n<p>3200-133 Lous\u00e3<\/p>\n<p>Telefone: (+351) 239\u00a0995\u00a0100<\/p>\n<p>Email: <a href=\"mailto:newsletter@dara.pt\">newsletter@dara.pt<\/a><\/p>\n<p><strong>\u00a0<\/strong><\/p>\n<p><strong>M\u00e9todos de pago <\/strong><\/p>\n<p>En la tienda online, los m\u00e9todos de pago son:<\/p>\n<p>Referencia Multibanco, Mbway y Tarjetas de Cr\u00e9dito via VivoWallet (Visa,Mastercard,etc).<\/p>\n<p>Tal y como se indica en el men\u00fa de pago al finalizar la compra, no se acepta ning\u00fan otro medio de pago.<\/p>\n<p>El cliente deber\u00e1 pagar \u00fanicamente la cantidad exacta especificada en la confirmaci\u00f3n de cada pedido, y deber\u00e1 hacerlo utilizando \u00fanicamente los m\u00e9todos de pago descritos anteriormente. De lo contrario, si el Cliente intenta utilizar otro m\u00e9todo de pago no previsto, My Dara no se hace responsable de la p\u00e9rdida del pago o de cualquier otro da\u00f1o que pueda resultar de ello.<\/p>\n<p>&nbsp;<\/p>\n<p><strong>Confirmaci\u00f3n o Cancelaci\u00f3n<\/strong><\/p>\n<p>Despu\u00e9s de realizar su compra, el Cliente recibir\u00e1 un correo electr\u00f3nico autom\u00e1tico de confirmaci\u00f3n de la transacci\u00f3n que deber\u00e1 imprimir o guardar para futuras referencias.<\/p>\n<p>Su pedido solo ser\u00e1 procesado despu\u00e9s de la confirmaci\u00f3n del pago respectivo. En caso de impago o incumplimiento o no confirmaci\u00f3n de las presentes Condiciones Generales, My Dara se reserva el derecho de no aceptar el pedido del cliente, o de cancelarlo, incluso despu\u00e9s de su confirmaci\u00f3n autom\u00e1tica.<\/p>\n<p>My Dara se reserva el derecho de no confirmar y\/o proceder a la entrega de los productos del pedido realizado por el Cliente, independientemente del motivo y exento de responsabilidad por da\u00f1os o costes, si:<\/p>\n<ul>\n<li>cualquier evento imprevisible o cambio en las circunstancias actuales que pueda afectar la producci\u00f3n, el transporte y los respectivos costos, o que provoque aumentos anormales en los precios de las materias primas;<\/li>\n<li>por alguna raz\u00f3n, es imposible cobrar y recibir el pago respectivo;<\/li>\n<li>el pedido se realiz\u00f3 con errores en los datos imprescindibles para la entrega del pedido;<\/li>\n<li>los sistemas de seguridad del sitio web marcan el pedido como un pedido incorrecto, irregular y\/o considerado fraude.<\/li>\n<\/ul>\n<p>En cualquiera de los supuestos anteriores, My Dara informar\u00e1 al Cliente por correo electr\u00f3nico de dicha situaci\u00f3n de imposibilidad de confirmar la venta y de la consiguiente cancelaci\u00f3n del pedido, devolvi\u00e9ndole el importe pagado por los art\u00edculos.<\/p>\n<p>&nbsp;<\/p>\n<p><strong>Env\u00edos y Entregas<\/strong><\/p>\n<p>Los env\u00edos se realizar\u00e1n a trav\u00e9s de CTT Expresso.<\/p>\n<p>&nbsp;<\/p>\n<p><strong>Tiempos de entrega<\/strong><\/p>\n<p>Las entregas se realizar\u00e1n dentro de las 24\/48 horas posteriores a la confirmaci\u00f3n del pago.<\/p>\n<p>En caso de retraso en el env\u00edo, se contactar\u00e1 al cliente.<\/p>\n<p><strong>Resoluci\u00f3n alternativa de disputas<\/strong><\/p>\n<p>En caso de litigio, el consumidor podr\u00e1 acudir a una de las Entidades Alternativas de Resoluci\u00f3n de Conflictos de Consumo. Para obtener m\u00e1s informaci\u00f3n, consulte el Portal del Consumidor (<a href=\"http:\/\/www.consumidor.pt\">www.consumidor.pt<\/a>).<\/p>\n<p>En cumplimiento de la legislaci\u00f3n vigente, My Dara indica que, en caso de litigio, el cliente\/usuario podr\u00e1 acudir a una Entidad Alternativa de Resoluci\u00f3n de Conflictos de Consumo:<\/p>\n<p>-CNIACC \u2013 Centro Nacional de Informaci\u00f3n y Arbitraje de Conflictos de Consumo (<a href=\"http:\/\/www.cniacc.pt\">www.cniacc.pt<\/a>)<\/p>\n<p>-CIAB \u2013 Centro de Informaci\u00f3n al Consumidor, Mediaci\u00f3n y Arbitraje (<a href=\"http:\/\/www.ciab.pt\">www.ciab.pt<\/a>)<\/p>\n<p>&nbsp;<\/p>\n<p><strong>Pol\u00edtica de cambio<\/strong><\/p>\n<p><strong>Cambios\/Devoluciones\/Reclamaciones<\/strong><\/p>\n<p><strong>CAMBIO: <\/strong><\/p>\n<p>El cliente dispone de 14 d\u00edas naturales desde la recepci\u00f3n de su pedido para realizar el cambio de su art\u00edculo, sin necesidad de justificar el motivo del mismo.<\/p>\n<p>Para realizar su cambio, debe contactar por correo electr\u00f3nico a <a href=\"mailto:newsletter@dara.pt\">newsletter@dara.pt<\/a> y esperar nuestras instrucciones.<\/p>\n<p>Nunca debe devolvernos su pedido sin nuestra autorizaci\u00f3n, por lo que no somos responsables de su no llegada.<\/p>\n<p>&nbsp;<\/p>\n<p><strong>DEVOLUCIONES:<\/strong><\/p>\n<p>El cliente tiene derecho a rescindir libremente el contrato, sin necesidad de indicar el motivo, en un plazo de 14 d\u00edas a partir del d\u00eda en que adquiera la posesi\u00f3n f\u00edsica de los bienes, por s\u00ed o por medio de un tercero por \u00e9l indicado (con excepci\u00f3n del transportista).<\/p>\n<p>Para ejercer su derecho de desistimiento gratuito, el cliente deber\u00e1 comunicarse con nosotros a cualquiera de los contactos indicados.<\/p>\n<p>En caso de rescisi\u00f3n de este contrato, se le reembolsar\u00e1n todos los pagos realizados, incluidos los gastos de env\u00edo (con la excepci\u00f3n de los gastos adicionales resultantes de su elecci\u00f3n de un m\u00e9todo de env\u00edo que no sea el m\u00e9todo de env\u00edo normal menos costoso que ofrecemos), sin indebida demora y, en todo caso, a m\u00e1s tardar 14 d\u00edas a partir de la fecha en que se nos comunic\u00f3 su decisi\u00f3n de desistir del presente contrato.<\/p>\n<p>&nbsp;<\/p>\n<p><strong>DEVOLUCIONES DE PRODUCTOS DEFECTUOSOS: <\/strong><\/p>\n<p>El cliente tiene derecho a la devoluci\u00f3n si se determina que los productos suministrados son defectuosos o no cumplen con los art\u00edculos solicitados.<\/p>\n<p>Las devoluciones se podr\u00e1n realizar en un plazo de 14 d\u00edas desde la notificaci\u00f3n del defecto y el producto deber\u00e1 conservar la etiqueta identificativa.<\/p>\n<p>Se realizar\u00e1 un an\u00e1lisis del producto devuelto y se informar\u00e1 al cliente del derecho a la devoluci\u00f3n, en su caso. Como regla general, la devoluci\u00f3n se realizar\u00e1 en el plazo de 10 d\u00edas h\u00e1biles y, en todo caso, en el plazo de 15 d\u00edas desde la fecha de confirmaci\u00f3n por correo electr\u00f3nico del derecho a la devoluci\u00f3n.<\/p>\n<p>Si se constata el defecto o incumplimiento como causa justificativa de la devoluci\u00f3n, se reembolsar\u00e1 la totalidad del importe abonado.<\/p>\n<p>La devoluci\u00f3n del importe pagado se realizar\u00e1 siempre mediante el mismo m\u00e9todo de pago utilizado para la compra.<\/p>\n<p>Estas disposiciones no afectan a sus derechos legales.<\/p>\n<p>&nbsp;<\/p>\n<p><strong>DEVOLUCIONES POR CANCELACI\u00d3N<\/strong><\/p>\n<p>El cliente podr\u00e1, si no est\u00e1 satisfecho con los productos suministrados, devolverlos en un plazo de 14 d\u00edas desde la fecha de recepci\u00f3n.<\/p>\n<p>No obstante, el derecho de devoluci\u00f3n s\u00f3lo se produce, siempre que los productos:<\/p>\n<ul>\n<li>no se ha lavado ni usado (a menos que el producto contenga informaci\u00f3n en contrario);<\/li>\n<li>mantener las caracter\u00edsticas originales y el embalaje en buen estado (los embalajes abiertos con cuidado no se considerar\u00e1n da\u00f1ados);<\/li>\n<li>est\u00e9n completos (es decir, deben devolverse los dos art\u00edculos de un par);<\/li>\n<li>no han sido manipulados y conservan la etiqueta de identificaci\u00f3n.<\/li>\n<\/ul>\n<p>&nbsp;<\/p>\n<p><strong>OFERTA DEVOLUCIONES<\/strong><\/p>\n<p>La devoluci\u00f3n de un producto ofrecido debe ser realizada por la persona que lo ofreci\u00f3\/compr\u00f3. En este caso, para proceder a la devoluci\u00f3n, deber\u00e1 ponerse en contacto con la persona que lo compr\u00f3, en el sentido de que proceda a la devoluci\u00f3n, conforme a las condiciones de devoluci\u00f3n, por defecto o incumplimiento o por desistimiento.<\/p>\n<p>Si se constata el defecto o incumplimiento como causa justificativa de la devoluci\u00f3n, se reembolsar\u00e1 la totalidad del importe abonado.<\/p>\n<p>La devoluci\u00f3n del importe pagado se realizar\u00e1 siempre mediante el mismo m\u00e9todo de pago utilizado para la compra.<\/p>","protected":false},"excerpt":{"rendered":"<p>T\u00e9rminos y Condiciones &nbsp; Este documento establece los t\u00e9rminos y condiciones generales de uso y&#8230;<\/p>\n","protected":false},"author":1,"featured_media":0,"parent":0,"menu_order":0,"comment_status":"closed","ping_status":"closed","template":"","meta":{"_acf_changed":false,"inline_featured_image":false,"footnotes":""},"class_list":["post-4598","page","type-page","status-publish","hentry"],"acf":[],"yoast_head":"<!-- This site is optimized with the Yoast SEO plugin v27.2 - https:\/\/yoast.com\/product\/yoast-seo-wordpress\/ -->\n<title>T\u00e9rminos y Condiciones - Dara<\/title>\n<meta name=\"robots\" content=\"index, follow, max-snippet:-1, max-image-preview:large, max-video-preview:-1\" \/>\n<link rel=\"canonical\" href=\"https:\/\/loja.dara.pt\/es\/termos-e-condicoes\/\" \/>\n<meta property=\"og:locale\" content=\"es_ES\" \/>\n<meta property=\"og:type\" content=\"article\" \/>\n<meta property=\"og:title\" content=\"T\u00e9rminos y Condiciones - Dara\" \/>\n<meta property=\"og:description\" content=\"T\u00e9rminos y Condiciones &nbsp; Este documento establece los t\u00e9rminos y condiciones generales de uso y...\" \/>\n<meta property=\"og:url\" content=\"https:\/\/loja.dara.pt\/termos-e-condicoes\/\" \/>\n<meta property=\"og:site_name\" content=\"Dara\" \/>\n<meta property=\"article:publisher\" content=\"https:\/\/www.facebook.com\/My.Dara.International\" \/>\n<meta property=\"article:modified_time\" content=\"2025-02-27T17:45:41+00:00\" \/>\n<meta name=\"twitter:card\" content=\"summary_large_image\" \/>\n<meta name=\"twitter:site\" content=\"@MyDaraInt\" \/>\n<meta name=\"twitter:label1\" content=\"Tiempo de lectura\" \/>\n\t<meta name=\"twitter:data1\" content=\"11 minutos\" \/>\n<script type=\"application\/ld+json\" class=\"yoast-schema-graph\">{\"@context\":\"https:\/\/schema.org\",\"@graph\":[{\"@type\":\"WebPage\",\"@id\":\"https:\/\/loja.dara.pt\/termos-e-condicoes\/\",\"url\":\"https:\/\/loja.dara.pt\/termos-e-condicoes\/\",\"name\":\"T\u00e9rminos y Condiciones - Dara\",\"isPartOf\":{\"@id\":\"https:\/\/loja.dara.pt\/#website\"},\"datePublished\":\"2021-07-29T15:45:22+00:00\",\"dateModified\":\"2025-02-27T17:45:41+00:00\",\"breadcrumb\":{\"@id\":\"https:\/\/loja.dara.pt\/termos-e-condicoes\/#breadcrumb\"},\"inLanguage\":\"es\",\"potentialAction\":[{\"@type\":\"ReadAction\",\"target\":[\"https:\/\/loja.dara.pt\/termos-e-condicoes\/\"]}]},{\"@type\":\"BreadcrumbList\",\"@id\":\"https:\/\/loja.dara.pt\/termos-e-condicoes\/#breadcrumb\",\"itemListElement\":[{\"@type\":\"ListItem\",\"position\":1,\"name\":\"Home\",\"item\":\"https:\/\/loja.dara.pt\/\"},{\"@type\":\"ListItem\",\"position\":2,\"name\":\"Termos e Condi\u00e7\u00f5es\"}]},{\"@type\":\"WebSite\",\"@id\":\"https:\/\/loja.dara.pt\/#website\",\"url\":\"https:\/\/loja.dara.pt\/\",\"name\":\"Loja Dara\",\"description\":\"My Dara International, LDA especialistas em meias, pe\u00fagas e collants\",\"publisher\":{\"@id\":\"https:\/\/loja.dara.pt\/#organization\"},\"alternateName\":\"Dara\",\"potentialAction\":[{\"@type\":\"SearchAction\",\"target\":{\"@type\":\"EntryPoint\",\"urlTemplate\":\"https:\/\/loja.dara.pt\/?s={search_term_string}\"},\"query-input\":{\"@type\":\"PropertyValueSpecification\",\"valueRequired\":true,\"valueName\":\"search_term_string\"}}],\"inLanguage\":\"es\"},{\"@type\":\"Organization\",\"@id\":\"https:\/\/loja.dara.pt\/#organization\",\"name\":\"My Dara International, LDA\",\"url\":\"https:\/\/loja.dara.pt\/\",\"logo\":{\"@type\":\"ImageObject\",\"inLanguage\":\"es\",\"@id\":\"https:\/\/loja.dara.pt\/#\/schema\/logo\/image\/\",\"url\":\"https:\/\/loja.dara.pt\/wp-content\/uploads\/2023\/09\/Logo.jpg\",\"contentUrl\":\"https:\/\/loja.dara.pt\/wp-content\/uploads\/2023\/09\/Logo.jpg\",\"width\":300,\"height\":300,\"caption\":\"My Dara International, LDA\"},\"image\":{\"@id\":\"https:\/\/loja.dara.pt\/#\/schema\/logo\/image\/\"},\"sameAs\":[\"https:\/\/www.facebook.com\/My.Dara.International\",\"https:\/\/x.com\/MyDaraInt\",\"https:\/\/www.linkedin.com\/company\/my-dara-international-lda\",\"https:\/\/www.instagram.com\/mydarainternational\"]}]}<\/script>\n<!-- \/ Yoast SEO plugin. -->","yoast_head_json":{"title":"T\u00e9rminos y Condiciones - Dara","robots":{"index":"index","follow":"follow","max-snippet":"max-snippet:-1","max-image-preview":"max-image-preview:large","max-video-preview":"max-video-preview:-1"},"canonical":"https:\/\/loja.dara.pt\/es\/termos-e-condicoes\/","og_locale":"es_ES","og_type":"article","og_title":"T\u00e9rminos y Condiciones - Dara","og_description":"T\u00e9rminos y Condiciones &nbsp; Este documento establece los t\u00e9rminos y condiciones generales de uso y...","og_url":"https:\/\/loja.dara.pt\/termos-e-condicoes\/","og_site_name":"Dara","article_publisher":"https:\/\/www.facebook.com\/My.Dara.International","article_modified_time":"2025-02-27T17:45:41+00:00","twitter_card":"summary_large_image","twitter_site":"@MyDaraInt","twitter_misc":{"Tiempo de lectura":"11 minutos"},"schema":{"@context":"https:\/\/schema.org","@graph":[{"@type":"WebPage","@id":"https:\/\/loja.dara.pt\/termos-e-condicoes\/","url":"https:\/\/loja.dara.pt\/termos-e-condicoes\/","name":"T\u00e9rminos y Condiciones - Dara","isPartOf":{"@id":"https:\/\/loja.dara.pt\/#website"},"datePublished":"2021-07-29T15:45:22+00:00","dateModified":"2025-02-27T17:45:41+00:00","breadcrumb":{"@id":"https:\/\/loja.dara.pt\/termos-e-condicoes\/#breadcrumb"},"inLanguage":"es","potentialAction":[{"@type":"ReadAction","target":["https:\/\/loja.dara.pt\/termos-e-condicoes\/"]}]},{"@type":"BreadcrumbList","@id":"https:\/\/loja.dara.pt\/termos-e-condicoes\/#breadcrumb","itemListElement":[{"@type":"ListItem","position":1,"name":"Home","item":"https:\/\/loja.dara.pt\/"},{"@type":"ListItem","position":2,"name":"Termos e Condi\u00e7\u00f5es"}]},{"@type":"WebSite","@id":"https:\/\/loja.dara.pt\/#website","url":"https:\/\/loja.dara.pt\/","name":"Loja Dara","description":"My Dara International, LDA especialistas em meias, pe\u00fagas e collants","publisher":{"@id":"https:\/\/loja.dara.pt\/#organization"},"alternateName":"Dara","potentialAction":[{"@type":"SearchAction","target":{"@type":"EntryPoint","urlTemplate":"https:\/\/loja.dara.pt\/?s={search_term_string}"},"query-input":{"@type":"PropertyValueSpecification","valueRequired":true,"valueName":"search_term_string"}}],"inLanguage":"es"},{"@type":"Organization","@id":"https:\/\/loja.dara.pt\/#organization","name":"My Dara International, LDA","url":"https:\/\/loja.dara.pt\/","logo":{"@type":"ImageObject","inLanguage":"es","@id":"https:\/\/loja.dara.pt\/#\/schema\/logo\/image\/","url":"https:\/\/loja.dara.pt\/wp-content\/uploads\/2023\/09\/Logo.jpg","contentUrl":"https:\/\/loja.dara.pt\/wp-content\/uploads\/2023\/09\/Logo.jpg","width":300,"height":300,"caption":"My Dara International, LDA"},"image":{"@id":"https:\/\/loja.dara.pt\/#\/schema\/logo\/image\/"},"sameAs":["https:\/\/www.facebook.com\/My.Dara.International","https:\/\/x.com\/MyDaraInt","https:\/\/www.linkedin.com\/company\/my-dara-international-lda","https:\/\/www.instagram.com\/mydarainternational"]}]}},"_links":{"self":[{"href":"https:\/\/loja.dara.pt\/es\/wp-json\/wp\/v2\/pages\/4598","targetHints":{"allow":["GET"]}}],"collection":[{"href":"https:\/\/loja.dara.pt\/es\/wp-json\/wp\/v2\/pages"}],"about":[{"href":"https:\/\/loja.dara.pt\/es\/wp-json\/wp\/v2\/types\/page"}],"author":[{"embeddable":true,"href":"https:\/\/loja.dara.pt\/es\/wp-json\/wp\/v2\/users\/1"}],"replies":[{"embeddable":true,"href":"https:\/\/loja.dara.pt\/es\/wp-json\/wp\/v2\/comments?post=4598"}],"version-history":[{"count":14,"href":"https:\/\/loja.dara.pt\/es\/wp-json\/wp\/v2\/pages\/4598\/revisions"}],"predecessor-version":[{"id":9279,"href":"https:\/\/loja.dara.pt\/es\/wp-json\/wp\/v2\/pages\/4598\/revisions\/9279"}],"wp:attachment":[{"href":"https:\/\/loja.dara.pt\/es\/wp-json\/wp\/v2\/media?parent=4598"}],"curies":[{"name":"wp","href":"https:\/\/api.w.org\/{rel}","templated":true}]}}