{"id":1251,"date":"2019-10-17T11:32:46","date_gmt":"2019-10-17T11:32:46","guid":{"rendered":"https:\/\/loja.dara.pt\/?post_type=product&#038;p=1251"},"modified":"2026-01-19T09:38:26","modified_gmt":"2026-01-19T09:38:26","slug":"collant-medical-70den","status":"publish","type":"product","link":"https:\/\/loja.dara.pt\/es\/produto\/collant-medical-70den\/","title":{"rendered":"Panty De Descanso 70DEN"},"content":{"rendered":"<p>La Panty De Descanso 70DEN ejerce compresi\u00f3n graduada certificada que previne la formaci\u00f3n de edemas y varices.<\/p>\n<p>Proporciona un masaje relajante, aligerando los s\u00edntomas de piernas cansadas y doridas.<\/p>\n<p>&nbsp;<\/p>\n<p>Panty el\u00e1stico modelador con soporte del gl\u00fateo y planta masajeante que previne los s\u00edntomas de la fatiga.<\/p>\n<p>Contiene Aloe Vera que garantiza a tu piel una sensaci\u00f3n de frescor y confort.<\/p>\n<p>Fibras muy suaves en nido de abeja.<\/p>","protected":false},"excerpt":{"rendered":"<p>La Panty De Descanso 70DEN ejerce compresi\u00f3n graduada certificada que previne la formaci\u00f3n de edemas&#8230;<\/p>\n","protected":false},"featured_media":7526,"template":"","meta":{"_acf_changed":false,"inline_featured_image":false},"product_brand":[],"product_cat":[95],"product_tag":[],"class_list":{"0":"post-1251","1":"product","2":"type-product","3":"status-publish","4":"has-post-thumbnail","6":"product_cat-collants-medical","7":"pa_caracteristicas-aloe-vera","8":"pa_cor-duna","9":"pa_cor-preto","10":"pa_tipo-de-collants-perna-toda","12":"first","13":"outofstock","14":"taxable","15":"shipping-taxable","16":"purchasable","17":"product-type-variable"},"acf":[],"yoast_head":"<!-- This site is optimized with the Yoast SEO plugin v27.2 - https:\/\/yoast.com\/product\/yoast-seo-wordpress\/ -->\n<title>Panty De Descanso 70DEN - Dara<\/title>\n<meta name=\"description\" content=\"O Collant Medical 70DEN exerce uma compress\u00e3o gradual certificada que previne a forma\u00e7\u00e3o de edemas e varizes. Proporciona uma massagem relaxante.\" \/>\n<meta name=\"robots\" content=\"index, follow, max-snippet:-1, max-image-preview:large, max-video-preview:-1\" \/>\n<link rel=\"canonical\" href=\"https:\/\/loja.dara.pt\/es\/produto\/collant-medical-70den\/\" \/>\n<meta property=\"og:locale\" content=\"es_ES\" \/>\n<meta property=\"og:type\" content=\"article\" \/>\n<meta property=\"og:title\" content=\"Panty De Descanso 70DEN - Dara\" \/>\n<meta property=\"og:description\" content=\"O Collant Medical 70DEN exerce uma compress\u00e3o gradual certificada que previne a forma\u00e7\u00e3o de edemas e varizes. Proporciona uma massagem relaxante.\" \/>\n<meta property=\"og:url\" content=\"https:\/\/loja.dara.pt\/produto\/collant-medical-70den\/\" \/>\n<meta property=\"og:site_name\" content=\"Dara\" \/>\n<meta property=\"article:publisher\" content=\"https:\/\/www.facebook.com\/My.Dara.International\" \/>\n<meta property=\"article:modified_time\" content=\"2026-01-19T09:38:26+00:00\" \/>\n<meta property=\"og:image\" content=\"https:\/\/loja.dara.pt\/wp-content\/uploads\/2019\/10\/0945_0946.png\" \/>\n\t<meta property=\"og:image:width\" content=\"1400\" \/>\n\t<meta property=\"og:image:height\" content=\"1900\" \/>\n\t<meta property=\"og:image:type\" content=\"image\/png\" \/>\n<meta name=\"twitter:card\" content=\"summary_large_image\" \/>\n<meta name=\"twitter:site\" content=\"@MyDaraInt\" \/>\n<meta name=\"twitter:label1\" content=\"Tiempo de lectura\" \/>\n\t<meta name=\"twitter:data1\" content=\"1 minuto\" \/>\n<script type=\"application\/ld+json\" class=\"yoast-schema-graph\">{\"@context\":\"https:\/\/schema.org\",\"@graph\":[{\"@type\":\"WebPage\",\"@id\":\"https:\/\/loja.dara.pt\/produto\/collant-medical-70den\/\",\"url\":\"https:\/\/loja.dara.pt\/produto\/collant-medical-70den\/\",\"name\":\"Panty De Descanso 70DEN - Dara\",\"isPartOf\":{\"@id\":\"https:\/\/loja.dara.pt\/#website\"},\"primaryImageOfPage\":{\"@id\":\"https:\/\/loja.dara.pt\/produto\/collant-medical-70den\/#primaryimage\"},\"image\":{\"@id\":\"https:\/\/loja.dara.pt\/produto\/collant-medical-70den\/#primaryimage\"},\"thumbnailUrl\":\"https:\/\/loja.dara.pt\/wp-content\/uploads\/2019\/10\/0945_0946.png\",\"datePublished\":\"2019-10-17T11:32:46+00:00\",\"dateModified\":\"2026-01-19T09:38:26+00:00\",\"description\":\"O Collant Medical 70DEN exerce uma compress\u00e3o gradual certificada que previne a forma\u00e7\u00e3o de edemas e varizes. Proporciona uma massagem relaxante.\",\"breadcrumb\":{\"@id\":\"https:\/\/loja.dara.pt\/produto\/collant-medical-70den\/#breadcrumb\"},\"inLanguage\":\"es\",\"potentialAction\":[{\"@type\":\"ReadAction\",\"target\":[\"https:\/\/loja.dara.pt\/produto\/collant-medical-70den\/\"]}]},{\"@type\":\"ImageObject\",\"inLanguage\":\"es\",\"@id\":\"https:\/\/loja.dara.pt\/produto\/collant-medical-70den\/#primaryimage\",\"url\":\"https:\/\/loja.dara.pt\/wp-content\/uploads\/2019\/10\/0945_0946.png\",\"contentUrl\":\"https:\/\/loja.dara.pt\/wp-content\/uploads\/2019\/10\/0945_0946.png\",\"width\":1400,\"height\":1900,\"caption\":\"Collant Medical 70DEN\"},{\"@type\":\"BreadcrumbList\",\"@id\":\"https:\/\/loja.dara.pt\/produto\/collant-medical-70den\/#breadcrumb\",\"itemListElement\":[{\"@type\":\"ListItem\",\"position\":1,\"name\":\"Home\",\"item\":\"https:\/\/loja.dara.pt\/\"},{\"@type\":\"ListItem\",\"position\":2,\"name\":\"Loja\",\"item\":\"https:\/\/loja.dara.pt\/loja\/\"},{\"@type\":\"ListItem\",\"position\":3,\"name\":\"Collant Medical 70DEN\"}]},{\"@type\":\"WebSite\",\"@id\":\"https:\/\/loja.dara.pt\/#website\",\"url\":\"https:\/\/loja.dara.pt\/\",\"name\":\"Loja Dara\",\"description\":\"My Dara International, LDA especialistas em meias, pe\u00fagas e collants\",\"publisher\":{\"@id\":\"https:\/\/loja.dara.pt\/#organization\"},\"alternateName\":\"Dara\",\"potentialAction\":[{\"@type\":\"SearchAction\",\"target\":{\"@type\":\"EntryPoint\",\"urlTemplate\":\"https:\/\/loja.dara.pt\/?s={search_term_string}\"},\"query-input\":{\"@type\":\"PropertyValueSpecification\",\"valueRequired\":true,\"valueName\":\"search_term_string\"}}],\"inLanguage\":\"es\"},{\"@type\":\"Organization\",\"@id\":\"https:\/\/loja.dara.pt\/#organization\",\"name\":\"My Dara International, LDA\",\"url\":\"https:\/\/loja.dara.pt\/\",\"logo\":{\"@type\":\"ImageObject\",\"inLanguage\":\"es\",\"@id\":\"https:\/\/loja.dara.pt\/#\/schema\/logo\/image\/\",\"url\":\"https:\/\/loja.dara.pt\/wp-content\/uploads\/2023\/09\/Logo.jpg\",\"contentUrl\":\"https:\/\/loja.dara.pt\/wp-content\/uploads\/2023\/09\/Logo.jpg\",\"width\":300,\"height\":300,\"caption\":\"My Dara International, LDA\"},\"image\":{\"@id\":\"https:\/\/loja.dara.pt\/#\/schema\/logo\/image\/\"},\"sameAs\":[\"https:\/\/www.facebook.com\/My.Dara.International\",\"https:\/\/x.com\/MyDaraInt\",\"https:\/\/www.linkedin.com\/company\/my-dara-international-lda\",\"https:\/\/www.instagram.com\/mydarainternational\"]}]}<\/script>\n<!-- \/ Yoast SEO plugin. -->","yoast_head_json":{"title":"Panty De Descanso 70DEN - Dara","description":"O Collant Medical 70DEN exerce uma compress\u00e3o gradual certificada que previne a forma\u00e7\u00e3o de edemas e varizes. Proporciona uma massagem relaxante.","robots":{"index":"index","follow":"follow","max-snippet":"max-snippet:-1","max-image-preview":"max-image-preview:large","max-video-preview":"max-video-preview:-1"},"canonical":"https:\/\/loja.dara.pt\/es\/produto\/collant-medical-70den\/","og_locale":"es_ES","og_type":"article","og_title":"Panty De Descanso 70DEN - Dara","og_description":"O Collant Medical 70DEN exerce uma compress\u00e3o gradual certificada que previne a forma\u00e7\u00e3o de edemas e varizes. Proporciona uma massagem relaxante.","og_url":"https:\/\/loja.dara.pt\/produto\/collant-medical-70den\/","og_site_name":"Dara","article_publisher":"https:\/\/www.facebook.com\/My.Dara.International","article_modified_time":"2026-01-19T09:38:26+00:00","og_image":[{"width":1400,"height":1900,"url":"https:\/\/loja.dara.pt\/wp-content\/uploads\/2019\/10\/0945_0946.png","type":"image\/png"}],"twitter_card":"summary_large_image","twitter_site":"@MyDaraInt","twitter_misc":{"Tiempo de lectura":"1 minuto"},"schema":{"@context":"https:\/\/schema.org","@graph":[{"@type":"WebPage","@id":"https:\/\/loja.dara.pt\/produto\/collant-medical-70den\/","url":"https:\/\/loja.dara.pt\/produto\/collant-medical-70den\/","name":"Panty De Descanso 70DEN - Dara","isPartOf":{"@id":"https:\/\/loja.dara.pt\/#website"},"primaryImageOfPage":{"@id":"https:\/\/loja.dara.pt\/produto\/collant-medical-70den\/#primaryimage"},"image":{"@id":"https:\/\/loja.dara.pt\/produto\/collant-medical-70den\/#primaryimage"},"thumbnailUrl":"https:\/\/loja.dara.pt\/wp-content\/uploads\/2019\/10\/0945_0946.png","datePublished":"2019-10-17T11:32:46+00:00","dateModified":"2026-01-19T09:38:26+00:00","description":"O Collant Medical 70DEN exerce uma compress\u00e3o gradual certificada que previne a forma\u00e7\u00e3o de edemas e varizes. Proporciona uma massagem relaxante.","breadcrumb":{"@id":"https:\/\/loja.dara.pt\/produto\/collant-medical-70den\/#breadcrumb"},"inLanguage":"es","potentialAction":[{"@type":"ReadAction","target":["https:\/\/loja.dara.pt\/produto\/collant-medical-70den\/"]}]},{"@type":"ImageObject","inLanguage":"es","@id":"https:\/\/loja.dara.pt\/produto\/collant-medical-70den\/#primaryimage","url":"https:\/\/loja.dara.pt\/wp-content\/uploads\/2019\/10\/0945_0946.png","contentUrl":"https:\/\/loja.dara.pt\/wp-content\/uploads\/2019\/10\/0945_0946.png","width":1400,"height":1900,"caption":"Collant Medical 70DEN"},{"@type":"BreadcrumbList","@id":"https:\/\/loja.dara.pt\/produto\/collant-medical-70den\/#breadcrumb","itemListElement":[{"@type":"ListItem","position":1,"name":"Home","item":"https:\/\/loja.dara.pt\/"},{"@type":"ListItem","position":2,"name":"Loja","item":"https:\/\/loja.dara.pt\/loja\/"},{"@type":"ListItem","position":3,"name":"Collant Medical 70DEN"}]},{"@type":"WebSite","@id":"https:\/\/loja.dara.pt\/#website","url":"https:\/\/loja.dara.pt\/","name":"Loja Dara","description":"My Dara International, LDA especialistas em meias, pe\u00fagas e collants","publisher":{"@id":"https:\/\/loja.dara.pt\/#organization"},"alternateName":"Dara","potentialAction":[{"@type":"SearchAction","target":{"@type":"EntryPoint","urlTemplate":"https:\/\/loja.dara.pt\/?s={search_term_string}"},"query-input":{"@type":"PropertyValueSpecification","valueRequired":true,"valueName":"search_term_string"}}],"inLanguage":"es"},{"@type":"Organization","@id":"https:\/\/loja.dara.pt\/#organization","name":"My Dara International, LDA","url":"https:\/\/loja.dara.pt\/","logo":{"@type":"ImageObject","inLanguage":"es","@id":"https:\/\/loja.dara.pt\/#\/schema\/logo\/image\/","url":"https:\/\/loja.dara.pt\/wp-content\/uploads\/2023\/09\/Logo.jpg","contentUrl":"https:\/\/loja.dara.pt\/wp-content\/uploads\/2023\/09\/Logo.jpg","width":300,"height":300,"caption":"My Dara International, LDA"},"image":{"@id":"https:\/\/loja.dara.pt\/#\/schema\/logo\/image\/"},"sameAs":["https:\/\/www.facebook.com\/My.Dara.International","https:\/\/x.com\/MyDaraInt","https:\/\/www.linkedin.com\/company\/my-dara-international-lda","https:\/\/www.instagram.com\/mydarainternational"]}]}},"_links":{"self":[{"href":"https:\/\/loja.dara.pt\/es\/wp-json\/wp\/v2\/product\/1251","targetHints":{"allow":["GET"]}}],"collection":[{"href":"https:\/\/loja.dara.pt\/es\/wp-json\/wp\/v2\/product"}],"about":[{"href":"https:\/\/loja.dara.pt\/es\/wp-json\/wp\/v2\/types\/product"}],"wp:featuredmedia":[{"embeddable":true,"href":"https:\/\/loja.dara.pt\/es\/wp-json\/wp\/v2\/media\/7526"}],"wp:attachment":[{"href":"https:\/\/loja.dara.pt\/es\/wp-json\/wp\/v2\/media?parent=1251"}],"wp:term":[{"taxonomy":"product_brand","embeddable":true,"href":"https:\/\/loja.dara.pt\/es\/wp-json\/wp\/v2\/product_brand?post=1251"},{"taxonomy":"product_cat","embeddable":true,"href":"https:\/\/loja.dara.pt\/es\/wp-json\/wp\/v2\/product_cat?post=1251"},{"taxonomy":"product_tag","embeddable":true,"href":"https:\/\/loja.dara.pt\/es\/wp-json\/wp\/v2\/product_tag?post=1251"}],"curies":[{"name":"wp","href":"https:\/\/api.w.org\/{rel}","templated":true}]}}