{"id":6528,"date":"2023-09-22T11:54:17","date_gmt":"2023-09-22T10:54:17","guid":{"rendered":"https:\/\/loja.dara.pt\/?post_type=product&#038;p=6528"},"modified":"2025-07-09T15:25:10","modified_gmt":"2025-07-09T14:25:10","slug":"meias-bebe-com-pintas","status":"publish","type":"product","link":"https:\/\/loja.dara.pt\/es\/produto\/meias-bebe-com-pintas\/","title":{"rendered":"Calcetines de lunares para reci\u00e9n nacido (en caja)"},"content":{"rendered":"<p>Calcetines para reci\u00e9n nacido. Hechos de algod\u00f3n de calidad para la comodidad de tu beb\u00e9.<\/p>\n<p>&nbsp;<\/p>\n<p>-Cada caja contiene los 6 calcetines que se muestran en las fotos.<\/p>","protected":false},"excerpt":{"rendered":"<p>Calcetines para reci\u00e9n nacido. Hechos de algod\u00f3n de calidad para la comodidad de tu beb\u00e9&#8230;.<\/p>\n","protected":false},"featured_media":8066,"template":"","meta":{"_acf_changed":false,"inline_featured_image":false},"product_brand":[],"product_cat":[81,82,86],"product_tag":[],"class_list":{"0":"post-6528","1":"product","2":"type-product","3":"status-publish","4":"has-post-thumbnail","6":"product_cat-baby","7":"product_cat-meias-baby","8":"product_cat-meias-meias-baby","9":"pa_cor-branco","10":"pa_cor-branco-cinza","11":"pa_cor-cru","12":"pa_cor-cru-rosa","13":"pa_cor-cru-bege","14":"pa_tipo-de-meia-tornozelo","16":"first","17":"instock","18":"taxable","19":"shipping-taxable","20":"purchasable","21":"product-type-variable"},"acf":[],"yoast_head":"<!-- This site is optimized with the Yoast SEO plugin v27.2 - https:\/\/yoast.com\/product\/yoast-seo-wordpress\/ -->\n<title>Calcetines de lunares para reci\u00e9n nacido (en caja) - Dara<\/title>\n<meta name=\"description\" content=\"Meias Beb\u00e9 com pintas. Produzidas em algod\u00e3o de qualidade para o maior conforto dos beb\u00e9s.\u00a0Cada caixa cont\u00e9m as 6 Meias apresentadas nas fotografias\" \/>\n<meta name=\"robots\" content=\"index, follow, max-snippet:-1, max-image-preview:large, max-video-preview:-1\" \/>\n<link rel=\"canonical\" href=\"https:\/\/loja.dara.pt\/es\/produto\/meias-bebe-com-pintas\/\" \/>\n<meta property=\"og:locale\" content=\"es_ES\" \/>\n<meta property=\"og:type\" content=\"article\" \/>\n<meta property=\"og:title\" content=\"Calcetines de lunares para reci\u00e9n nacido (en caja) - Dara\" \/>\n<meta property=\"og:description\" content=\"Meias Beb\u00e9 com pintas. Produzidas em algod\u00e3o de qualidade para o maior conforto dos beb\u00e9s.\u00a0Cada caixa cont\u00e9m as 6 Meias apresentadas nas fotografias\" \/>\n<meta property=\"og:url\" content=\"https:\/\/loja.dara.pt\/produto\/meias-bebe-com-pintas\/\" \/>\n<meta property=\"og:site_name\" content=\"Dara\" \/>\n<meta property=\"article:publisher\" content=\"https:\/\/www.facebook.com\/My.Dara.International\" \/>\n<meta property=\"article:modified_time\" content=\"2025-07-09T14:25:10+00:00\" \/>\n<meta property=\"og:image\" content=\"https:\/\/loja.dara.pt\/wp-content\/uploads\/2025\/01\/1269_3.jpg\" \/>\n\t<meta property=\"og:image:width\" content=\"1400\" \/>\n\t<meta property=\"og:image:height\" content=\"1900\" \/>\n\t<meta property=\"og:image:type\" content=\"image\/jpeg\" \/>\n<meta name=\"twitter:card\" content=\"summary_large_image\" \/>\n<meta name=\"twitter:site\" content=\"@MyDaraInt\" \/>\n<meta name=\"twitter:label1\" content=\"Tiempo de lectura\" \/>\n\t<meta name=\"twitter:data1\" content=\"1 minuto\" \/>\n<script type=\"application\/ld+json\" class=\"yoast-schema-graph\">{\"@context\":\"https:\/\/schema.org\",\"@graph\":[{\"@type\":\"WebPage\",\"@id\":\"https:\/\/loja.dara.pt\/produto\/meias-bebe-com-pintas\/\",\"url\":\"https:\/\/loja.dara.pt\/produto\/meias-bebe-com-pintas\/\",\"name\":\"Calcetines de lunares para reci\u00e9n nacido (en caja) - Dara\",\"isPartOf\":{\"@id\":\"https:\/\/loja.dara.pt\/#website\"},\"primaryImageOfPage\":{\"@id\":\"https:\/\/loja.dara.pt\/produto\/meias-bebe-com-pintas\/#primaryimage\"},\"image\":{\"@id\":\"https:\/\/loja.dara.pt\/produto\/meias-bebe-com-pintas\/#primaryimage\"},\"thumbnailUrl\":\"https:\/\/loja.dara.pt\/wp-content\/uploads\/2025\/01\/1269_3.jpg\",\"datePublished\":\"2023-09-22T10:54:17+00:00\",\"dateModified\":\"2025-07-09T14:25:10+00:00\",\"description\":\"Meias Beb\u00e9 com pintas. Produzidas em algod\u00e3o de qualidade para o maior conforto dos beb\u00e9s.\u00a0Cada caixa cont\u00e9m as 6 Meias apresentadas nas fotografias\",\"breadcrumb\":{\"@id\":\"https:\/\/loja.dara.pt\/produto\/meias-bebe-com-pintas\/#breadcrumb\"},\"inLanguage\":\"es\",\"potentialAction\":[{\"@type\":\"ReadAction\",\"target\":[\"https:\/\/loja.dara.pt\/produto\/meias-bebe-com-pintas\/\"]}]},{\"@type\":\"ImageObject\",\"inLanguage\":\"es\",\"@id\":\"https:\/\/loja.dara.pt\/produto\/meias-bebe-com-pintas\/#primaryimage\",\"url\":\"https:\/\/loja.dara.pt\/wp-content\/uploads\/2025\/01\/1269_3.jpg\",\"contentUrl\":\"https:\/\/loja.dara.pt\/wp-content\/uploads\/2025\/01\/1269_3.jpg\",\"width\":1400,\"height\":1900,\"caption\":\"Meia para Beb\u00e9 com Pintas Branca e Rosa\"},{\"@type\":\"BreadcrumbList\",\"@id\":\"https:\/\/loja.dara.pt\/produto\/meias-bebe-com-pintas\/#breadcrumb\",\"itemListElement\":[{\"@type\":\"ListItem\",\"position\":1,\"name\":\"Home\",\"item\":\"https:\/\/loja.dara.pt\/\"},{\"@type\":\"ListItem\",\"position\":2,\"name\":\"Loja\",\"item\":\"https:\/\/loja.dara.pt\/loja\/\"},{\"@type\":\"ListItem\",\"position\":3,\"name\":\"Meia Beb\u00e9 com Pintas em Caixa\"}]},{\"@type\":\"WebSite\",\"@id\":\"https:\/\/loja.dara.pt\/#website\",\"url\":\"https:\/\/loja.dara.pt\/\",\"name\":\"Loja Dara\",\"description\":\"My Dara International, LDA especialistas em meias, pe\u00fagas e collants\",\"publisher\":{\"@id\":\"https:\/\/loja.dara.pt\/#organization\"},\"alternateName\":\"Dara\",\"potentialAction\":[{\"@type\":\"SearchAction\",\"target\":{\"@type\":\"EntryPoint\",\"urlTemplate\":\"https:\/\/loja.dara.pt\/?s={search_term_string}\"},\"query-input\":{\"@type\":\"PropertyValueSpecification\",\"valueRequired\":true,\"valueName\":\"search_term_string\"}}],\"inLanguage\":\"es\"},{\"@type\":\"Organization\",\"@id\":\"https:\/\/loja.dara.pt\/#organization\",\"name\":\"My Dara International, LDA\",\"url\":\"https:\/\/loja.dara.pt\/\",\"logo\":{\"@type\":\"ImageObject\",\"inLanguage\":\"es\",\"@id\":\"https:\/\/loja.dara.pt\/#\/schema\/logo\/image\/\",\"url\":\"https:\/\/loja.dara.pt\/wp-content\/uploads\/2023\/09\/Logo.jpg\",\"contentUrl\":\"https:\/\/loja.dara.pt\/wp-content\/uploads\/2023\/09\/Logo.jpg\",\"width\":300,\"height\":300,\"caption\":\"My Dara International, LDA\"},\"image\":{\"@id\":\"https:\/\/loja.dara.pt\/#\/schema\/logo\/image\/\"},\"sameAs\":[\"https:\/\/www.facebook.com\/My.Dara.International\",\"https:\/\/x.com\/MyDaraInt\",\"https:\/\/www.linkedin.com\/company\/my-dara-international-lda\",\"https:\/\/www.instagram.com\/mydarainternational\"]}]}<\/script>\n<!-- \/ Yoast SEO plugin. -->","yoast_head_json":{"title":"Calcetines de lunares para reci\u00e9n nacido (en caja) - Dara","description":"Meias Beb\u00e9 com pintas. Produzidas em algod\u00e3o de qualidade para o maior conforto dos beb\u00e9s.\u00a0Cada caixa cont\u00e9m as 6 Meias apresentadas nas fotografias","robots":{"index":"index","follow":"follow","max-snippet":"max-snippet:-1","max-image-preview":"max-image-preview:large","max-video-preview":"max-video-preview:-1"},"canonical":"https:\/\/loja.dara.pt\/es\/produto\/meias-bebe-com-pintas\/","og_locale":"es_ES","og_type":"article","og_title":"Calcetines de lunares para reci\u00e9n nacido (en caja) - Dara","og_description":"Meias Beb\u00e9 com pintas. Produzidas em algod\u00e3o de qualidade para o maior conforto dos beb\u00e9s.\u00a0Cada caixa cont\u00e9m as 6 Meias apresentadas nas fotografias","og_url":"https:\/\/loja.dara.pt\/produto\/meias-bebe-com-pintas\/","og_site_name":"Dara","article_publisher":"https:\/\/www.facebook.com\/My.Dara.International","article_modified_time":"2025-07-09T14:25:10+00:00","og_image":[{"width":1400,"height":1900,"url":"https:\/\/loja.dara.pt\/wp-content\/uploads\/2025\/01\/1269_3.jpg","type":"image\/jpeg"}],"twitter_card":"summary_large_image","twitter_site":"@MyDaraInt","twitter_misc":{"Tiempo de lectura":"1 minuto"},"schema":{"@context":"https:\/\/schema.org","@graph":[{"@type":"WebPage","@id":"https:\/\/loja.dara.pt\/produto\/meias-bebe-com-pintas\/","url":"https:\/\/loja.dara.pt\/produto\/meias-bebe-com-pintas\/","name":"Calcetines de lunares para reci\u00e9n nacido (en caja) - Dara","isPartOf":{"@id":"https:\/\/loja.dara.pt\/#website"},"primaryImageOfPage":{"@id":"https:\/\/loja.dara.pt\/produto\/meias-bebe-com-pintas\/#primaryimage"},"image":{"@id":"https:\/\/loja.dara.pt\/produto\/meias-bebe-com-pintas\/#primaryimage"},"thumbnailUrl":"https:\/\/loja.dara.pt\/wp-content\/uploads\/2025\/01\/1269_3.jpg","datePublished":"2023-09-22T10:54:17+00:00","dateModified":"2025-07-09T14:25:10+00:00","description":"Meias Beb\u00e9 com pintas. Produzidas em algod\u00e3o de qualidade para o maior conforto dos beb\u00e9s.\u00a0Cada caixa cont\u00e9m as 6 Meias apresentadas nas fotografias","breadcrumb":{"@id":"https:\/\/loja.dara.pt\/produto\/meias-bebe-com-pintas\/#breadcrumb"},"inLanguage":"es","potentialAction":[{"@type":"ReadAction","target":["https:\/\/loja.dara.pt\/produto\/meias-bebe-com-pintas\/"]}]},{"@type":"ImageObject","inLanguage":"es","@id":"https:\/\/loja.dara.pt\/produto\/meias-bebe-com-pintas\/#primaryimage","url":"https:\/\/loja.dara.pt\/wp-content\/uploads\/2025\/01\/1269_3.jpg","contentUrl":"https:\/\/loja.dara.pt\/wp-content\/uploads\/2025\/01\/1269_3.jpg","width":1400,"height":1900,"caption":"Meia para Beb\u00e9 com Pintas Branca e Rosa"},{"@type":"BreadcrumbList","@id":"https:\/\/loja.dara.pt\/produto\/meias-bebe-com-pintas\/#breadcrumb","itemListElement":[{"@type":"ListItem","position":1,"name":"Home","item":"https:\/\/loja.dara.pt\/"},{"@type":"ListItem","position":2,"name":"Loja","item":"https:\/\/loja.dara.pt\/loja\/"},{"@type":"ListItem","position":3,"name":"Meia Beb\u00e9 com Pintas em Caixa"}]},{"@type":"WebSite","@id":"https:\/\/loja.dara.pt\/#website","url":"https:\/\/loja.dara.pt\/","name":"Loja Dara","description":"My Dara International, LDA especialistas em meias, pe\u00fagas e collants","publisher":{"@id":"https:\/\/loja.dara.pt\/#organization"},"alternateName":"Dara","potentialAction":[{"@type":"SearchAction","target":{"@type":"EntryPoint","urlTemplate":"https:\/\/loja.dara.pt\/?s={search_term_string}"},"query-input":{"@type":"PropertyValueSpecification","valueRequired":true,"valueName":"search_term_string"}}],"inLanguage":"es"},{"@type":"Organization","@id":"https:\/\/loja.dara.pt\/#organization","name":"My Dara International, LDA","url":"https:\/\/loja.dara.pt\/","logo":{"@type":"ImageObject","inLanguage":"es","@id":"https:\/\/loja.dara.pt\/#\/schema\/logo\/image\/","url":"https:\/\/loja.dara.pt\/wp-content\/uploads\/2023\/09\/Logo.jpg","contentUrl":"https:\/\/loja.dara.pt\/wp-content\/uploads\/2023\/09\/Logo.jpg","width":300,"height":300,"caption":"My Dara International, LDA"},"image":{"@id":"https:\/\/loja.dara.pt\/#\/schema\/logo\/image\/"},"sameAs":["https:\/\/www.facebook.com\/My.Dara.International","https:\/\/x.com\/MyDaraInt","https:\/\/www.linkedin.com\/company\/my-dara-international-lda","https:\/\/www.instagram.com\/mydarainternational"]}]}},"_links":{"self":[{"href":"https:\/\/loja.dara.pt\/es\/wp-json\/wp\/v2\/product\/6528","targetHints":{"allow":["GET"]}}],"collection":[{"href":"https:\/\/loja.dara.pt\/es\/wp-json\/wp\/v2\/product"}],"about":[{"href":"https:\/\/loja.dara.pt\/es\/wp-json\/wp\/v2\/types\/product"}],"wp:featuredmedia":[{"embeddable":true,"href":"https:\/\/loja.dara.pt\/es\/wp-json\/wp\/v2\/media\/8066"}],"wp:attachment":[{"href":"https:\/\/loja.dara.pt\/es\/wp-json\/wp\/v2\/media?parent=6528"}],"wp:term":[{"taxonomy":"product_brand","embeddable":true,"href":"https:\/\/loja.dara.pt\/es\/wp-json\/wp\/v2\/product_brand?post=6528"},{"taxonomy":"product_cat","embeddable":true,"href":"https:\/\/loja.dara.pt\/es\/wp-json\/wp\/v2\/product_cat?post=6528"},{"taxonomy":"product_tag","embeddable":true,"href":"https:\/\/loja.dara.pt\/es\/wp-json\/wp\/v2\/product_tag?post=6528"}],"curies":[{"name":"wp","href":"https:\/\/api.w.org\/{rel}","templated":true}]}}