{"id":6556,"date":"2023-09-22T15:15:54","date_gmt":"2023-09-22T14:15:54","guid":{"rendered":"https:\/\/loja.dara.pt\/?post_type=product&#038;p=6556"},"modified":"2026-01-07T16:33:28","modified_gmt":"2026-01-07T16:33:28","slug":"meia-bebe-newborn-algodao-organico","status":"publish","type":"product","link":"https:\/\/loja.dara.pt\/es\/produto\/meia-bebe-newborn-algodao-organico\/","title":{"rendered":"Calcetines Reci\u00e9n Nacidos Algod\u00f3n Org\u00e1nico"},"content":{"rendered":"<p>Calcetines para reci\u00e9n nacidos de algod\u00f3n org\u00e1nico, ideales para pieles sensibles.<\/p>\n<p>&nbsp;<\/p>\n<p>Con interior afelpado, ofrecen un tacto suave y acogedor, manteniendo los pies calentitos.<\/p>","protected":false},"excerpt":{"rendered":"<p>Calcetines para reci\u00e9n nacidos de algod\u00f3n org\u00e1nico, ideales para pieles sensibles. &nbsp; Con interior afelpado,&#8230;<\/p>\n","protected":false},"featured_media":8632,"template":"","meta":{"_acf_changed":false,"inline_featured_image":false},"product_brand":[],"product_cat":[81,82,86],"product_tag":[],"class_list":{"0":"post-6556","1":"product","2":"type-product","3":"status-publish","4":"has-post-thumbnail","6":"product_cat-baby","7":"product_cat-meias-baby","8":"product_cat-meias-meias-baby","9":"pa_cor-azul-bebe","10":"pa_cor-bege","11":"pa_cor-cinza-mescla","12":"pa_cor-cru","13":"pa_cor-marinho","14":"pa_cor-rosa-bebe","15":"pa_tipo-de-meia-tornozelo","17":"first","18":"instock","19":"taxable","20":"shipping-taxable","21":"purchasable","22":"product-type-variable"},"acf":[],"yoast_head":"<!-- This site is optimized with the Yoast SEO plugin v27.2 - https:\/\/yoast.com\/product\/yoast-seo-wordpress\/ -->\n<title>Calcetines Reci\u00e9n Nacidos Algod\u00f3n Org\u00e1nico - Dara<\/title>\n<meta name=\"description\" content=\"Meias para rec\u00e9m nascido, produzidas em algod\u00e3o org\u00e2nico, \u00f3timas para peles sens\u00edveis. Com interior em felpa, mantendo os p\u00e9s quentinhos.\" \/>\n<meta name=\"robots\" content=\"index, follow, max-snippet:-1, max-image-preview:large, max-video-preview:-1\" \/>\n<link rel=\"canonical\" href=\"https:\/\/loja.dara.pt\/es\/produto\/meia-bebe-newborn-algodao-organico\/\" \/>\n<meta property=\"og:locale\" content=\"es_ES\" \/>\n<meta property=\"og:type\" content=\"article\" \/>\n<meta property=\"og:title\" content=\"Calcetines Reci\u00e9n Nacidos Algod\u00f3n Org\u00e1nico - Dara\" \/>\n<meta property=\"og:description\" content=\"Meias para rec\u00e9m nascido, produzidas em algod\u00e3o org\u00e2nico, \u00f3timas para peles sens\u00edveis. Com interior em felpa, mantendo os p\u00e9s quentinhos.\" \/>\n<meta property=\"og:url\" content=\"https:\/\/loja.dara.pt\/produto\/meia-bebe-newborn-algodao-organico\/\" \/>\n<meta property=\"og:site_name\" content=\"Dara\" \/>\n<meta property=\"article:publisher\" content=\"https:\/\/www.facebook.com\/My.Dara.International\" \/>\n<meta property=\"article:modified_time\" content=\"2026-01-07T16:33:28+00:00\" \/>\n<meta property=\"og:image\" content=\"https:\/\/loja.dara.pt\/wp-content\/uploads\/2023\/09\/PG1266_2.jpg\" \/>\n\t<meta property=\"og:image:width\" content=\"1400\" \/>\n\t<meta property=\"og:image:height\" content=\"1900\" \/>\n\t<meta property=\"og:image:type\" content=\"image\/jpeg\" \/>\n<meta name=\"twitter:card\" content=\"summary_large_image\" \/>\n<meta name=\"twitter:site\" content=\"@MyDaraInt\" \/>\n<meta name=\"twitter:label1\" content=\"Tiempo de lectura\" \/>\n\t<meta name=\"twitter:data1\" content=\"1 minuto\" \/>\n<script type=\"application\/ld+json\" class=\"yoast-schema-graph\">{\"@context\":\"https:\/\/schema.org\",\"@graph\":[{\"@type\":\"WebPage\",\"@id\":\"https:\/\/loja.dara.pt\/produto\/meia-bebe-newborn-algodao-organico\/\",\"url\":\"https:\/\/loja.dara.pt\/produto\/meia-bebe-newborn-algodao-organico\/\",\"name\":\"Calcetines Reci\u00e9n Nacidos Algod\u00f3n Org\u00e1nico - Dara\",\"isPartOf\":{\"@id\":\"https:\/\/loja.dara.pt\/#website\"},\"primaryImageOfPage\":{\"@id\":\"https:\/\/loja.dara.pt\/produto\/meia-bebe-newborn-algodao-organico\/#primaryimage\"},\"image\":{\"@id\":\"https:\/\/loja.dara.pt\/produto\/meia-bebe-newborn-algodao-organico\/#primaryimage\"},\"thumbnailUrl\":\"https:\/\/loja.dara.pt\/wp-content\/uploads\/2023\/09\/PG1266_2.jpg\",\"datePublished\":\"2023-09-22T14:15:54+00:00\",\"dateModified\":\"2026-01-07T16:33:28+00:00\",\"description\":\"Meias para rec\u00e9m nascido, produzidas em algod\u00e3o org\u00e2nico, \u00f3timas para peles sens\u00edveis. Com interior em felpa, mantendo os p\u00e9s quentinhos.\",\"breadcrumb\":{\"@id\":\"https:\/\/loja.dara.pt\/produto\/meia-bebe-newborn-algodao-organico\/#breadcrumb\"},\"inLanguage\":\"es\",\"potentialAction\":[{\"@type\":\"ReadAction\",\"target\":[\"https:\/\/loja.dara.pt\/produto\/meia-bebe-newborn-algodao-organico\/\"]}]},{\"@type\":\"ImageObject\",\"inLanguage\":\"es\",\"@id\":\"https:\/\/loja.dara.pt\/produto\/meia-bebe-newborn-algodao-organico\/#primaryimage\",\"url\":\"https:\/\/loja.dara.pt\/wp-content\/uploads\/2023\/09\/PG1266_2.jpg\",\"contentUrl\":\"https:\/\/loja.dara.pt\/wp-content\/uploads\/2023\/09\/PG1266_2.jpg\",\"width\":1400,\"height\":1900,\"caption\":\"Meias de algod\u00e3o org\u00e2nico para rec\u00e9m nascido Azul Beb\u00e9\"},{\"@type\":\"BreadcrumbList\",\"@id\":\"https:\/\/loja.dara.pt\/produto\/meia-bebe-newborn-algodao-organico\/#breadcrumb\",\"itemListElement\":[{\"@type\":\"ListItem\",\"position\":1,\"name\":\"Home\",\"item\":\"https:\/\/loja.dara.pt\/\"},{\"@type\":\"ListItem\",\"position\":2,\"name\":\"Loja\",\"item\":\"https:\/\/loja.dara.pt\/loja\/\"},{\"@type\":\"ListItem\",\"position\":3,\"name\":\"Meias rec\u00e9m nascido em algod\u00e3o org\u00e2nico\"}]},{\"@type\":\"WebSite\",\"@id\":\"https:\/\/loja.dara.pt\/#website\",\"url\":\"https:\/\/loja.dara.pt\/\",\"name\":\"Loja Dara\",\"description\":\"My Dara International, LDA especialistas em meias, pe\u00fagas e collants\",\"publisher\":{\"@id\":\"https:\/\/loja.dara.pt\/#organization\"},\"alternateName\":\"Dara\",\"potentialAction\":[{\"@type\":\"SearchAction\",\"target\":{\"@type\":\"EntryPoint\",\"urlTemplate\":\"https:\/\/loja.dara.pt\/?s={search_term_string}\"},\"query-input\":{\"@type\":\"PropertyValueSpecification\",\"valueRequired\":true,\"valueName\":\"search_term_string\"}}],\"inLanguage\":\"es\"},{\"@type\":\"Organization\",\"@id\":\"https:\/\/loja.dara.pt\/#organization\",\"name\":\"My Dara International, LDA\",\"url\":\"https:\/\/loja.dara.pt\/\",\"logo\":{\"@type\":\"ImageObject\",\"inLanguage\":\"es\",\"@id\":\"https:\/\/loja.dara.pt\/#\/schema\/logo\/image\/\",\"url\":\"https:\/\/loja.dara.pt\/wp-content\/uploads\/2023\/09\/Logo.jpg\",\"contentUrl\":\"https:\/\/loja.dara.pt\/wp-content\/uploads\/2023\/09\/Logo.jpg\",\"width\":300,\"height\":300,\"caption\":\"My Dara International, LDA\"},\"image\":{\"@id\":\"https:\/\/loja.dara.pt\/#\/schema\/logo\/image\/\"},\"sameAs\":[\"https:\/\/www.facebook.com\/My.Dara.International\",\"https:\/\/x.com\/MyDaraInt\",\"https:\/\/www.linkedin.com\/company\/my-dara-international-lda\",\"https:\/\/www.instagram.com\/mydarainternational\"]}]}<\/script>\n<!-- \/ Yoast SEO plugin. -->","yoast_head_json":{"title":"Calcetines Reci\u00e9n Nacidos Algod\u00f3n Org\u00e1nico - Dara","description":"Meias para rec\u00e9m nascido, produzidas em algod\u00e3o org\u00e2nico, \u00f3timas para peles sens\u00edveis. Com interior em felpa, mantendo os p\u00e9s quentinhos.","robots":{"index":"index","follow":"follow","max-snippet":"max-snippet:-1","max-image-preview":"max-image-preview:large","max-video-preview":"max-video-preview:-1"},"canonical":"https:\/\/loja.dara.pt\/es\/produto\/meia-bebe-newborn-algodao-organico\/","og_locale":"es_ES","og_type":"article","og_title":"Calcetines Reci\u00e9n Nacidos Algod\u00f3n Org\u00e1nico - Dara","og_description":"Meias para rec\u00e9m nascido, produzidas em algod\u00e3o org\u00e2nico, \u00f3timas para peles sens\u00edveis. Com interior em felpa, mantendo os p\u00e9s quentinhos.","og_url":"https:\/\/loja.dara.pt\/produto\/meia-bebe-newborn-algodao-organico\/","og_site_name":"Dara","article_publisher":"https:\/\/www.facebook.com\/My.Dara.International","article_modified_time":"2026-01-07T16:33:28+00:00","og_image":[{"width":1400,"height":1900,"url":"https:\/\/loja.dara.pt\/wp-content\/uploads\/2023\/09\/PG1266_2.jpg","type":"image\/jpeg"}],"twitter_card":"summary_large_image","twitter_site":"@MyDaraInt","twitter_misc":{"Tiempo de lectura":"1 minuto"},"schema":{"@context":"https:\/\/schema.org","@graph":[{"@type":"WebPage","@id":"https:\/\/loja.dara.pt\/produto\/meia-bebe-newborn-algodao-organico\/","url":"https:\/\/loja.dara.pt\/produto\/meia-bebe-newborn-algodao-organico\/","name":"Calcetines Reci\u00e9n Nacidos Algod\u00f3n Org\u00e1nico - Dara","isPartOf":{"@id":"https:\/\/loja.dara.pt\/#website"},"primaryImageOfPage":{"@id":"https:\/\/loja.dara.pt\/produto\/meia-bebe-newborn-algodao-organico\/#primaryimage"},"image":{"@id":"https:\/\/loja.dara.pt\/produto\/meia-bebe-newborn-algodao-organico\/#primaryimage"},"thumbnailUrl":"https:\/\/loja.dara.pt\/wp-content\/uploads\/2023\/09\/PG1266_2.jpg","datePublished":"2023-09-22T14:15:54+00:00","dateModified":"2026-01-07T16:33:28+00:00","description":"Meias para rec\u00e9m nascido, produzidas em algod\u00e3o org\u00e2nico, \u00f3timas para peles sens\u00edveis. Com interior em felpa, mantendo os p\u00e9s quentinhos.","breadcrumb":{"@id":"https:\/\/loja.dara.pt\/produto\/meia-bebe-newborn-algodao-organico\/#breadcrumb"},"inLanguage":"es","potentialAction":[{"@type":"ReadAction","target":["https:\/\/loja.dara.pt\/produto\/meia-bebe-newborn-algodao-organico\/"]}]},{"@type":"ImageObject","inLanguage":"es","@id":"https:\/\/loja.dara.pt\/produto\/meia-bebe-newborn-algodao-organico\/#primaryimage","url":"https:\/\/loja.dara.pt\/wp-content\/uploads\/2023\/09\/PG1266_2.jpg","contentUrl":"https:\/\/loja.dara.pt\/wp-content\/uploads\/2023\/09\/PG1266_2.jpg","width":1400,"height":1900,"caption":"Meias de algod\u00e3o org\u00e2nico para rec\u00e9m nascido Azul Beb\u00e9"},{"@type":"BreadcrumbList","@id":"https:\/\/loja.dara.pt\/produto\/meia-bebe-newborn-algodao-organico\/#breadcrumb","itemListElement":[{"@type":"ListItem","position":1,"name":"Home","item":"https:\/\/loja.dara.pt\/"},{"@type":"ListItem","position":2,"name":"Loja","item":"https:\/\/loja.dara.pt\/loja\/"},{"@type":"ListItem","position":3,"name":"Meias rec\u00e9m nascido em algod\u00e3o org\u00e2nico"}]},{"@type":"WebSite","@id":"https:\/\/loja.dara.pt\/#website","url":"https:\/\/loja.dara.pt\/","name":"Loja Dara","description":"My Dara International, LDA especialistas em meias, pe\u00fagas e collants","publisher":{"@id":"https:\/\/loja.dara.pt\/#organization"},"alternateName":"Dara","potentialAction":[{"@type":"SearchAction","target":{"@type":"EntryPoint","urlTemplate":"https:\/\/loja.dara.pt\/?s={search_term_string}"},"query-input":{"@type":"PropertyValueSpecification","valueRequired":true,"valueName":"search_term_string"}}],"inLanguage":"es"},{"@type":"Organization","@id":"https:\/\/loja.dara.pt\/#organization","name":"My Dara International, LDA","url":"https:\/\/loja.dara.pt\/","logo":{"@type":"ImageObject","inLanguage":"es","@id":"https:\/\/loja.dara.pt\/#\/schema\/logo\/image\/","url":"https:\/\/loja.dara.pt\/wp-content\/uploads\/2023\/09\/Logo.jpg","contentUrl":"https:\/\/loja.dara.pt\/wp-content\/uploads\/2023\/09\/Logo.jpg","width":300,"height":300,"caption":"My Dara International, LDA"},"image":{"@id":"https:\/\/loja.dara.pt\/#\/schema\/logo\/image\/"},"sameAs":["https:\/\/www.facebook.com\/My.Dara.International","https:\/\/x.com\/MyDaraInt","https:\/\/www.linkedin.com\/company\/my-dara-international-lda","https:\/\/www.instagram.com\/mydarainternational"]}]}},"_links":{"self":[{"href":"https:\/\/loja.dara.pt\/es\/wp-json\/wp\/v2\/product\/6556","targetHints":{"allow":["GET"]}}],"collection":[{"href":"https:\/\/loja.dara.pt\/es\/wp-json\/wp\/v2\/product"}],"about":[{"href":"https:\/\/loja.dara.pt\/es\/wp-json\/wp\/v2\/types\/product"}],"wp:featuredmedia":[{"embeddable":true,"href":"https:\/\/loja.dara.pt\/es\/wp-json\/wp\/v2\/media\/8632"}],"wp:attachment":[{"href":"https:\/\/loja.dara.pt\/es\/wp-json\/wp\/v2\/media?parent=6556"}],"wp:term":[{"taxonomy":"product_brand","embeddable":true,"href":"https:\/\/loja.dara.pt\/es\/wp-json\/wp\/v2\/product_brand?post=6556"},{"taxonomy":"product_cat","embeddable":true,"href":"https:\/\/loja.dara.pt\/es\/wp-json\/wp\/v2\/product_cat?post=6556"},{"taxonomy":"product_tag","embeddable":true,"href":"https:\/\/loja.dara.pt\/es\/wp-json\/wp\/v2\/product_tag?post=6556"}],"curies":[{"name":"wp","href":"https:\/\/api.w.org\/{rel}","templated":true}]}}