{"id":6599,"date":"2023-09-26T15:34:24","date_gmt":"2023-09-26T14:34:24","guid":{"rendered":"https:\/\/loja.dara.pt\/?post_type=product&#038;p=6599"},"modified":"2025-07-03T16:43:58","modified_gmt":"2025-07-03T15:43:58","slug":"soquete-respiravel-com-banda-elastica","status":"publish","type":"product","link":"https:\/\/loja.dara.pt\/es\/produto\/soquete-respiravel-com-banda-elastica\/","title":{"rendered":"Tobillero Transpirable con banda el\u00e1stica"},"content":{"rendered":"<p>Tobillero Transpirable con banda el\u00e1stica, tal\u00f3n reforzado, puntera reforzada y sin costuras.<\/p>","protected":false},"excerpt":{"rendered":"<p>Tobillero Transpirable con banda el\u00e1stica, tal\u00f3n reforzado, puntera reforzada y sin costuras.<\/p>\n","protected":false},"featured_media":10197,"template":"","meta":{"_acf_changed":false,"inline_featured_image":false},"product_brand":[],"product_cat":[54,60,25,16],"product_tag":[],"class_list":{"0":"post-6599","1":"product","2":"type-product","3":"status-publish","4":"has-post-thumbnail","6":"product_cat-man","7":"product_cat-meias-curtas-meias-man","8":"product_cat-meias-curtas","9":"product_cat-woman","10":"pa_cor-branco","11":"pa_cor-cinza","12":"pa_cor-preto","13":"pa_tipo-de-meia-tornozelo","15":"first","16":"instock","17":"taxable","18":"shipping-taxable","19":"purchasable","20":"product-type-variable"},"acf":[],"yoast_head":"<!-- This site is optimized with the Yoast SEO plugin v27.2 - https:\/\/yoast.com\/product\/yoast-seo-wordpress\/ -->\n<title>Tobillero Transpirable con banda el\u00e1stica - Dara<\/title>\n<meta name=\"description\" content=\"Soquete respir\u00e1vel com banda el\u00e1stica, calcanhar refor\u00e7ado, biqueira refor\u00e7ada e sem costura.\u00a0\" \/>\n<meta name=\"robots\" content=\"index, follow, max-snippet:-1, max-image-preview:large, max-video-preview:-1\" \/>\n<link rel=\"canonical\" href=\"https:\/\/loja.dara.pt\/es\/produto\/soquete-respiravel-com-banda-elastica\/\" \/>\n<meta property=\"og:locale\" content=\"es_ES\" \/>\n<meta property=\"og:type\" content=\"article\" \/>\n<meta property=\"og:title\" content=\"Tobillero Transpirable con banda el\u00e1stica - Dara\" \/>\n<meta property=\"og:description\" content=\"Soquete respir\u00e1vel com banda el\u00e1stica, calcanhar refor\u00e7ado, biqueira refor\u00e7ada e sem costura.\u00a0\" \/>\n<meta property=\"og:url\" content=\"https:\/\/loja.dara.pt\/produto\/soquete-respiravel-com-banda-elastica\/\" \/>\n<meta property=\"og:site_name\" content=\"Dara\" \/>\n<meta property=\"article:publisher\" content=\"https:\/\/www.facebook.com\/My.Dara.International\" \/>\n<meta property=\"article:modified_time\" content=\"2025-07-03T15:43:58+00:00\" \/>\n<meta property=\"og:image\" content=\"https:\/\/loja.dara.pt\/wp-content\/uploads\/2025\/04\/1267_Preto.jpg\" \/>\n\t<meta property=\"og:image:width\" content=\"1400\" \/>\n\t<meta property=\"og:image:height\" content=\"1900\" \/>\n\t<meta property=\"og:image:type\" content=\"image\/jpeg\" \/>\n<meta name=\"twitter:card\" content=\"summary_large_image\" \/>\n<meta name=\"twitter:site\" content=\"@MyDaraInt\" \/>\n<meta name=\"twitter:label1\" content=\"Tiempo de lectura\" \/>\n\t<meta name=\"twitter:data1\" content=\"1 minuto\" \/>\n<script type=\"application\/ld+json\" class=\"yoast-schema-graph\">{\"@context\":\"https:\/\/schema.org\",\"@graph\":[{\"@type\":\"WebPage\",\"@id\":\"https:\/\/loja.dara.pt\/produto\/soquete-respiravel-com-banda-elastica\/\",\"url\":\"https:\/\/loja.dara.pt\/produto\/soquete-respiravel-com-banda-elastica\/\",\"name\":\"Tobillero Transpirable con banda el\u00e1stica - Dara\",\"isPartOf\":{\"@id\":\"https:\/\/loja.dara.pt\/#website\"},\"primaryImageOfPage\":{\"@id\":\"https:\/\/loja.dara.pt\/produto\/soquete-respiravel-com-banda-elastica\/#primaryimage\"},\"image\":{\"@id\":\"https:\/\/loja.dara.pt\/produto\/soquete-respiravel-com-banda-elastica\/#primaryimage\"},\"thumbnailUrl\":\"https:\/\/loja.dara.pt\/wp-content\/uploads\/2025\/04\/1267_Preto.jpg\",\"datePublished\":\"2023-09-26T14:34:24+00:00\",\"dateModified\":\"2025-07-03T15:43:58+00:00\",\"description\":\"Soquete respir\u00e1vel com banda el\u00e1stica, calcanhar refor\u00e7ado, biqueira refor\u00e7ada e sem costura.\u00a0\",\"breadcrumb\":{\"@id\":\"https:\/\/loja.dara.pt\/produto\/soquete-respiravel-com-banda-elastica\/#breadcrumb\"},\"inLanguage\":\"es\",\"potentialAction\":[{\"@type\":\"ReadAction\",\"target\":[\"https:\/\/loja.dara.pt\/produto\/soquete-respiravel-com-banda-elastica\/\"]}]},{\"@type\":\"ImageObject\",\"inLanguage\":\"es\",\"@id\":\"https:\/\/loja.dara.pt\/produto\/soquete-respiravel-com-banda-elastica\/#primaryimage\",\"url\":\"https:\/\/loja.dara.pt\/wp-content\/uploads\/2025\/04\/1267_Preto.jpg\",\"contentUrl\":\"https:\/\/loja.dara.pt\/wp-content\/uploads\/2025\/04\/1267_Preto.jpg\",\"width\":1400,\"height\":1900},{\"@type\":\"BreadcrumbList\",\"@id\":\"https:\/\/loja.dara.pt\/produto\/soquete-respiravel-com-banda-elastica\/#breadcrumb\",\"itemListElement\":[{\"@type\":\"ListItem\",\"position\":1,\"name\":\"Home\",\"item\":\"https:\/\/loja.dara.pt\/\"},{\"@type\":\"ListItem\",\"position\":2,\"name\":\"Loja\",\"item\":\"https:\/\/loja.dara.pt\/loja\/\"},{\"@type\":\"ListItem\",\"position\":3,\"name\":\"Soquete Respir\u00e1vel com Banda El\u00e1stica\"}]},{\"@type\":\"WebSite\",\"@id\":\"https:\/\/loja.dara.pt\/#website\",\"url\":\"https:\/\/loja.dara.pt\/\",\"name\":\"Loja Dara\",\"description\":\"My Dara International, LDA especialistas em meias, pe\u00fagas e collants\",\"publisher\":{\"@id\":\"https:\/\/loja.dara.pt\/#organization\"},\"alternateName\":\"Dara\",\"potentialAction\":[{\"@type\":\"SearchAction\",\"target\":{\"@type\":\"EntryPoint\",\"urlTemplate\":\"https:\/\/loja.dara.pt\/?s={search_term_string}\"},\"query-input\":{\"@type\":\"PropertyValueSpecification\",\"valueRequired\":true,\"valueName\":\"search_term_string\"}}],\"inLanguage\":\"es\"},{\"@type\":\"Organization\",\"@id\":\"https:\/\/loja.dara.pt\/#organization\",\"name\":\"My Dara International, LDA\",\"url\":\"https:\/\/loja.dara.pt\/\",\"logo\":{\"@type\":\"ImageObject\",\"inLanguage\":\"es\",\"@id\":\"https:\/\/loja.dara.pt\/#\/schema\/logo\/image\/\",\"url\":\"https:\/\/loja.dara.pt\/wp-content\/uploads\/2023\/09\/Logo.jpg\",\"contentUrl\":\"https:\/\/loja.dara.pt\/wp-content\/uploads\/2023\/09\/Logo.jpg\",\"width\":300,\"height\":300,\"caption\":\"My Dara International, LDA\"},\"image\":{\"@id\":\"https:\/\/loja.dara.pt\/#\/schema\/logo\/image\/\"},\"sameAs\":[\"https:\/\/www.facebook.com\/My.Dara.International\",\"https:\/\/x.com\/MyDaraInt\",\"https:\/\/www.linkedin.com\/company\/my-dara-international-lda\",\"https:\/\/www.instagram.com\/mydarainternational\"]}]}<\/script>\n<!-- \/ Yoast SEO plugin. -->","yoast_head_json":{"title":"Tobillero Transpirable con banda el\u00e1stica - Dara","description":"Soquete respir\u00e1vel com banda el\u00e1stica, calcanhar refor\u00e7ado, biqueira refor\u00e7ada e sem costura.\u00a0","robots":{"index":"index","follow":"follow","max-snippet":"max-snippet:-1","max-image-preview":"max-image-preview:large","max-video-preview":"max-video-preview:-1"},"canonical":"https:\/\/loja.dara.pt\/es\/produto\/soquete-respiravel-com-banda-elastica\/","og_locale":"es_ES","og_type":"article","og_title":"Tobillero Transpirable con banda el\u00e1stica - Dara","og_description":"Soquete respir\u00e1vel com banda el\u00e1stica, calcanhar refor\u00e7ado, biqueira refor\u00e7ada e sem costura.\u00a0","og_url":"https:\/\/loja.dara.pt\/produto\/soquete-respiravel-com-banda-elastica\/","og_site_name":"Dara","article_publisher":"https:\/\/www.facebook.com\/My.Dara.International","article_modified_time":"2025-07-03T15:43:58+00:00","og_image":[{"width":1400,"height":1900,"url":"https:\/\/loja.dara.pt\/wp-content\/uploads\/2025\/04\/1267_Preto.jpg","type":"image\/jpeg"}],"twitter_card":"summary_large_image","twitter_site":"@MyDaraInt","twitter_misc":{"Tiempo de lectura":"1 minuto"},"schema":{"@context":"https:\/\/schema.org","@graph":[{"@type":"WebPage","@id":"https:\/\/loja.dara.pt\/produto\/soquete-respiravel-com-banda-elastica\/","url":"https:\/\/loja.dara.pt\/produto\/soquete-respiravel-com-banda-elastica\/","name":"Tobillero Transpirable con banda el\u00e1stica - Dara","isPartOf":{"@id":"https:\/\/loja.dara.pt\/#website"},"primaryImageOfPage":{"@id":"https:\/\/loja.dara.pt\/produto\/soquete-respiravel-com-banda-elastica\/#primaryimage"},"image":{"@id":"https:\/\/loja.dara.pt\/produto\/soquete-respiravel-com-banda-elastica\/#primaryimage"},"thumbnailUrl":"https:\/\/loja.dara.pt\/wp-content\/uploads\/2025\/04\/1267_Preto.jpg","datePublished":"2023-09-26T14:34:24+00:00","dateModified":"2025-07-03T15:43:58+00:00","description":"Soquete respir\u00e1vel com banda el\u00e1stica, calcanhar refor\u00e7ado, biqueira refor\u00e7ada e sem costura.\u00a0","breadcrumb":{"@id":"https:\/\/loja.dara.pt\/produto\/soquete-respiravel-com-banda-elastica\/#breadcrumb"},"inLanguage":"es","potentialAction":[{"@type":"ReadAction","target":["https:\/\/loja.dara.pt\/produto\/soquete-respiravel-com-banda-elastica\/"]}]},{"@type":"ImageObject","inLanguage":"es","@id":"https:\/\/loja.dara.pt\/produto\/soquete-respiravel-com-banda-elastica\/#primaryimage","url":"https:\/\/loja.dara.pt\/wp-content\/uploads\/2025\/04\/1267_Preto.jpg","contentUrl":"https:\/\/loja.dara.pt\/wp-content\/uploads\/2025\/04\/1267_Preto.jpg","width":1400,"height":1900},{"@type":"BreadcrumbList","@id":"https:\/\/loja.dara.pt\/produto\/soquete-respiravel-com-banda-elastica\/#breadcrumb","itemListElement":[{"@type":"ListItem","position":1,"name":"Home","item":"https:\/\/loja.dara.pt\/"},{"@type":"ListItem","position":2,"name":"Loja","item":"https:\/\/loja.dara.pt\/loja\/"},{"@type":"ListItem","position":3,"name":"Soquete Respir\u00e1vel com Banda El\u00e1stica"}]},{"@type":"WebSite","@id":"https:\/\/loja.dara.pt\/#website","url":"https:\/\/loja.dara.pt\/","name":"Loja Dara","description":"My Dara International, LDA especialistas em meias, pe\u00fagas e collants","publisher":{"@id":"https:\/\/loja.dara.pt\/#organization"},"alternateName":"Dara","potentialAction":[{"@type":"SearchAction","target":{"@type":"EntryPoint","urlTemplate":"https:\/\/loja.dara.pt\/?s={search_term_string}"},"query-input":{"@type":"PropertyValueSpecification","valueRequired":true,"valueName":"search_term_string"}}],"inLanguage":"es"},{"@type":"Organization","@id":"https:\/\/loja.dara.pt\/#organization","name":"My Dara International, LDA","url":"https:\/\/loja.dara.pt\/","logo":{"@type":"ImageObject","inLanguage":"es","@id":"https:\/\/loja.dara.pt\/#\/schema\/logo\/image\/","url":"https:\/\/loja.dara.pt\/wp-content\/uploads\/2023\/09\/Logo.jpg","contentUrl":"https:\/\/loja.dara.pt\/wp-content\/uploads\/2023\/09\/Logo.jpg","width":300,"height":300,"caption":"My Dara International, LDA"},"image":{"@id":"https:\/\/loja.dara.pt\/#\/schema\/logo\/image\/"},"sameAs":["https:\/\/www.facebook.com\/My.Dara.International","https:\/\/x.com\/MyDaraInt","https:\/\/www.linkedin.com\/company\/my-dara-international-lda","https:\/\/www.instagram.com\/mydarainternational"]}]}},"_links":{"self":[{"href":"https:\/\/loja.dara.pt\/es\/wp-json\/wp\/v2\/product\/6599","targetHints":{"allow":["GET"]}}],"collection":[{"href":"https:\/\/loja.dara.pt\/es\/wp-json\/wp\/v2\/product"}],"about":[{"href":"https:\/\/loja.dara.pt\/es\/wp-json\/wp\/v2\/types\/product"}],"wp:featuredmedia":[{"embeddable":true,"href":"https:\/\/loja.dara.pt\/es\/wp-json\/wp\/v2\/media\/10197"}],"wp:attachment":[{"href":"https:\/\/loja.dara.pt\/es\/wp-json\/wp\/v2\/media?parent=6599"}],"wp:term":[{"taxonomy":"product_brand","embeddable":true,"href":"https:\/\/loja.dara.pt\/es\/wp-json\/wp\/v2\/product_brand?post=6599"},{"taxonomy":"product_cat","embeddable":true,"href":"https:\/\/loja.dara.pt\/es\/wp-json\/wp\/v2\/product_cat?post=6599"},{"taxonomy":"product_tag","embeddable":true,"href":"https:\/\/loja.dara.pt\/es\/wp-json\/wp\/v2\/product_tag?post=6599"}],"curies":[{"name":"wp","href":"https:\/\/api.w.org\/{rel}","templated":true}]}}