{"id":7898,"date":"2025-01-08T09:11:50","date_gmt":"2025-01-08T09:11:50","guid":{"rendered":"https:\/\/loja.dara.pt\/?post_type=product&#038;p=7898"},"modified":"2026-03-17T17:26:23","modified_gmt":"2026-03-17T17:26:23","slug":"soquete-de-bamboo","status":"publish","type":"product","link":"https:\/\/loja.dara.pt\/es\/produto\/soquete-de-bamboo\/","title":{"rendered":"Calcet\u00edn de Bamb\u00fa"},"content":{"rendered":"<p><strong>Absorci\u00f3n de humedad<\/strong>: Son capaces de absorber m\u00e1s sudor que outras fibras.<\/p>\n<p><strong>Frescura<\/strong>: La fibra de bamb\u00fa funciona como desodorante natural.<\/p>\n<p><b><span data-contrast=\"auto\">Antibacteriano y antif\u00fangico:<\/span><\/b><span data-contrast=\"auto\"> Reduce la posibilidad de bacterias y hongos en la piel y las u\u00f1as.<\/span><span data-ccp-props=\"{&quot;201341983&quot;:0,&quot;335551550&quot;:0,&quot;335551620&quot;:0,&quot;335559739&quot;:160,&quot;335559740&quot;:259}\">\u00a0<\/span><\/p>\n<p><span data-contrast=\"auto\"><strong>Termorregulador:<\/strong> Tienen propiedades que ayudan a regular la temperatura.<\/span><span data-ccp-props=\"{&quot;201341983&quot;:0,&quot;335551550&quot;:0,&quot;335551620&quot;:0,&quot;335559739&quot;:160,&quot;335559740&quot;:259}\">\u00a0<\/span><\/p>\n<p><strong>Sostenibilidad<\/strong>: El bamb\u00fa crece m\u00e1s r\u00e1pido que otras plantas y es resistente a los pesticidas.<\/p>","protected":false},"excerpt":{"rendered":"<p>Absorci\u00f3n de humedad: Son capaces de absorber m\u00e1s sudor que outras fibras. Frescura: La fibra&#8230;<\/p>\n","protected":false},"featured_media":7899,"template":"","meta":{"_acf_changed":false,"inline_featured_image":false},"product_brand":[],"product_cat":[55,60],"product_tag":[],"class_list":{"0":"post-7898","1":"product","2":"type-product","3":"status-publish","4":"has-post-thumbnail","6":"product_cat-meias-man","7":"product_cat-meias-curtas-meias-man","8":"pa_cor-marinho","9":"pa_cor-preto","11":"first","12":"instock","13":"taxable","14":"shipping-taxable","15":"purchasable","16":"product-type-variable"},"acf":[],"yoast_head":"<!-- This site is optimized with the Yoast SEO plugin v27.2 - https:\/\/yoast.com\/product\/yoast-seo-wordpress\/ -->\n<title>Calcet\u00edn de Bamb\u00fa - Dara<\/title>\n<meta name=\"description\" content=\"Soquete de Bamboo capazes de absorver mais suor do que outras fibras e onde o bamboo funciona como um desodorizante natural.\" \/>\n<meta name=\"robots\" content=\"index, follow, max-snippet:-1, max-image-preview:large, max-video-preview:-1\" \/>\n<link rel=\"canonical\" href=\"https:\/\/loja.dara.pt\/es\/produto\/soquete-de-bamboo\/\" \/>\n<meta property=\"og:locale\" content=\"es_ES\" \/>\n<meta property=\"og:type\" content=\"article\" \/>\n<meta property=\"og:title\" content=\"Calcet\u00edn de Bamb\u00fa - Dara\" \/>\n<meta property=\"og:description\" content=\"Soquete de Bamboo capazes de absorver mais suor do que outras fibras e onde o bamboo funciona como um desodorizante natural.\" \/>\n<meta property=\"og:url\" content=\"https:\/\/loja.dara.pt\/produto\/soquete-de-bamboo\/\" \/>\n<meta property=\"og:site_name\" content=\"Dara\" \/>\n<meta property=\"article:publisher\" content=\"https:\/\/www.facebook.com\/My.Dara.International\" \/>\n<meta property=\"article:modified_time\" content=\"2026-03-17T17:26:23+00:00\" \/>\n<meta property=\"og:image\" content=\"https:\/\/loja.dara.pt\/wp-content\/uploads\/2025\/01\/1272_BAMBOO.jpg\" \/>\n\t<meta property=\"og:image:width\" content=\"1400\" \/>\n\t<meta property=\"og:image:height\" content=\"1900\" \/>\n\t<meta property=\"og:image:type\" content=\"image\/jpeg\" \/>\n<meta name=\"twitter:card\" content=\"summary_large_image\" \/>\n<meta name=\"twitter:site\" content=\"@MyDaraInt\" \/>\n<meta name=\"twitter:label1\" content=\"Tiempo de lectura\" \/>\n\t<meta name=\"twitter:data1\" content=\"1 minuto\" \/>\n<script type=\"application\/ld+json\" class=\"yoast-schema-graph\">{\"@context\":\"https:\/\/schema.org\",\"@graph\":[{\"@type\":\"WebPage\",\"@id\":\"https:\/\/loja.dara.pt\/produto\/soquete-de-bamboo\/\",\"url\":\"https:\/\/loja.dara.pt\/produto\/soquete-de-bamboo\/\",\"name\":\"Calcet\u00edn de Bamb\u00fa - Dara\",\"isPartOf\":{\"@id\":\"https:\/\/loja.dara.pt\/#website\"},\"primaryImageOfPage\":{\"@id\":\"https:\/\/loja.dara.pt\/produto\/soquete-de-bamboo\/#primaryimage\"},\"image\":{\"@id\":\"https:\/\/loja.dara.pt\/produto\/soquete-de-bamboo\/#primaryimage\"},\"thumbnailUrl\":\"https:\/\/loja.dara.pt\/wp-content\/uploads\/2025\/01\/1272_BAMBOO.jpg\",\"datePublished\":\"2025-01-08T09:11:50+00:00\",\"dateModified\":\"2026-03-17T17:26:23+00:00\",\"description\":\"Soquete de Bamboo capazes de absorver mais suor do que outras fibras e onde o bamboo funciona como um desodorizante natural.\",\"breadcrumb\":{\"@id\":\"https:\/\/loja.dara.pt\/produto\/soquete-de-bamboo\/#breadcrumb\"},\"inLanguage\":\"es\",\"potentialAction\":[{\"@type\":\"ReadAction\",\"target\":[\"https:\/\/loja.dara.pt\/produto\/soquete-de-bamboo\/\"]}]},{\"@type\":\"ImageObject\",\"inLanguage\":\"es\",\"@id\":\"https:\/\/loja.dara.pt\/produto\/soquete-de-bamboo\/#primaryimage\",\"url\":\"https:\/\/loja.dara.pt\/wp-content\/uploads\/2025\/01\/1272_BAMBOO.jpg\",\"contentUrl\":\"https:\/\/loja.dara.pt\/wp-content\/uploads\/2025\/01\/1272_BAMBOO.jpg\",\"width\":1400,\"height\":1900,\"caption\":\"Soquete de Bamboo Preto\"},{\"@type\":\"BreadcrumbList\",\"@id\":\"https:\/\/loja.dara.pt\/produto\/soquete-de-bamboo\/#breadcrumb\",\"itemListElement\":[{\"@type\":\"ListItem\",\"position\":1,\"name\":\"Home\",\"item\":\"https:\/\/loja.dara.pt\/\"},{\"@type\":\"ListItem\",\"position\":2,\"name\":\"Loja\",\"item\":\"https:\/\/loja.dara.pt\/loja\/\"},{\"@type\":\"ListItem\",\"position\":3,\"name\":\"Soquete de Bamboo\"}]},{\"@type\":\"WebSite\",\"@id\":\"https:\/\/loja.dara.pt\/#website\",\"url\":\"https:\/\/loja.dara.pt\/\",\"name\":\"Loja Dara\",\"description\":\"My Dara International, LDA especialistas em meias, pe\u00fagas e collants\",\"publisher\":{\"@id\":\"https:\/\/loja.dara.pt\/#organization\"},\"alternateName\":\"Dara\",\"potentialAction\":[{\"@type\":\"SearchAction\",\"target\":{\"@type\":\"EntryPoint\",\"urlTemplate\":\"https:\/\/loja.dara.pt\/?s={search_term_string}\"},\"query-input\":{\"@type\":\"PropertyValueSpecification\",\"valueRequired\":true,\"valueName\":\"search_term_string\"}}],\"inLanguage\":\"es\"},{\"@type\":\"Organization\",\"@id\":\"https:\/\/loja.dara.pt\/#organization\",\"name\":\"My Dara International, LDA\",\"url\":\"https:\/\/loja.dara.pt\/\",\"logo\":{\"@type\":\"ImageObject\",\"inLanguage\":\"es\",\"@id\":\"https:\/\/loja.dara.pt\/#\/schema\/logo\/image\/\",\"url\":\"https:\/\/loja.dara.pt\/wp-content\/uploads\/2023\/09\/Logo.jpg\",\"contentUrl\":\"https:\/\/loja.dara.pt\/wp-content\/uploads\/2023\/09\/Logo.jpg\",\"width\":300,\"height\":300,\"caption\":\"My Dara International, LDA\"},\"image\":{\"@id\":\"https:\/\/loja.dara.pt\/#\/schema\/logo\/image\/\"},\"sameAs\":[\"https:\/\/www.facebook.com\/My.Dara.International\",\"https:\/\/x.com\/MyDaraInt\",\"https:\/\/www.linkedin.com\/company\/my-dara-international-lda\",\"https:\/\/www.instagram.com\/mydarainternational\"]}]}<\/script>\n<!-- \/ Yoast SEO plugin. -->","yoast_head_json":{"title":"Calcet\u00edn de Bamb\u00fa - Dara","description":"Soquete de Bamboo capazes de absorver mais suor do que outras fibras e onde o bamboo funciona como um desodorizante natural.","robots":{"index":"index","follow":"follow","max-snippet":"max-snippet:-1","max-image-preview":"max-image-preview:large","max-video-preview":"max-video-preview:-1"},"canonical":"https:\/\/loja.dara.pt\/es\/produto\/soquete-de-bamboo\/","og_locale":"es_ES","og_type":"article","og_title":"Calcet\u00edn de Bamb\u00fa - Dara","og_description":"Soquete de Bamboo capazes de absorver mais suor do que outras fibras e onde o bamboo funciona como um desodorizante natural.","og_url":"https:\/\/loja.dara.pt\/produto\/soquete-de-bamboo\/","og_site_name":"Dara","article_publisher":"https:\/\/www.facebook.com\/My.Dara.International","article_modified_time":"2026-03-17T17:26:23+00:00","og_image":[{"width":1400,"height":1900,"url":"https:\/\/loja.dara.pt\/wp-content\/uploads\/2025\/01\/1272_BAMBOO.jpg","type":"image\/jpeg"}],"twitter_card":"summary_large_image","twitter_site":"@MyDaraInt","twitter_misc":{"Tiempo de lectura":"1 minuto"},"schema":{"@context":"https:\/\/schema.org","@graph":[{"@type":"WebPage","@id":"https:\/\/loja.dara.pt\/produto\/soquete-de-bamboo\/","url":"https:\/\/loja.dara.pt\/produto\/soquete-de-bamboo\/","name":"Calcet\u00edn de Bamb\u00fa - Dara","isPartOf":{"@id":"https:\/\/loja.dara.pt\/#website"},"primaryImageOfPage":{"@id":"https:\/\/loja.dara.pt\/produto\/soquete-de-bamboo\/#primaryimage"},"image":{"@id":"https:\/\/loja.dara.pt\/produto\/soquete-de-bamboo\/#primaryimage"},"thumbnailUrl":"https:\/\/loja.dara.pt\/wp-content\/uploads\/2025\/01\/1272_BAMBOO.jpg","datePublished":"2025-01-08T09:11:50+00:00","dateModified":"2026-03-17T17:26:23+00:00","description":"Soquete de Bamboo capazes de absorver mais suor do que outras fibras e onde o bamboo funciona como um desodorizante natural.","breadcrumb":{"@id":"https:\/\/loja.dara.pt\/produto\/soquete-de-bamboo\/#breadcrumb"},"inLanguage":"es","potentialAction":[{"@type":"ReadAction","target":["https:\/\/loja.dara.pt\/produto\/soquete-de-bamboo\/"]}]},{"@type":"ImageObject","inLanguage":"es","@id":"https:\/\/loja.dara.pt\/produto\/soquete-de-bamboo\/#primaryimage","url":"https:\/\/loja.dara.pt\/wp-content\/uploads\/2025\/01\/1272_BAMBOO.jpg","contentUrl":"https:\/\/loja.dara.pt\/wp-content\/uploads\/2025\/01\/1272_BAMBOO.jpg","width":1400,"height":1900,"caption":"Soquete de Bamboo Preto"},{"@type":"BreadcrumbList","@id":"https:\/\/loja.dara.pt\/produto\/soquete-de-bamboo\/#breadcrumb","itemListElement":[{"@type":"ListItem","position":1,"name":"Home","item":"https:\/\/loja.dara.pt\/"},{"@type":"ListItem","position":2,"name":"Loja","item":"https:\/\/loja.dara.pt\/loja\/"},{"@type":"ListItem","position":3,"name":"Soquete de Bamboo"}]},{"@type":"WebSite","@id":"https:\/\/loja.dara.pt\/#website","url":"https:\/\/loja.dara.pt\/","name":"Loja Dara","description":"My Dara International, LDA especialistas em meias, pe\u00fagas e collants","publisher":{"@id":"https:\/\/loja.dara.pt\/#organization"},"alternateName":"Dara","potentialAction":[{"@type":"SearchAction","target":{"@type":"EntryPoint","urlTemplate":"https:\/\/loja.dara.pt\/?s={search_term_string}"},"query-input":{"@type":"PropertyValueSpecification","valueRequired":true,"valueName":"search_term_string"}}],"inLanguage":"es"},{"@type":"Organization","@id":"https:\/\/loja.dara.pt\/#organization","name":"My Dara International, LDA","url":"https:\/\/loja.dara.pt\/","logo":{"@type":"ImageObject","inLanguage":"es","@id":"https:\/\/loja.dara.pt\/#\/schema\/logo\/image\/","url":"https:\/\/loja.dara.pt\/wp-content\/uploads\/2023\/09\/Logo.jpg","contentUrl":"https:\/\/loja.dara.pt\/wp-content\/uploads\/2023\/09\/Logo.jpg","width":300,"height":300,"caption":"My Dara International, LDA"},"image":{"@id":"https:\/\/loja.dara.pt\/#\/schema\/logo\/image\/"},"sameAs":["https:\/\/www.facebook.com\/My.Dara.International","https:\/\/x.com\/MyDaraInt","https:\/\/www.linkedin.com\/company\/my-dara-international-lda","https:\/\/www.instagram.com\/mydarainternational"]}]}},"_links":{"self":[{"href":"https:\/\/loja.dara.pt\/es\/wp-json\/wp\/v2\/product\/7898","targetHints":{"allow":["GET"]}}],"collection":[{"href":"https:\/\/loja.dara.pt\/es\/wp-json\/wp\/v2\/product"}],"about":[{"href":"https:\/\/loja.dara.pt\/es\/wp-json\/wp\/v2\/types\/product"}],"wp:featuredmedia":[{"embeddable":true,"href":"https:\/\/loja.dara.pt\/es\/wp-json\/wp\/v2\/media\/7899"}],"wp:attachment":[{"href":"https:\/\/loja.dara.pt\/es\/wp-json\/wp\/v2\/media?parent=7898"}],"wp:term":[{"taxonomy":"product_brand","embeddable":true,"href":"https:\/\/loja.dara.pt\/es\/wp-json\/wp\/v2\/product_brand?post=7898"},{"taxonomy":"product_cat","embeddable":true,"href":"https:\/\/loja.dara.pt\/es\/wp-json\/wp\/v2\/product_cat?post=7898"},{"taxonomy":"product_tag","embeddable":true,"href":"https:\/\/loja.dara.pt\/es\/wp-json\/wp\/v2\/product_tag?post=7898"}],"curies":[{"name":"wp","href":"https:\/\/api.w.org\/{rel}","templated":true}]}}