{"id":834,"date":"2019-05-27T09:20:22","date_gmt":"2019-05-27T09:20:22","guid":{"rendered":"https:\/\/loja.dara.pt\/?post_type=product&#038;p=834"},"modified":"2025-11-28T13:18:15","modified_gmt":"2025-11-28T13:18:15","slug":"meia-alta-de-compressao-desportiva","status":"publish","type":"product","link":"https:\/\/loja.dara.pt\/es\/produto\/meia-alta-de-compressao-desportiva\/","title":{"rendered":"Calcetines Deportivos Largos de compresi\u00f3n"},"content":{"rendered":"<p><b><strong>EL\u00c1STICO SUAVE Y C\u00d3MODO<\/strong><\/b>\u00a0(No deja marcas)<\/p>\n<p>&nbsp;<\/p>\n<p><b><strong>COMPRESI\u00d3N MUSCULAR<\/strong><\/b>\u00a0(Promueve el suministro de sangre y la estabilidad muscular.)<\/p>\n<p>&nbsp;<\/p>\n<p><b><strong>TAL\u00d3N ACOLCHADO<\/strong><\/b>\u00a0(Reduce los puntos de presi\u00f3n y favorece la circulaci\u00f3n del aire.)<\/p>\n<p>&nbsp;<\/p>\n<p><b><strong>PLANTILLA AMORTIGUADA\u00a0<\/strong><\/b>(Plantilla adaptada anat\u00f3micamente a la forma natural de la placa del pie, proporciona una amortiguaci\u00f3n c\u00f3moda en cada paso)<\/p>\n<p>&nbsp;<\/p>\n<p><b><strong>PUNTERA\u00a0<\/strong><\/b><b><strong>ACOLCHADO<\/strong><\/b>\u00a0(Reduce los puntos de presi\u00f3n para mantener la comodidad.)<\/p>","protected":false},"excerpt":{"rendered":"<p>EL\u00c1STICO SUAVE Y C\u00d3MODO\u00a0(No deja marcas) &nbsp; COMPRESI\u00d3N MUSCULAR\u00a0(Promueve el suministro de sangre y la&#8230;<\/p>\n","protected":false},"featured_media":3767,"template":"","meta":{"_acf_changed":false,"inline_featured_image":false},"product_brand":[],"product_cat":[100],"product_tag":[],"class_list":{"0":"post-834","1":"product","2":"type-product","3":"status-publish","4":"has-post-thumbnail","6":"product_cat-meias-compridas","7":"pa_caracteristicas-nao-magoa-na-biqueira","8":"pa_cor-amarelo-fluorescente","9":"pa_cor-azul","10":"pa_cor-azul-porto","11":"pa_cor-laranja-fluorescente","12":"pa_cor-preto","13":"pa_cor-rosa-fluorescente","14":"pa_cor-verde-fluorescente","15":"pa_cor-vermelho","16":"pa_tipo-de-meia-abaixo-joelho","18":"first","19":"instock","20":"taxable","21":"shipping-taxable","22":"purchasable","23":"product-type-variable"},"acf":[],"yoast_head":"<!-- This site is optimized with the Yoast SEO plugin v27.2 - https:\/\/yoast.com\/product\/yoast-seo-wordpress\/ -->\n<title>Calcetines Deportivos Largos de compresi\u00f3n - Dara<\/title>\n<meta name=\"description\" content=\"Meia Alta de Compress\u00e3o Desportiva com el\u00e1stico suave e confort\u00e1vel.\" \/>\n<meta name=\"robots\" content=\"index, follow, max-snippet:-1, max-image-preview:large, max-video-preview:-1\" \/>\n<link rel=\"canonical\" href=\"https:\/\/loja.dara.pt\/es\/produto\/meia-alta-de-compressao-desportiva\/\" \/>\n<meta property=\"og:locale\" content=\"es_ES\" \/>\n<meta property=\"og:type\" content=\"article\" \/>\n<meta property=\"og:title\" content=\"Calcetines Deportivos Largos de compresi\u00f3n - Dara\" \/>\n<meta property=\"og:description\" content=\"Meia Alta de Compress\u00e3o Desportiva com el\u00e1stico suave e confort\u00e1vel.\" \/>\n<meta property=\"og:url\" content=\"https:\/\/loja.dara.pt\/produto\/meia-alta-de-compressao-desportiva\/\" \/>\n<meta property=\"og:site_name\" content=\"Dara\" \/>\n<meta property=\"article:publisher\" content=\"https:\/\/www.facebook.com\/My.Dara.International\" \/>\n<meta property=\"article:modified_time\" content=\"2025-11-28T13:18:15+00:00\" \/>\n<meta property=\"og:image\" content=\"https:\/\/loja.dara.pt\/wp-content\/uploads\/2021\/07\/REF-PG1112-Vermelho.jpg\" \/>\n\t<meta property=\"og:image:width\" content=\"1400\" \/>\n\t<meta property=\"og:image:height\" content=\"1900\" \/>\n\t<meta property=\"og:image:type\" content=\"image\/jpeg\" \/>\n<meta name=\"twitter:card\" content=\"summary_large_image\" \/>\n<meta name=\"twitter:site\" content=\"@MyDaraInt\" \/>\n<meta name=\"twitter:label1\" content=\"Tiempo de lectura\" \/>\n\t<meta name=\"twitter:data1\" content=\"1 minuto\" \/>\n<script type=\"application\/ld+json\" class=\"yoast-schema-graph\">{\"@context\":\"https:\/\/schema.org\",\"@graph\":[{\"@type\":\"WebPage\",\"@id\":\"https:\/\/loja.dara.pt\/produto\/meia-alta-de-compressao-desportiva\/\",\"url\":\"https:\/\/loja.dara.pt\/produto\/meia-alta-de-compressao-desportiva\/\",\"name\":\"Calcetines Deportivos Largos de compresi\u00f3n - Dara\",\"isPartOf\":{\"@id\":\"https:\/\/loja.dara.pt\/#website\"},\"primaryImageOfPage\":{\"@id\":\"https:\/\/loja.dara.pt\/produto\/meia-alta-de-compressao-desportiva\/#primaryimage\"},\"image\":{\"@id\":\"https:\/\/loja.dara.pt\/produto\/meia-alta-de-compressao-desportiva\/#primaryimage\"},\"thumbnailUrl\":\"https:\/\/loja.dara.pt\/wp-content\/uploads\/2021\/07\/REF-PG1112-Vermelho.jpg\",\"datePublished\":\"2019-05-27T09:20:22+00:00\",\"dateModified\":\"2025-11-28T13:18:15+00:00\",\"description\":\"Meia Alta de Compress\u00e3o Desportiva com el\u00e1stico suave e confort\u00e1vel.\",\"breadcrumb\":{\"@id\":\"https:\/\/loja.dara.pt\/produto\/meia-alta-de-compressao-desportiva\/#breadcrumb\"},\"inLanguage\":\"es\",\"potentialAction\":[{\"@type\":\"ReadAction\",\"target\":[\"https:\/\/loja.dara.pt\/produto\/meia-alta-de-compressao-desportiva\/\"]}]},{\"@type\":\"ImageObject\",\"inLanguage\":\"es\",\"@id\":\"https:\/\/loja.dara.pt\/produto\/meia-alta-de-compressao-desportiva\/#primaryimage\",\"url\":\"https:\/\/loja.dara.pt\/wp-content\/uploads\/2021\/07\/REF-PG1112-Vermelho.jpg\",\"contentUrl\":\"https:\/\/loja.dara.pt\/wp-content\/uploads\/2021\/07\/REF-PG1112-Vermelho.jpg\",\"width\":1400,\"height\":1900,\"caption\":\"Meia Alta de Compress\u00e3o Desportiva\"},{\"@type\":\"BreadcrumbList\",\"@id\":\"https:\/\/loja.dara.pt\/produto\/meia-alta-de-compressao-desportiva\/#breadcrumb\",\"itemListElement\":[{\"@type\":\"ListItem\",\"position\":1,\"name\":\"Home\",\"item\":\"https:\/\/loja.dara.pt\/\"},{\"@type\":\"ListItem\",\"position\":2,\"name\":\"Loja\",\"item\":\"https:\/\/loja.dara.pt\/loja\/\"},{\"@type\":\"ListItem\",\"position\":3,\"name\":\"Meia Alta de Compress\u00e3o Desportiva\"}]},{\"@type\":\"WebSite\",\"@id\":\"https:\/\/loja.dara.pt\/#website\",\"url\":\"https:\/\/loja.dara.pt\/\",\"name\":\"Loja Dara\",\"description\":\"My Dara International, LDA especialistas em meias, pe\u00fagas e collants\",\"publisher\":{\"@id\":\"https:\/\/loja.dara.pt\/#organization\"},\"alternateName\":\"Dara\",\"potentialAction\":[{\"@type\":\"SearchAction\",\"target\":{\"@type\":\"EntryPoint\",\"urlTemplate\":\"https:\/\/loja.dara.pt\/?s={search_term_string}\"},\"query-input\":{\"@type\":\"PropertyValueSpecification\",\"valueRequired\":true,\"valueName\":\"search_term_string\"}}],\"inLanguage\":\"es\"},{\"@type\":\"Organization\",\"@id\":\"https:\/\/loja.dara.pt\/#organization\",\"name\":\"My Dara International, LDA\",\"url\":\"https:\/\/loja.dara.pt\/\",\"logo\":{\"@type\":\"ImageObject\",\"inLanguage\":\"es\",\"@id\":\"https:\/\/loja.dara.pt\/#\/schema\/logo\/image\/\",\"url\":\"https:\/\/loja.dara.pt\/wp-content\/uploads\/2023\/09\/Logo.jpg\",\"contentUrl\":\"https:\/\/loja.dara.pt\/wp-content\/uploads\/2023\/09\/Logo.jpg\",\"width\":300,\"height\":300,\"caption\":\"My Dara International, LDA\"},\"image\":{\"@id\":\"https:\/\/loja.dara.pt\/#\/schema\/logo\/image\/\"},\"sameAs\":[\"https:\/\/www.facebook.com\/My.Dara.International\",\"https:\/\/x.com\/MyDaraInt\",\"https:\/\/www.linkedin.com\/company\/my-dara-international-lda\",\"https:\/\/www.instagram.com\/mydarainternational\"]}]}<\/script>\n<!-- \/ Yoast SEO plugin. -->","yoast_head_json":{"title":"Calcetines Deportivos Largos de compresi\u00f3n - Dara","description":"Meia Alta de Compress\u00e3o Desportiva com el\u00e1stico suave e confort\u00e1vel.","robots":{"index":"index","follow":"follow","max-snippet":"max-snippet:-1","max-image-preview":"max-image-preview:large","max-video-preview":"max-video-preview:-1"},"canonical":"https:\/\/loja.dara.pt\/es\/produto\/meia-alta-de-compressao-desportiva\/","og_locale":"es_ES","og_type":"article","og_title":"Calcetines Deportivos Largos de compresi\u00f3n - Dara","og_description":"Meia Alta de Compress\u00e3o Desportiva com el\u00e1stico suave e confort\u00e1vel.","og_url":"https:\/\/loja.dara.pt\/produto\/meia-alta-de-compressao-desportiva\/","og_site_name":"Dara","article_publisher":"https:\/\/www.facebook.com\/My.Dara.International","article_modified_time":"2025-11-28T13:18:15+00:00","og_image":[{"width":1400,"height":1900,"url":"https:\/\/loja.dara.pt\/wp-content\/uploads\/2021\/07\/REF-PG1112-Vermelho.jpg","type":"image\/jpeg"}],"twitter_card":"summary_large_image","twitter_site":"@MyDaraInt","twitter_misc":{"Tiempo de lectura":"1 minuto"},"schema":{"@context":"https:\/\/schema.org","@graph":[{"@type":"WebPage","@id":"https:\/\/loja.dara.pt\/produto\/meia-alta-de-compressao-desportiva\/","url":"https:\/\/loja.dara.pt\/produto\/meia-alta-de-compressao-desportiva\/","name":"Calcetines Deportivos Largos de compresi\u00f3n - Dara","isPartOf":{"@id":"https:\/\/loja.dara.pt\/#website"},"primaryImageOfPage":{"@id":"https:\/\/loja.dara.pt\/produto\/meia-alta-de-compressao-desportiva\/#primaryimage"},"image":{"@id":"https:\/\/loja.dara.pt\/produto\/meia-alta-de-compressao-desportiva\/#primaryimage"},"thumbnailUrl":"https:\/\/loja.dara.pt\/wp-content\/uploads\/2021\/07\/REF-PG1112-Vermelho.jpg","datePublished":"2019-05-27T09:20:22+00:00","dateModified":"2025-11-28T13:18:15+00:00","description":"Meia Alta de Compress\u00e3o Desportiva com el\u00e1stico suave e confort\u00e1vel.","breadcrumb":{"@id":"https:\/\/loja.dara.pt\/produto\/meia-alta-de-compressao-desportiva\/#breadcrumb"},"inLanguage":"es","potentialAction":[{"@type":"ReadAction","target":["https:\/\/loja.dara.pt\/produto\/meia-alta-de-compressao-desportiva\/"]}]},{"@type":"ImageObject","inLanguage":"es","@id":"https:\/\/loja.dara.pt\/produto\/meia-alta-de-compressao-desportiva\/#primaryimage","url":"https:\/\/loja.dara.pt\/wp-content\/uploads\/2021\/07\/REF-PG1112-Vermelho.jpg","contentUrl":"https:\/\/loja.dara.pt\/wp-content\/uploads\/2021\/07\/REF-PG1112-Vermelho.jpg","width":1400,"height":1900,"caption":"Meia Alta de Compress\u00e3o Desportiva"},{"@type":"BreadcrumbList","@id":"https:\/\/loja.dara.pt\/produto\/meia-alta-de-compressao-desportiva\/#breadcrumb","itemListElement":[{"@type":"ListItem","position":1,"name":"Home","item":"https:\/\/loja.dara.pt\/"},{"@type":"ListItem","position":2,"name":"Loja","item":"https:\/\/loja.dara.pt\/loja\/"},{"@type":"ListItem","position":3,"name":"Meia Alta de Compress\u00e3o Desportiva"}]},{"@type":"WebSite","@id":"https:\/\/loja.dara.pt\/#website","url":"https:\/\/loja.dara.pt\/","name":"Loja Dara","description":"My Dara International, LDA especialistas em meias, pe\u00fagas e collants","publisher":{"@id":"https:\/\/loja.dara.pt\/#organization"},"alternateName":"Dara","potentialAction":[{"@type":"SearchAction","target":{"@type":"EntryPoint","urlTemplate":"https:\/\/loja.dara.pt\/?s={search_term_string}"},"query-input":{"@type":"PropertyValueSpecification","valueRequired":true,"valueName":"search_term_string"}}],"inLanguage":"es"},{"@type":"Organization","@id":"https:\/\/loja.dara.pt\/#organization","name":"My Dara International, LDA","url":"https:\/\/loja.dara.pt\/","logo":{"@type":"ImageObject","inLanguage":"es","@id":"https:\/\/loja.dara.pt\/#\/schema\/logo\/image\/","url":"https:\/\/loja.dara.pt\/wp-content\/uploads\/2023\/09\/Logo.jpg","contentUrl":"https:\/\/loja.dara.pt\/wp-content\/uploads\/2023\/09\/Logo.jpg","width":300,"height":300,"caption":"My Dara International, LDA"},"image":{"@id":"https:\/\/loja.dara.pt\/#\/schema\/logo\/image\/"},"sameAs":["https:\/\/www.facebook.com\/My.Dara.International","https:\/\/x.com\/MyDaraInt","https:\/\/www.linkedin.com\/company\/my-dara-international-lda","https:\/\/www.instagram.com\/mydarainternational"]}]}},"_links":{"self":[{"href":"https:\/\/loja.dara.pt\/es\/wp-json\/wp\/v2\/product\/834","targetHints":{"allow":["GET"]}}],"collection":[{"href":"https:\/\/loja.dara.pt\/es\/wp-json\/wp\/v2\/product"}],"about":[{"href":"https:\/\/loja.dara.pt\/es\/wp-json\/wp\/v2\/types\/product"}],"wp:featuredmedia":[{"embeddable":true,"href":"https:\/\/loja.dara.pt\/es\/wp-json\/wp\/v2\/media\/3767"}],"wp:attachment":[{"href":"https:\/\/loja.dara.pt\/es\/wp-json\/wp\/v2\/media?parent=834"}],"wp:term":[{"taxonomy":"product_brand","embeddable":true,"href":"https:\/\/loja.dara.pt\/es\/wp-json\/wp\/v2\/product_brand?post=834"},{"taxonomy":"product_cat","embeddable":true,"href":"https:\/\/loja.dara.pt\/es\/wp-json\/wp\/v2\/product_cat?post=834"},{"taxonomy":"product_tag","embeddable":true,"href":"https:\/\/loja.dara.pt\/es\/wp-json\/wp\/v2\/product_tag?post=834"}],"curies":[{"name":"wp","href":"https:\/\/api.w.org\/{rel}","templated":true}]}}