{"id":9282,"date":"2025-02-28T14:16:00","date_gmt":"2025-02-28T14:16:00","guid":{"rendered":"https:\/\/loja.dara.pt\/?post_type=product&#038;p=9282"},"modified":"2025-09-04T16:18:22","modified_gmt":"2025-09-04T15:18:22","slug":"meia-newborn-virola-menino-6pares","status":"publish","type":"product","link":"https:\/\/loja.dara.pt\/es\/produto\/meia-newborn-virola-menino-6pares\/","title":{"rendered":"Calcet\u00edn con Virola Reci\u00e9n Nacido Ni\u00f1o &#8211; 6 Pares"},"content":{"rendered":"<p>Calcetines para reci\u00e9n nacidos con virola y puntera sin costuras para mayor comodidad.<\/p>\n<p>&nbsp;<\/p>\n<p>&#8211;<em>6 pares de calcetines en una caja como en las fotos.<\/em><\/p>","protected":false},"excerpt":{"rendered":"<p>Calcetines para reci\u00e9n nacidos con virola y puntera sin costuras para mayor comodidad. &nbsp; &#8211;6&#8230;<\/p>\n","protected":false},"featured_media":4670,"template":"","meta":{"_acf_changed":false,"inline_featured_image":false},"product_brand":[],"product_cat":[86],"product_tag":[],"class_list":{"0":"post-9282","1":"product","2":"type-product","3":"status-publish","4":"has-post-thumbnail","6":"product_cat-meias-meias-baby","7":"pa_cor-azul-bebe","8":"pa_cor-azul-marinho","9":"pa_cor-azul-mescla","10":"pa_cor-branco","11":"pa_cor-cinza-mescla","12":"pa_cor-cru","13":"pa_tipo-de-meia-tornozelo","15":"first","16":"instock","17":"taxable","18":"shipping-taxable","19":"purchasable","20":"product-type-variable"},"acf":[],"yoast_head":"<!-- This site is optimized with the Yoast SEO plugin v27.2 - https:\/\/yoast.com\/product\/yoast-seo-wordpress\/ -->\n<title>Calcet\u00edn con Virola Reci\u00e9n Nacido Ni\u00f1o - 6 Pares - Dara<\/title>\n<meta name=\"description\" content=\"Meia para beb\u00e9 rec\u00e9m nascido com virola e sem costura na biqueira para um maior conforto.\" \/>\n<meta name=\"robots\" content=\"index, follow, max-snippet:-1, max-image-preview:large, max-video-preview:-1\" \/>\n<link rel=\"canonical\" href=\"https:\/\/loja.dara.pt\/es\/produto\/meia-newborn-virola-menino-6pares\/\" \/>\n<meta property=\"og:locale\" content=\"es_ES\" \/>\n<meta property=\"og:type\" content=\"article\" \/>\n<meta property=\"og:title\" content=\"Calcet\u00edn con Virola Reci\u00e9n Nacido Ni\u00f1o - 6 Pares - Dara\" \/>\n<meta property=\"og:description\" content=\"Meia para beb\u00e9 rec\u00e9m nascido com virola e sem costura na biqueira para um maior conforto.\" \/>\n<meta property=\"og:url\" content=\"https:\/\/loja.dara.pt\/produto\/meia-newborn-virola-menino-6pares\/\" \/>\n<meta property=\"og:site_name\" content=\"Dara\" \/>\n<meta property=\"article:publisher\" content=\"https:\/\/www.facebook.com\/My.Dara.International\" \/>\n<meta property=\"article:modified_time\" content=\"2025-09-04T15:18:22+00:00\" \/>\n<meta property=\"og:image\" content=\"https:\/\/loja.dara.pt\/wp-content\/uploads\/2021\/08\/REF-PG-1247-1.jpg\" \/>\n\t<meta property=\"og:image:width\" content=\"1400\" \/>\n\t<meta property=\"og:image:height\" content=\"1900\" \/>\n\t<meta property=\"og:image:type\" content=\"image\/jpeg\" \/>\n<meta name=\"twitter:card\" content=\"summary_large_image\" \/>\n<meta name=\"twitter:site\" content=\"@MyDaraInt\" \/>\n<meta name=\"twitter:label1\" content=\"Tiempo de lectura\" \/>\n\t<meta name=\"twitter:data1\" content=\"1 minuto\" \/>\n<script type=\"application\/ld+json\" class=\"yoast-schema-graph\">{\"@context\":\"https:\/\/schema.org\",\"@graph\":[{\"@type\":\"WebPage\",\"@id\":\"https:\/\/loja.dara.pt\/produto\/meia-newborn-virola-menino-6pares\/\",\"url\":\"https:\/\/loja.dara.pt\/produto\/meia-newborn-virola-menino-6pares\/\",\"name\":\"Calcet\u00edn con Virola Reci\u00e9n Nacido Ni\u00f1o - 6 Pares - Dara\",\"isPartOf\":{\"@id\":\"https:\/\/loja.dara.pt\/#website\"},\"primaryImageOfPage\":{\"@id\":\"https:\/\/loja.dara.pt\/produto\/meia-newborn-virola-menino-6pares\/#primaryimage\"},\"image\":{\"@id\":\"https:\/\/loja.dara.pt\/produto\/meia-newborn-virola-menino-6pares\/#primaryimage\"},\"thumbnailUrl\":\"https:\/\/loja.dara.pt\/wp-content\/uploads\/2021\/08\/REF-PG-1247-1.jpg\",\"datePublished\":\"2025-02-28T14:16:00+00:00\",\"dateModified\":\"2025-09-04T15:18:22+00:00\",\"description\":\"Meia para beb\u00e9 rec\u00e9m nascido com virola e sem costura na biqueira para um maior conforto.\",\"breadcrumb\":{\"@id\":\"https:\/\/loja.dara.pt\/produto\/meia-newborn-virola-menino-6pares\/#breadcrumb\"},\"inLanguage\":\"es\",\"potentialAction\":[{\"@type\":\"ReadAction\",\"target\":[\"https:\/\/loja.dara.pt\/produto\/meia-newborn-virola-menino-6pares\/\"]}]},{\"@type\":\"ImageObject\",\"inLanguage\":\"es\",\"@id\":\"https:\/\/loja.dara.pt\/produto\/meia-newborn-virola-menino-6pares\/#primaryimage\",\"url\":\"https:\/\/loja.dara.pt\/wp-content\/uploads\/2021\/08\/REF-PG-1247-1.jpg\",\"contentUrl\":\"https:\/\/loja.dara.pt\/wp-content\/uploads\/2021\/08\/REF-PG-1247-1.jpg\",\"width\":1400,\"height\":1900,\"caption\":\"Meia Newborn Virola Menino\"},{\"@type\":\"BreadcrumbList\",\"@id\":\"https:\/\/loja.dara.pt\/produto\/meia-newborn-virola-menino-6pares\/#breadcrumb\",\"itemListElement\":[{\"@type\":\"ListItem\",\"position\":1,\"name\":\"Home\",\"item\":\"https:\/\/loja.dara.pt\/\"},{\"@type\":\"ListItem\",\"position\":2,\"name\":\"Loja\",\"item\":\"https:\/\/loja.dara.pt\/loja\/\"},{\"@type\":\"ListItem\",\"position\":3,\"name\":\"Meia Newborn Virola Menino &#8211; 6 Pares\"}]},{\"@type\":\"WebSite\",\"@id\":\"https:\/\/loja.dara.pt\/#website\",\"url\":\"https:\/\/loja.dara.pt\/\",\"name\":\"Loja Dara\",\"description\":\"My Dara International, LDA especialistas em meias, pe\u00fagas e collants\",\"publisher\":{\"@id\":\"https:\/\/loja.dara.pt\/#organization\"},\"alternateName\":\"Dara\",\"potentialAction\":[{\"@type\":\"SearchAction\",\"target\":{\"@type\":\"EntryPoint\",\"urlTemplate\":\"https:\/\/loja.dara.pt\/?s={search_term_string}\"},\"query-input\":{\"@type\":\"PropertyValueSpecification\",\"valueRequired\":true,\"valueName\":\"search_term_string\"}}],\"inLanguage\":\"es\"},{\"@type\":\"Organization\",\"@id\":\"https:\/\/loja.dara.pt\/#organization\",\"name\":\"My Dara International, LDA\",\"url\":\"https:\/\/loja.dara.pt\/\",\"logo\":{\"@type\":\"ImageObject\",\"inLanguage\":\"es\",\"@id\":\"https:\/\/loja.dara.pt\/#\/schema\/logo\/image\/\",\"url\":\"https:\/\/loja.dara.pt\/wp-content\/uploads\/2023\/09\/Logo.jpg\",\"contentUrl\":\"https:\/\/loja.dara.pt\/wp-content\/uploads\/2023\/09\/Logo.jpg\",\"width\":300,\"height\":300,\"caption\":\"My Dara International, LDA\"},\"image\":{\"@id\":\"https:\/\/loja.dara.pt\/#\/schema\/logo\/image\/\"},\"sameAs\":[\"https:\/\/www.facebook.com\/My.Dara.International\",\"https:\/\/x.com\/MyDaraInt\",\"https:\/\/www.linkedin.com\/company\/my-dara-international-lda\",\"https:\/\/www.instagram.com\/mydarainternational\"]}]}<\/script>\n<!-- \/ Yoast SEO plugin. -->","yoast_head_json":{"title":"Calcet\u00edn con Virola Reci\u00e9n Nacido Ni\u00f1o - 6 Pares - Dara","description":"Meia para beb\u00e9 rec\u00e9m nascido com virola e sem costura na biqueira para um maior conforto.","robots":{"index":"index","follow":"follow","max-snippet":"max-snippet:-1","max-image-preview":"max-image-preview:large","max-video-preview":"max-video-preview:-1"},"canonical":"https:\/\/loja.dara.pt\/es\/produto\/meia-newborn-virola-menino-6pares\/","og_locale":"es_ES","og_type":"article","og_title":"Calcet\u00edn con Virola Reci\u00e9n Nacido Ni\u00f1o - 6 Pares - Dara","og_description":"Meia para beb\u00e9 rec\u00e9m nascido com virola e sem costura na biqueira para um maior conforto.","og_url":"https:\/\/loja.dara.pt\/produto\/meia-newborn-virola-menino-6pares\/","og_site_name":"Dara","article_publisher":"https:\/\/www.facebook.com\/My.Dara.International","article_modified_time":"2025-09-04T15:18:22+00:00","og_image":[{"width":1400,"height":1900,"url":"https:\/\/loja.dara.pt\/wp-content\/uploads\/2021\/08\/REF-PG-1247-1.jpg","type":"image\/jpeg"}],"twitter_card":"summary_large_image","twitter_site":"@MyDaraInt","twitter_misc":{"Tiempo de lectura":"1 minuto"},"schema":{"@context":"https:\/\/schema.org","@graph":[{"@type":"WebPage","@id":"https:\/\/loja.dara.pt\/produto\/meia-newborn-virola-menino-6pares\/","url":"https:\/\/loja.dara.pt\/produto\/meia-newborn-virola-menino-6pares\/","name":"Calcet\u00edn con Virola Reci\u00e9n Nacido Ni\u00f1o - 6 Pares - Dara","isPartOf":{"@id":"https:\/\/loja.dara.pt\/#website"},"primaryImageOfPage":{"@id":"https:\/\/loja.dara.pt\/produto\/meia-newborn-virola-menino-6pares\/#primaryimage"},"image":{"@id":"https:\/\/loja.dara.pt\/produto\/meia-newborn-virola-menino-6pares\/#primaryimage"},"thumbnailUrl":"https:\/\/loja.dara.pt\/wp-content\/uploads\/2021\/08\/REF-PG-1247-1.jpg","datePublished":"2025-02-28T14:16:00+00:00","dateModified":"2025-09-04T15:18:22+00:00","description":"Meia para beb\u00e9 rec\u00e9m nascido com virola e sem costura na biqueira para um maior conforto.","breadcrumb":{"@id":"https:\/\/loja.dara.pt\/produto\/meia-newborn-virola-menino-6pares\/#breadcrumb"},"inLanguage":"es","potentialAction":[{"@type":"ReadAction","target":["https:\/\/loja.dara.pt\/produto\/meia-newborn-virola-menino-6pares\/"]}]},{"@type":"ImageObject","inLanguage":"es","@id":"https:\/\/loja.dara.pt\/produto\/meia-newborn-virola-menino-6pares\/#primaryimage","url":"https:\/\/loja.dara.pt\/wp-content\/uploads\/2021\/08\/REF-PG-1247-1.jpg","contentUrl":"https:\/\/loja.dara.pt\/wp-content\/uploads\/2021\/08\/REF-PG-1247-1.jpg","width":1400,"height":1900,"caption":"Meia Newborn Virola Menino"},{"@type":"BreadcrumbList","@id":"https:\/\/loja.dara.pt\/produto\/meia-newborn-virola-menino-6pares\/#breadcrumb","itemListElement":[{"@type":"ListItem","position":1,"name":"Home","item":"https:\/\/loja.dara.pt\/"},{"@type":"ListItem","position":2,"name":"Loja","item":"https:\/\/loja.dara.pt\/loja\/"},{"@type":"ListItem","position":3,"name":"Meia Newborn Virola Menino &#8211; 6 Pares"}]},{"@type":"WebSite","@id":"https:\/\/loja.dara.pt\/#website","url":"https:\/\/loja.dara.pt\/","name":"Loja Dara","description":"My Dara International, LDA especialistas em meias, pe\u00fagas e collants","publisher":{"@id":"https:\/\/loja.dara.pt\/#organization"},"alternateName":"Dara","potentialAction":[{"@type":"SearchAction","target":{"@type":"EntryPoint","urlTemplate":"https:\/\/loja.dara.pt\/?s={search_term_string}"},"query-input":{"@type":"PropertyValueSpecification","valueRequired":true,"valueName":"search_term_string"}}],"inLanguage":"es"},{"@type":"Organization","@id":"https:\/\/loja.dara.pt\/#organization","name":"My Dara International, LDA","url":"https:\/\/loja.dara.pt\/","logo":{"@type":"ImageObject","inLanguage":"es","@id":"https:\/\/loja.dara.pt\/#\/schema\/logo\/image\/","url":"https:\/\/loja.dara.pt\/wp-content\/uploads\/2023\/09\/Logo.jpg","contentUrl":"https:\/\/loja.dara.pt\/wp-content\/uploads\/2023\/09\/Logo.jpg","width":300,"height":300,"caption":"My Dara International, LDA"},"image":{"@id":"https:\/\/loja.dara.pt\/#\/schema\/logo\/image\/"},"sameAs":["https:\/\/www.facebook.com\/My.Dara.International","https:\/\/x.com\/MyDaraInt","https:\/\/www.linkedin.com\/company\/my-dara-international-lda","https:\/\/www.instagram.com\/mydarainternational"]}]}},"_links":{"self":[{"href":"https:\/\/loja.dara.pt\/es\/wp-json\/wp\/v2\/product\/9282","targetHints":{"allow":["GET"]}}],"collection":[{"href":"https:\/\/loja.dara.pt\/es\/wp-json\/wp\/v2\/product"}],"about":[{"href":"https:\/\/loja.dara.pt\/es\/wp-json\/wp\/v2\/types\/product"}],"wp:featuredmedia":[{"embeddable":true,"href":"https:\/\/loja.dara.pt\/es\/wp-json\/wp\/v2\/media\/4670"}],"wp:attachment":[{"href":"https:\/\/loja.dara.pt\/es\/wp-json\/wp\/v2\/media?parent=9282"}],"wp:term":[{"taxonomy":"product_brand","embeddable":true,"href":"https:\/\/loja.dara.pt\/es\/wp-json\/wp\/v2\/product_brand?post=9282"},{"taxonomy":"product_cat","embeddable":true,"href":"https:\/\/loja.dara.pt\/es\/wp-json\/wp\/v2\/product_cat?post=9282"},{"taxonomy":"product_tag","embeddable":true,"href":"https:\/\/loja.dara.pt\/es\/wp-json\/wp\/v2\/product_tag?post=9282"}],"curies":[{"name":"wp","href":"https:\/\/api.w.org\/{rel}","templated":true}]}}