{"id":4468,"date":"2021-07-28T16:14:23","date_gmt":"2021-07-28T15:14:23","guid":{"rendered":"https:\/\/loja.dara.pt\/?page_id=4468"},"modified":"2021-07-28T16:20:59","modified_gmt":"2021-07-28T15:20:59","slug":"tabela-tamanhos-meias","status":"publish","type":"page","link":"https:\/\/loja.dara.pt\/fr\/tabela-tamanhos-meias\/","title":{"rendered":"(Portugu\u00eas) Tabela Tamanhos Meias"},"content":{"rendered":"<p class=\"qtranxs-available-languages-message qtranxs-available-languages-message-fr\">D\u00e9sol\u00e9, cet article est seulement disponible en <a href=\"https:\/\/loja.dara.pt\/pt\/wp-json\/wp\/v2\/pages\/4468\" class=\"qtranxs-available-language-link qtranxs-available-language-link-pt\" title=\"Portugu\u00eas\">Portugu\u00eas<\/a>.<\/p>","protected":false},"excerpt":{"rendered":"<p>D\u00e9sol\u00e9, cet article est seulement disponible en Portugu\u00eas.<\/p>\n","protected":false},"author":1,"featured_media":0,"parent":0,"menu_order":0,"comment_status":"closed","ping_status":"closed","template":"","meta":{"_acf_changed":false,"inline_featured_image":false,"footnotes":""},"class_list":["post-4468","page","type-page","status-publish","hentry"],"acf":[],"yoast_head":"<!-- This site is optimized with the Yoast SEO plugin v27.2 - https:\/\/yoast.com\/product\/yoast-seo-wordpress\/ -->\n<title>(Portugu\u00eas) Tabela Tamanhos Meias - Dara<\/title>\n<meta name=\"robots\" content=\"index, follow, max-snippet:-1, max-image-preview:large, max-video-preview:-1\" \/>\n<link rel=\"canonical\" href=\"https:\/\/loja.dara.pt\/fr\/tabela-tamanhos-meias\/\" \/>\n<meta property=\"og:locale\" content=\"fr_FR\" \/>\n<meta property=\"og:type\" content=\"article\" \/>\n<meta property=\"og:title\" content=\"(Portugu\u00eas) Tabela Tamanhos Meias - Dara\" \/>\n<meta property=\"og:description\" content=\"D\u00e9sol\u00e9, cet article est seulement disponible en Portugu\u00eas.\" \/>\n<meta property=\"og:url\" content=\"https:\/\/loja.dara.pt\/tabela-tamanhos-meias\/\" \/>\n<meta property=\"og:site_name\" content=\"Dara\" \/>\n<meta property=\"article:publisher\" content=\"https:\/\/www.facebook.com\/My.Dara.International\" \/>\n<meta property=\"article:modified_time\" content=\"2021-07-28T15:20:59+00:00\" \/>\n<meta property=\"og:image\" content=\"https:\/\/loja.dara.pt\/wp-content\/uploads\/2021\/07\/tabela_tamanhos_meias_1-300x161.jpg\" \/>\n<meta name=\"twitter:card\" content=\"summary_large_image\" \/>\n<meta name=\"twitter:site\" content=\"@MyDaraInt\" \/>\n<script type=\"application\/ld+json\" class=\"yoast-schema-graph\">{\"@context\":\"https:\/\/schema.org\",\"@graph\":[{\"@type\":\"WebPage\",\"@id\":\"https:\/\/loja.dara.pt\/tabela-tamanhos-meias\/\",\"url\":\"https:\/\/loja.dara.pt\/tabela-tamanhos-meias\/\",\"name\":\"(Portugu\u00eas) Tabela Tamanhos Meias - Dara\",\"isPartOf\":{\"@id\":\"https:\/\/loja.dara.pt\/#website\"},\"primaryImageOfPage\":{\"@id\":\"https:\/\/loja.dara.pt\/tabela-tamanhos-meias\/#primaryimage\"},\"image\":{\"@id\":\"https:\/\/loja.dara.pt\/tabela-tamanhos-meias\/#primaryimage\"},\"thumbnailUrl\":\"https:\/\/loja.dara.pt\/wp-content\/uploads\/2021\/07\/tabela_tamanhos_meias_1-300x161.jpg\",\"datePublished\":\"2021-07-28T15:14:23+00:00\",\"dateModified\":\"2021-07-28T15:20:59+00:00\",\"breadcrumb\":{\"@id\":\"https:\/\/loja.dara.pt\/tabela-tamanhos-meias\/#breadcrumb\"},\"inLanguage\":\"fr-FR\",\"potentialAction\":[{\"@type\":\"ReadAction\",\"target\":[\"https:\/\/loja.dara.pt\/tabela-tamanhos-meias\/\"]}]},{\"@type\":\"ImageObject\",\"inLanguage\":\"fr-FR\",\"@id\":\"https:\/\/loja.dara.pt\/tabela-tamanhos-meias\/#primaryimage\",\"url\":\"https:\/\/loja.dara.pt\/wp-content\/uploads\/2021\/07\/tabela_tamanhos_meias_1-300x161.jpg\",\"contentUrl\":\"https:\/\/loja.dara.pt\/wp-content\/uploads\/2021\/07\/tabela_tamanhos_meias_1-300x161.jpg\"},{\"@type\":\"BreadcrumbList\",\"@id\":\"https:\/\/loja.dara.pt\/tabela-tamanhos-meias\/#breadcrumb\",\"itemListElement\":[{\"@type\":\"ListItem\",\"position\":1,\"name\":\"Home\",\"item\":\"https:\/\/loja.dara.pt\/\"},{\"@type\":\"ListItem\",\"position\":2,\"name\":\"Tabela Tamanhos Meias\"}]},{\"@type\":\"WebSite\",\"@id\":\"https:\/\/loja.dara.pt\/#website\",\"url\":\"https:\/\/loja.dara.pt\/\",\"name\":\"Loja Dara\",\"description\":\"My Dara International, LDA especialistas em meias, pe\u00fagas e collants\",\"publisher\":{\"@id\":\"https:\/\/loja.dara.pt\/#organization\"},\"alternateName\":\"Dara\",\"potentialAction\":[{\"@type\":\"SearchAction\",\"target\":{\"@type\":\"EntryPoint\",\"urlTemplate\":\"https:\/\/loja.dara.pt\/?s={search_term_string}\"},\"query-input\":{\"@type\":\"PropertyValueSpecification\",\"valueRequired\":true,\"valueName\":\"search_term_string\"}}],\"inLanguage\":\"fr-FR\"},{\"@type\":\"Organization\",\"@id\":\"https:\/\/loja.dara.pt\/#organization\",\"name\":\"My Dara International, LDA\",\"url\":\"https:\/\/loja.dara.pt\/\",\"logo\":{\"@type\":\"ImageObject\",\"inLanguage\":\"fr-FR\",\"@id\":\"https:\/\/loja.dara.pt\/#\/schema\/logo\/image\/\",\"url\":\"https:\/\/loja.dara.pt\/wp-content\/uploads\/2023\/09\/Logo.jpg\",\"contentUrl\":\"https:\/\/loja.dara.pt\/wp-content\/uploads\/2023\/09\/Logo.jpg\",\"width\":300,\"height\":300,\"caption\":\"My Dara International, LDA\"},\"image\":{\"@id\":\"https:\/\/loja.dara.pt\/#\/schema\/logo\/image\/\"},\"sameAs\":[\"https:\/\/www.facebook.com\/My.Dara.International\",\"https:\/\/x.com\/MyDaraInt\",\"https:\/\/www.linkedin.com\/company\/my-dara-international-lda\",\"https:\/\/www.instagram.com\/mydarainternational\"]}]}<\/script>\n<!-- \/ Yoast SEO plugin. -->","yoast_head_json":{"title":"(Portugu\u00eas) Tabela Tamanhos Meias - Dara","robots":{"index":"index","follow":"follow","max-snippet":"max-snippet:-1","max-image-preview":"max-image-preview:large","max-video-preview":"max-video-preview:-1"},"canonical":"https:\/\/loja.dara.pt\/fr\/tabela-tamanhos-meias\/","og_locale":"fr_FR","og_type":"article","og_title":"(Portugu\u00eas) Tabela Tamanhos Meias - Dara","og_description":"D\u00e9sol\u00e9, cet article est seulement disponible en Portugu\u00eas.","og_url":"https:\/\/loja.dara.pt\/tabela-tamanhos-meias\/","og_site_name":"Dara","article_publisher":"https:\/\/www.facebook.com\/My.Dara.International","article_modified_time":"2021-07-28T15:20:59+00:00","og_image":[{"url":"https:\/\/loja.dara.pt\/wp-content\/uploads\/2021\/07\/tabela_tamanhos_meias_1-300x161.jpg","type":"","width":"","height":""}],"twitter_card":"summary_large_image","twitter_site":"@MyDaraInt","schema":{"@context":"https:\/\/schema.org","@graph":[{"@type":"WebPage","@id":"https:\/\/loja.dara.pt\/tabela-tamanhos-meias\/","url":"https:\/\/loja.dara.pt\/tabela-tamanhos-meias\/","name":"(Portugu\u00eas) Tabela Tamanhos Meias - Dara","isPartOf":{"@id":"https:\/\/loja.dara.pt\/#website"},"primaryImageOfPage":{"@id":"https:\/\/loja.dara.pt\/tabela-tamanhos-meias\/#primaryimage"},"image":{"@id":"https:\/\/loja.dara.pt\/tabela-tamanhos-meias\/#primaryimage"},"thumbnailUrl":"https:\/\/loja.dara.pt\/wp-content\/uploads\/2021\/07\/tabela_tamanhos_meias_1-300x161.jpg","datePublished":"2021-07-28T15:14:23+00:00","dateModified":"2021-07-28T15:20:59+00:00","breadcrumb":{"@id":"https:\/\/loja.dara.pt\/tabela-tamanhos-meias\/#breadcrumb"},"inLanguage":"fr-FR","potentialAction":[{"@type":"ReadAction","target":["https:\/\/loja.dara.pt\/tabela-tamanhos-meias\/"]}]},{"@type":"ImageObject","inLanguage":"fr-FR","@id":"https:\/\/loja.dara.pt\/tabela-tamanhos-meias\/#primaryimage","url":"https:\/\/loja.dara.pt\/wp-content\/uploads\/2021\/07\/tabela_tamanhos_meias_1-300x161.jpg","contentUrl":"https:\/\/loja.dara.pt\/wp-content\/uploads\/2021\/07\/tabela_tamanhos_meias_1-300x161.jpg"},{"@type":"BreadcrumbList","@id":"https:\/\/loja.dara.pt\/tabela-tamanhos-meias\/#breadcrumb","itemListElement":[{"@type":"ListItem","position":1,"name":"Home","item":"https:\/\/loja.dara.pt\/"},{"@type":"ListItem","position":2,"name":"Tabela Tamanhos Meias"}]},{"@type":"WebSite","@id":"https:\/\/loja.dara.pt\/#website","url":"https:\/\/loja.dara.pt\/","name":"Loja Dara","description":"My Dara International, LDA especialistas em meias, pe\u00fagas e collants","publisher":{"@id":"https:\/\/loja.dara.pt\/#organization"},"alternateName":"Dara","potentialAction":[{"@type":"SearchAction","target":{"@type":"EntryPoint","urlTemplate":"https:\/\/loja.dara.pt\/?s={search_term_string}"},"query-input":{"@type":"PropertyValueSpecification","valueRequired":true,"valueName":"search_term_string"}}],"inLanguage":"fr-FR"},{"@type":"Organization","@id":"https:\/\/loja.dara.pt\/#organization","name":"My Dara International, LDA","url":"https:\/\/loja.dara.pt\/","logo":{"@type":"ImageObject","inLanguage":"fr-FR","@id":"https:\/\/loja.dara.pt\/#\/schema\/logo\/image\/","url":"https:\/\/loja.dara.pt\/wp-content\/uploads\/2023\/09\/Logo.jpg","contentUrl":"https:\/\/loja.dara.pt\/wp-content\/uploads\/2023\/09\/Logo.jpg","width":300,"height":300,"caption":"My Dara International, LDA"},"image":{"@id":"https:\/\/loja.dara.pt\/#\/schema\/logo\/image\/"},"sameAs":["https:\/\/www.facebook.com\/My.Dara.International","https:\/\/x.com\/MyDaraInt","https:\/\/www.linkedin.com\/company\/my-dara-international-lda","https:\/\/www.instagram.com\/mydarainternational"]}]}},"_links":{"self":[{"href":"https:\/\/loja.dara.pt\/fr\/wp-json\/wp\/v2\/pages\/4468","targetHints":{"allow":["GET"]}}],"collection":[{"href":"https:\/\/loja.dara.pt\/fr\/wp-json\/wp\/v2\/pages"}],"about":[{"href":"https:\/\/loja.dara.pt\/fr\/wp-json\/wp\/v2\/types\/page"}],"author":[{"embeddable":true,"href":"https:\/\/loja.dara.pt\/fr\/wp-json\/wp\/v2\/users\/1"}],"replies":[{"embeddable":true,"href":"https:\/\/loja.dara.pt\/fr\/wp-json\/wp\/v2\/comments?post=4468"}],"version-history":[{"count":4,"href":"https:\/\/loja.dara.pt\/fr\/wp-json\/wp\/v2\/pages\/4468\/revisions"}],"predecessor-version":[{"id":4474,"href":"https:\/\/loja.dara.pt\/fr\/wp-json\/wp\/v2\/pages\/4468\/revisions\/4474"}],"wp:attachment":[{"href":"https:\/\/loja.dara.pt\/fr\/wp-json\/wp\/v2\/media?parent=4468"}],"curies":[{"name":"wp","href":"https:\/\/api.w.org\/{rel}","templated":true}]}}