{"id":4594,"date":"2021-07-29T16:43:46","date_gmt":"2021-07-29T15:43:46","guid":{"rendered":"https:\/\/loja.dara.pt\/?page_id=4594"},"modified":"2025-02-28T11:22:11","modified_gmt":"2025-02-28T11:22:11","slug":"politica-de-privacidade","status":"publish","type":"page","link":"https:\/\/loja.dara.pt\/fr\/politica-de-privacidade\/","title":{"rendered":"Politique de Confidentialit\u00e9"},"content":{"rendered":"<p><\/p>\n<h1>Politique de Confidentialit\u00e9 et de Protection des Donn\u00e9es<\/h1>\n<p>&nbsp;<\/p>\n<p>La confidentialit\u00e9 et la protection de vos donn\u00e9es personnelles sont tr\u00e8s importantes pour nous.<\/p>\n<p>Tenant compte du r\u00e8glement (UE) 2016\/679, dit R\u00e8glement G\u00e9n\u00e9ral sur la Protection des Donn\u00e9es Personnelles, My Dara International s&rsquo;engage \u00e0 fournir \u00e0 ses clients des informations d\u00e9taill\u00e9es sur l&rsquo;utilisation et la protection accord\u00e9e \u00e0 leurs donn\u00e9es personnelles, les raisons de le traitement et quels droits vous avez \u00e0 la suite de ce traitement, conform\u00e9ment aux dispositions des articles 13, 3 et 14 du R\u00e8glement pr\u00e9cit\u00e9.<\/p>\n<p><strong>\u00a0<\/strong><\/p>\n<p><strong>Entit\u00e9 Responsable du Traitement des Donn\u00e9es<\/strong><\/p>\n<p>Mon Dara International, Ltd. dont le si\u00e8ge est \u00e0 Zona Industrial do Alto Padr\u00e3o, 3200-133 Lous\u00e3 est l&rsquo;entit\u00e9 responsable du traitement des donn\u00e9es personnelles de chaque client.<\/p>\n<p>Le client, pour tout doute ou \u00e9claircissement li\u00e9 \u00e0 la protection des donn\u00e9es personnelles, doit contacter l&rsquo;entit\u00e9 responsable du traitement, par les moyens suivants :<\/p>\n<ul>\n<li>Par e-mail : newsletter<a href=\"mailto:info@dara.pt\">@dara.pt<\/a><\/li>\n<li>Par courrier \u00e0 l&rsquo;adresse : Zona Industrial do Alto Padr\u00e3o, 3200-133 Lous\u00e3<\/li>\n<\/ul>\n<p><strong>\u00a0<\/strong><\/p>\n<p><strong>Cat\u00e9gorie de Donn\u00e9es Personnelles <\/strong><\/p>\n<p>Donn\u00e9es personnelles collect\u00e9es et trait\u00e9es par My Dara International, Lda. ce sont uniquement ceux que le client fournit volontairement en remplissant tout formulaire pr\u00e9sent dans cette boutique en ligne.<br \/>\n<strong>\u00a0<\/strong><\/p>\n<p><strong>Finalit\u00e9 pour laquelle le traitement des donn\u00e9es est destin\u00e9<\/strong><\/p>\n<p>Les donn\u00e9es personnelles des clients de My Dara International font l&rsquo;objet de traitements poursuivant des finalit\u00e9s d\u00e9termin\u00e9es, explicites et l\u00e9gitimes, et ne sont pas trait\u00e9es de mani\u00e8re incompatible avec celles-ci.<\/p>\n<p>Privil\u00e9giant une collecte minimale et limit\u00e9e des donn\u00e9es, My Dara International ne traite que celles qui s&rsquo;av\u00e8rent strictement n\u00e9cessaires \u00e0 la r\u00e9alisation des finalit\u00e9s pour lesquelles elles sont trait\u00e9es.<\/p>\n<p>Les donn\u00e9es personnelles de nos clients peuvent \u00eatre trait\u00e9es aux fins suivantes :<\/p>\n<ul>\n<li>D\u00e9veloppement, r\u00e9alisation et ex\u00e9cution d&rsquo;un contrat d&rsquo;achat et de vente, qui se produira, par exemple, lors de l&rsquo;achat d&rsquo;un produit. \u00c9tant donn\u00e9 que, s&rsquo;il est n\u00e9cessaire de proc\u00e9der \u00e0 la livraison de l&rsquo;article achet\u00e9, il est toujours essentiel de traiter les donn\u00e9es \u00e0 des fins de transport.<\/li>\n<li>Les donn\u00e9es seront trait\u00e9es \u00e0 des fins comptables ou de facturation, conform\u00e9ment aux obligations l\u00e9gales. Lors de l&rsquo;achat d&rsquo;un produit, il est indispensable de traiter les donn\u00e9es en vue de l&rsquo;\u00e9mission d&rsquo;une facture.<\/li>\n<li>Assistance client. Les donn\u00e9es fournies par le client peuvent \u00eatre utilis\u00e9es pour r\u00e9pondre aux commandes et\/ou aux questions concernant les produits.<\/li>\n<\/ul>\n<p><strong>Destinataires des Donn\u00e9es Personnelles\u00a0 <\/strong><\/p>\n<p>Dans la r\u00e9alisation des objectifs d\u00e9crits ci-dessus et dans le respect des obligations l\u00e9gales, My Dara International, Lda. peuvent \u00eatre amen\u00e9s \u00e0 transmettre les donn\u00e9es personnelles des clients \u00e0 des entit\u00e9s ext\u00e9rieures \u00e0 la soci\u00e9t\u00e9, \u00e0 savoir :<\/p>\n<ul>\n<li>Entit\u00e9s qualifi\u00e9es de sous-traitants, au sens du r\u00e8glement g\u00e9n\u00e9ral sur la protection des donn\u00e9es, pour la prestation de services dans le domaine de la logistique et du transport, des technologies de l&rsquo;information, du stockage des donn\u00e9es, de l&rsquo;audit, de la gestion des documents et du contentieux.<\/li >\n<\/ul>\n<p>&nbsp;<\/p>\n<p><strong>P\u00e9riodes de Stockage <\/strong><\/p>\n<p>Le traitement de vos donn\u00e9es personnelles se poursuivra aussi longtemps qu&rsquo;il s&rsquo;av\u00e9rera n\u00e9cessaire ou obligatoire pour la r\u00e9alisation des finalit\u00e9s d\u00e9crites ci-dessus.<\/p>\n<p>Les donn\u00e9es trait\u00e9es dans le cadre de l&rsquo;\u00e9laboration, de l&rsquo;ex\u00e9cution et de l&rsquo;ex\u00e9cution d&rsquo;un contrat d&rsquo;achat et de vente ou de services seront conserv\u00e9es pendant la dur\u00e9e strictement n\u00e9cessaire \u00e0 la gestion de l&rsquo;achat de produits ou de services, y compris les \u00e9ventuels retours, r\u00e9clamations ou r\u00e9clamations li\u00e9es \u00e0 la l&rsquo;achat du produit ou service concern\u00e9.<\/p>\n<p>Les donn\u00e9es faisant l&rsquo;objet d&rsquo;un traitement \u00e0 des fins comptables et\/ou de facturation seront conserv\u00e9es pendant la dur\u00e9e l\u00e9galement requise pour la poursuite de cette finalit\u00e9.<\/p>\n<p>Le traitement des donn\u00e9es collect\u00e9es \u00e0 des fins de marketing et de communication des produits et services sera conserv\u00e9 jusqu&rsquo;\u00e0 ce que le client retire son consentement donn\u00e9 \u00e0 cette fin, le cas \u00e9ch\u00e9ant.<\/p>\n<p>Les donn\u00e9es trait\u00e9es dans le cadre du support client seront \u00e9galement conserv\u00e9es le temps n\u00e9cessaire pour r\u00e9pondre \u00e0 votre demande ou requ\u00eate.<br \/>\n<strong>\u00a0<\/strong><\/p>\n<p><strong>Droits des personnes concern\u00e9es<\/strong><\/p>\n<p>Le client My Dara International, en tant que titulaire des donn\u00e9es personnelles, au travers de la collecte et du traitement op\u00e9r\u00e9, dispose des droits suivants :<\/p>\n<ul>\n<li>Droit d&rsquo;acc\u00e8s : chaque fois que vous en faites la demande, vous pouvez acc\u00e9der \u00e0 vos donn\u00e9es personnelles, obtenir toutes les informations relatives au traitement de vos donn\u00e9es et \u00e9galement obtenir une copie de vos donn\u00e9es personnelles en cours de traitement.<\/li>\n<li>Droit de rectification : chaque fois qu&rsquo;il est consid\u00e9r\u00e9 que vos donn\u00e9es personnelles sont incompl\u00e8tes ou incorrectes, vous pouvez demander leur rectification ou qu&rsquo;elles soient compl\u00e9t\u00e9es.<\/li>\n<li>Droit de suppression des donn\u00e9es : sans pr\u00e9judice des obligations l\u00e9gales pouvant limiter l&rsquo;exercice de ce droit, vous pouvez demander la suppression de vos donn\u00e9es.<\/li>\n<li>Droit d&rsquo;opposition : vous avez le droit de vous opposer au traitement de vos donn\u00e9es lorsque le traitement est fond\u00e9 sur l&rsquo;int\u00e9r\u00eat l\u00e9gitime du responsable du traitement ou lorsque le traitement est effectu\u00e9 \u00e0 des fins autres que celles pour lesquelles les donn\u00e9es ont \u00e9t\u00e9 collect\u00e9es, mais qui sont compatibles avec le m\u00eame.<\/li>\n<\/ul>\n<p>Si vous vous opposez au traitement des donn\u00e9es, My Dara International, Lda. cessera de traiter vos donn\u00e9es \u00e0 moins que vous n&rsquo;ayez des motifs l\u00e9gitimes pour proc\u00e9der \u00e0 un tel traitement et que ceux-ci pr\u00e9valent sur vos int\u00e9r\u00eats.<\/p>\n<p>Vous pouvez \u00e9galement, \u00e0 tout moment, vous opposer au traitement de vos donn\u00e9es \u00e0 des fins de marketing direct.<\/p>\n<p><strong> <\/strong><\/p>\n<p><strong>Newsletter<\/strong><\/p>\n<p>Le client est celui qui d\u00e9cide s&rsquo;il souhaite recevoir notre newsletter et des informations de notre part.<\/p>\n<p>Les informations fournies par le client ne sont utilis\u00e9es que pour envoyer des informations p\u00e9riodiques sur les nouveaut\u00e9s, les offres et les promotions. L&rsquo;envoi de ceux-ci est soumis \u00e0 l&rsquo;approbation expresse de l&rsquo;utilisateur. Ces derniers peuvent r\u00e9silier l&rsquo;abonnement \u00e0 ce service quand ils le souhaitent.<\/p>\n<p>Mon Dara International, Ltd. est contre les pratiques de spam (e-mails non sollicit\u00e9s) et n&rsquo;effectue pas ce type de comportement.<\/p>\n<p>&nbsp;<\/p>\n<p><strong>R\u00e9seaux sociaux<\/strong><\/p>\n<p>Mon Dara International, Ltd. Elle est pr\u00e9sente sur les principaux r\u00e9seaux sociaux : Facebook, Instagram.<\/p>\n<p>Pour cette raison, il assume le r\u00f4le de contr\u00f4leur de donn\u00e9es pour le traitement de ses profils d\u00e9riv\u00e9s d&rsquo;amis, de likes, de followers, de commentaires, etc. L&rsquo;utilisateur accepte express\u00e9ment d&rsquo;\u00eatre soumis aux conditions et modalit\u00e9s des diff\u00e9rents r\u00e9seaux sociaux ou plateformes o\u00f9 My Dara International est pr\u00e9sent, lui permettant d&rsquo;utiliser les moyens que les m\u00eames r\u00e9seaux permettent d&rsquo;informer les utilisateurs sur les diff\u00e9rentes activit\u00e9s et services qu&rsquo;il r\u00e9alise.<\/p>\n<p>&nbsp;<\/p>\n<p><strong>Contact<\/strong><\/p>\n<p>Nous sommes \u00e0 votre enti\u00e8re disposition pour toute question relative \u00e0 la protection et au traitement des donn\u00e9es ou demande d&rsquo;information. N&rsquo;h\u00e9sitez pas \u00e0 nous contacter par e-mail : newsletter<a href=\"mailto:info@dara.pt\">@dara.pt<\/a>.<\/p>","protected":false},"excerpt":{"rendered":"<p>Politique de Confidentialit\u00e9 et de Protection des Donn\u00e9es &nbsp; La confidentialit\u00e9 et la protection de&#8230;<\/p>\n","protected":false},"author":1,"featured_media":0,"parent":0,"menu_order":0,"comment_status":"closed","ping_status":"closed","template":"","meta":{"_acf_changed":false,"inline_featured_image":false,"footnotes":""},"class_list":["post-4594","page","type-page","status-publish","hentry"],"acf":[],"yoast_head":"<!-- This site is optimized with the Yoast SEO plugin v27.2 - https:\/\/yoast.com\/product\/yoast-seo-wordpress\/ -->\n<title>Politique de Confidentialit\u00e9 - Dara<\/title>\n<meta name=\"description\" content=\"Pol\u00edtica de Privacidade e Prote\u00e7\u00e3o de Dados. A privacidade e prote\u00e7\u00e3o dos seus dados pessoais s\u00e3o muito importantes para n\u00f3s.\" \/>\n<meta name=\"robots\" content=\"index, follow, max-snippet:-1, max-image-preview:large, max-video-preview:-1\" \/>\n<link rel=\"canonical\" href=\"https:\/\/loja.dara.pt\/fr\/politica-de-privacidade\/\" \/>\n<meta property=\"og:locale\" content=\"fr_FR\" \/>\n<meta property=\"og:type\" content=\"article\" \/>\n<meta property=\"og:title\" content=\"Politique de Confidentialit\u00e9 - Dara\" \/>\n<meta property=\"og:description\" content=\"Pol\u00edtica de Privacidade e Prote\u00e7\u00e3o de Dados. A privacidade e prote\u00e7\u00e3o dos seus dados pessoais s\u00e3o muito importantes para n\u00f3s.\" \/>\n<meta property=\"og:url\" content=\"https:\/\/loja.dara.pt\/politica-de-privacidade\/\" \/>\n<meta property=\"og:site_name\" content=\"Dara\" \/>\n<meta property=\"article:publisher\" content=\"https:\/\/www.facebook.com\/My.Dara.International\" \/>\n<meta property=\"article:modified_time\" content=\"2025-02-28T11:22:11+00:00\" \/>\n<meta name=\"twitter:card\" content=\"summary_large_image\" \/>\n<meta name=\"twitter:site\" content=\"@MyDaraInt\" \/>\n<meta name=\"twitter:label1\" content=\"Dur\u00e9e de lecture estim\u00e9e\" \/>\n\t<meta name=\"twitter:data1\" content=\"6 minutes\" \/>\n<script type=\"application\/ld+json\" class=\"yoast-schema-graph\">{\"@context\":\"https:\/\/schema.org\",\"@graph\":[{\"@type\":\"WebPage\",\"@id\":\"https:\/\/loja.dara.pt\/politica-de-privacidade\/\",\"url\":\"https:\/\/loja.dara.pt\/politica-de-privacidade\/\",\"name\":\"Politique de Confidentialit\u00e9 - Dara\",\"isPartOf\":{\"@id\":\"https:\/\/loja.dara.pt\/#website\"},\"datePublished\":\"2021-07-29T15:43:46+00:00\",\"dateModified\":\"2025-02-28T11:22:11+00:00\",\"description\":\"Pol\u00edtica de Privacidade e Prote\u00e7\u00e3o de Dados. A privacidade e prote\u00e7\u00e3o dos seus dados pessoais s\u00e3o muito importantes para n\u00f3s.\",\"breadcrumb\":{\"@id\":\"https:\/\/loja.dara.pt\/politica-de-privacidade\/#breadcrumb\"},\"inLanguage\":\"fr-FR\",\"potentialAction\":[{\"@type\":\"ReadAction\",\"target\":[\"https:\/\/loja.dara.pt\/politica-de-privacidade\/\"]}]},{\"@type\":\"BreadcrumbList\",\"@id\":\"https:\/\/loja.dara.pt\/politica-de-privacidade\/#breadcrumb\",\"itemListElement\":[{\"@type\":\"ListItem\",\"position\":1,\"name\":\"Home\",\"item\":\"https:\/\/loja.dara.pt\/\"},{\"@type\":\"ListItem\",\"position\":2,\"name\":\"Pol\u00edtica de Privacidade\"}]},{\"@type\":\"WebSite\",\"@id\":\"https:\/\/loja.dara.pt\/#website\",\"url\":\"https:\/\/loja.dara.pt\/\",\"name\":\"Loja Dara\",\"description\":\"My Dara International, LDA especialistas em meias, pe\u00fagas e collants\",\"publisher\":{\"@id\":\"https:\/\/loja.dara.pt\/#organization\"},\"alternateName\":\"Dara\",\"potentialAction\":[{\"@type\":\"SearchAction\",\"target\":{\"@type\":\"EntryPoint\",\"urlTemplate\":\"https:\/\/loja.dara.pt\/?s={search_term_string}\"},\"query-input\":{\"@type\":\"PropertyValueSpecification\",\"valueRequired\":true,\"valueName\":\"search_term_string\"}}],\"inLanguage\":\"fr-FR\"},{\"@type\":\"Organization\",\"@id\":\"https:\/\/loja.dara.pt\/#organization\",\"name\":\"My Dara International, LDA\",\"url\":\"https:\/\/loja.dara.pt\/\",\"logo\":{\"@type\":\"ImageObject\",\"inLanguage\":\"fr-FR\",\"@id\":\"https:\/\/loja.dara.pt\/#\/schema\/logo\/image\/\",\"url\":\"https:\/\/loja.dara.pt\/wp-content\/uploads\/2023\/09\/Logo.jpg\",\"contentUrl\":\"https:\/\/loja.dara.pt\/wp-content\/uploads\/2023\/09\/Logo.jpg\",\"width\":300,\"height\":300,\"caption\":\"My Dara International, LDA\"},\"image\":{\"@id\":\"https:\/\/loja.dara.pt\/#\/schema\/logo\/image\/\"},\"sameAs\":[\"https:\/\/www.facebook.com\/My.Dara.International\",\"https:\/\/x.com\/MyDaraInt\",\"https:\/\/www.linkedin.com\/company\/my-dara-international-lda\",\"https:\/\/www.instagram.com\/mydarainternational\"]}]}<\/script>\n<!-- \/ Yoast SEO plugin. -->","yoast_head_json":{"title":"Politique de Confidentialit\u00e9 - Dara","description":"Pol\u00edtica de Privacidade e Prote\u00e7\u00e3o de Dados. A privacidade e prote\u00e7\u00e3o dos seus dados pessoais s\u00e3o muito importantes para n\u00f3s.","robots":{"index":"index","follow":"follow","max-snippet":"max-snippet:-1","max-image-preview":"max-image-preview:large","max-video-preview":"max-video-preview:-1"},"canonical":"https:\/\/loja.dara.pt\/fr\/politica-de-privacidade\/","og_locale":"fr_FR","og_type":"article","og_title":"Politique de Confidentialit\u00e9 - Dara","og_description":"Pol\u00edtica de Privacidade e Prote\u00e7\u00e3o de Dados. A privacidade e prote\u00e7\u00e3o dos seus dados pessoais s\u00e3o muito importantes para n\u00f3s.","og_url":"https:\/\/loja.dara.pt\/politica-de-privacidade\/","og_site_name":"Dara","article_publisher":"https:\/\/www.facebook.com\/My.Dara.International","article_modified_time":"2025-02-28T11:22:11+00:00","twitter_card":"summary_large_image","twitter_site":"@MyDaraInt","twitter_misc":{"Dur\u00e9e de lecture estim\u00e9e":"6 minutes"},"schema":{"@context":"https:\/\/schema.org","@graph":[{"@type":"WebPage","@id":"https:\/\/loja.dara.pt\/politica-de-privacidade\/","url":"https:\/\/loja.dara.pt\/politica-de-privacidade\/","name":"Politique de Confidentialit\u00e9 - Dara","isPartOf":{"@id":"https:\/\/loja.dara.pt\/#website"},"datePublished":"2021-07-29T15:43:46+00:00","dateModified":"2025-02-28T11:22:11+00:00","description":"Pol\u00edtica de Privacidade e Prote\u00e7\u00e3o de Dados. A privacidade e prote\u00e7\u00e3o dos seus dados pessoais s\u00e3o muito importantes para n\u00f3s.","breadcrumb":{"@id":"https:\/\/loja.dara.pt\/politica-de-privacidade\/#breadcrumb"},"inLanguage":"fr-FR","potentialAction":[{"@type":"ReadAction","target":["https:\/\/loja.dara.pt\/politica-de-privacidade\/"]}]},{"@type":"BreadcrumbList","@id":"https:\/\/loja.dara.pt\/politica-de-privacidade\/#breadcrumb","itemListElement":[{"@type":"ListItem","position":1,"name":"Home","item":"https:\/\/loja.dara.pt\/"},{"@type":"ListItem","position":2,"name":"Pol\u00edtica de Privacidade"}]},{"@type":"WebSite","@id":"https:\/\/loja.dara.pt\/#website","url":"https:\/\/loja.dara.pt\/","name":"Loja Dara","description":"My Dara International, LDA especialistas em meias, pe\u00fagas e collants","publisher":{"@id":"https:\/\/loja.dara.pt\/#organization"},"alternateName":"Dara","potentialAction":[{"@type":"SearchAction","target":{"@type":"EntryPoint","urlTemplate":"https:\/\/loja.dara.pt\/?s={search_term_string}"},"query-input":{"@type":"PropertyValueSpecification","valueRequired":true,"valueName":"search_term_string"}}],"inLanguage":"fr-FR"},{"@type":"Organization","@id":"https:\/\/loja.dara.pt\/#organization","name":"My Dara International, LDA","url":"https:\/\/loja.dara.pt\/","logo":{"@type":"ImageObject","inLanguage":"fr-FR","@id":"https:\/\/loja.dara.pt\/#\/schema\/logo\/image\/","url":"https:\/\/loja.dara.pt\/wp-content\/uploads\/2023\/09\/Logo.jpg","contentUrl":"https:\/\/loja.dara.pt\/wp-content\/uploads\/2023\/09\/Logo.jpg","width":300,"height":300,"caption":"My Dara International, LDA"},"image":{"@id":"https:\/\/loja.dara.pt\/#\/schema\/logo\/image\/"},"sameAs":["https:\/\/www.facebook.com\/My.Dara.International","https:\/\/x.com\/MyDaraInt","https:\/\/www.linkedin.com\/company\/my-dara-international-lda","https:\/\/www.instagram.com\/mydarainternational"]}]}},"_links":{"self":[{"href":"https:\/\/loja.dara.pt\/fr\/wp-json\/wp\/v2\/pages\/4594","targetHints":{"allow":["GET"]}}],"collection":[{"href":"https:\/\/loja.dara.pt\/fr\/wp-json\/wp\/v2\/pages"}],"about":[{"href":"https:\/\/loja.dara.pt\/fr\/wp-json\/wp\/v2\/types\/page"}],"author":[{"embeddable":true,"href":"https:\/\/loja.dara.pt\/fr\/wp-json\/wp\/v2\/users\/1"}],"replies":[{"embeddable":true,"href":"https:\/\/loja.dara.pt\/fr\/wp-json\/wp\/v2\/comments?post=4594"}],"version-history":[{"count":9,"href":"https:\/\/loja.dara.pt\/fr\/wp-json\/wp\/v2\/pages\/4594\/revisions"}],"predecessor-version":[{"id":9280,"href":"https:\/\/loja.dara.pt\/fr\/wp-json\/wp\/v2\/pages\/4594\/revisions\/9280"}],"wp:attachment":[{"href":"https:\/\/loja.dara.pt\/fr\/wp-json\/wp\/v2\/media?parent=4594"}],"curies":[{"name":"wp","href":"https:\/\/api.w.org\/{rel}","templated":true}]}}