{"id":4598,"date":"2021-07-29T16:45:22","date_gmt":"2021-07-29T15:45:22","guid":{"rendered":"https:\/\/loja.dara.pt\/?page_id=4598"},"modified":"2025-02-27T17:45:41","modified_gmt":"2025-02-27T17:45:41","slug":"termos-e-condicoes","status":"publish","type":"page","link":"https:\/\/loja.dara.pt\/fr\/termos-e-condicoes\/","title":{"rendered":"Termes et Conditions"},"content":{"rendered":"<p><\/p>\n<h1>Termes et Conditions<\/h1>\n<p>&nbsp;<\/p>\n<p>Le pr\u00e9sent document \u00e9tablit les conditions g\u00e9n\u00e9rales d&rsquo;utilisation et de vente en ligne du site My Dara International. La navigation sur le site Web et\/ou l&rsquo;achat de tout produit par son interm\u00e9diaire implique l&rsquo;acceptation de ces termes et conditions. Si vous n&rsquo;\u00eates pas d&rsquo;accord avec l&rsquo;un des termes et conditions pr\u00e9sent\u00e9s, nous vous demandons de ne pas utiliser notre site Web. Le mat\u00e9riel contenu sur ce site est prot\u00e9g\u00e9 par les lois applicables sur le droit d&rsquo;auteur et les marques de commerce.<br \/>\n<strong>Propri\u00e9t\u00e9 de la boutique en ligne<br \/>\n<\/strong><\/p>\n<p>Le domaine et la boutique en ligne disponibles sur <a href=\"https:\/\/loja.dara.pt\">www.dara.pt<\/a> (ci-apr\u00e8s d\u00e9nomm\u00e9s \u00ab\u00a0boutique en ligne\u00a0\u00bb ou \u00ab\u00a0site Web\u00a0\u00bb) sont la propri\u00e9t\u00e9 de la soci\u00e9t\u00e9 Mon Dara International, Ltd. avec NIF 503774120, dont le si\u00e8ge est dans la zone industrielle d&rsquo;Alto do Padr\u00e3o, 3200-133 Lous\u00e3.<\/p>\n<p>L&rsquo;utilisateur s&rsquo;engage \u00e0 utiliser ce site conform\u00e9ment aux dispositions de la l\u00e9gislation applicable, en s&rsquo;abstenant d&rsquo;utiliser la page pour des activit\u00e9s contraires \u00e0 la loi, \u00e0 la morale et aux bonnes m\u0153urs, aux droits et int\u00e9r\u00eats de tiers.<\/p>\n<p>Toutes les marques, signes distinctifs, images, textes, photographies et toutes autres oeuvres\/oeuvres reproduits ou repr\u00e9sent\u00e9s dans la boutique en ligne sont consid\u00e9r\u00e9s comme la propri\u00e9t\u00e9 intellectuelle de la marque My Dara et \u00e0 ce titre sont prot\u00e9g\u00e9s par les r\u00e8gles du Droit de la Propri\u00e9t\u00e9 Industrielle. toute repr\u00e9sentation totale ou partielle du m\u00eame site ou de l&rsquo;un quelconque des \u00e9l\u00e9ments qui y sont pr\u00e9sents est interdite.<br \/>\n<strong>\u00a0<\/strong><\/p>\n<p><strong>Modifications de ces conditions<br \/>\n<\/strong><\/p>\n<p>La marque My Dara se r\u00e9serve le droit de modifier librement et \u00e0 tout moment les conditions g\u00e9n\u00e9rales, afin de les adapter \u00e0 la l\u00e9gislation applicable, sans qu&rsquo;il soit besoin de pr\u00e9avis.<\/p>\n<p>Elle se r\u00e9serve \u00e9galement le droit de modifier unilat\u00e9ralement et \u00e0 tout moment, sans pr\u00e9avis, la pr\u00e9sentation et le contenu du site concernant les produits, prix, promotions, conditions commerciales et services. Ces modifications serviront \u00e0 am\u00e9liorer le site, tout en am\u00e9liorant les services propos\u00e9s \u00e0 l&rsquo;Utilisateur.<\/p>\n<p>Malgr\u00e9 tout le soin apport\u00e9 \u00e0 la pr\u00e9paration du contenu du site, les informations, textes, documents graphiques et\/ou autres services peuvent contenir des erreurs ou \u00eatre incomplets.<\/p>\n<p>Dans ces situations, la marque My Dara ne pourra \u00eatre tenue responsable de tout dommage r\u00e9sultant de l&rsquo;utilisation (ou de l&rsquo;impossibilit\u00e9 d&rsquo;utilisation) du site, y compris les dommages caus\u00e9s par des virus ou toute inexactitude ou imperfection des informations.<\/p>\n<p>&nbsp;<\/p>\n<p><strong>Utilisation de la licence<br \/>\n<\/strong><\/p>\n<p>La permission est accord\u00e9e de t\u00e9l\u00e9charger temporairement une copie du mat\u00e9riel (information ou logiciel) sur le site Web de My Dara pour une visualisation transitoire personnelle et non commerciale uniquement. Il s&rsquo;agit de l&rsquo;octroi d&rsquo;une licence, et non d&rsquo;un transfert de titre, et en vertu de cette licence, vous ne pouvez pas :<\/p>\n<ul>\n<li>Modifier ou copier des documents ;<\/li>\n<li>Utiliser le mat\u00e9riel \u00e0 des fins commerciales ou pour une pr\u00e9sentation publique (commerciale ou non commerciale) ;<\/li>\n<li>Tentative de d\u00e9compilation ou d&rsquo;ing\u00e9nierie inverse de tout logiciel contenu sur le site My Dara ;<\/li>\n<li>Supprimer tout droit d&rsquo;auteur ou autres mentions de propri\u00e9t\u00e9 des documents ; ou transf\u00e9rer le mat\u00e9riel \u00e0 une autre personne ou \u00ab\u00a0miroir\u00a0\u00bb le mat\u00e9riel sur tout autre serveur ;<\/li>\n<li>Cette licence sera automatiquement r\u00e9sili\u00e9e si vous violez l&rsquo;une de ces restrictions et peut \u00eatre r\u00e9sili\u00e9e par My Dara \u00e0 tout moment. \u00c0 la fin de votre visionnage de ces documents ou \u00e0 la r\u00e9siliation de cette licence, vous devez supprimer tous les documents t\u00e9l\u00e9charg\u00e9s en votre possession, qu&rsquo;ils soient au format \u00e9lectronique ou imprim\u00e9.<\/li>\n<\/ul>\n<p>&nbsp;<\/p>\n<p><strong>Clause de non-responsabilit\u00e9<br \/>\n<\/strong><br \/>\nLes \u00e9l\u00e9ments du site My Dara sont fournis tels quels. My Dara ne donne aucune garantie, expresse ou implicite, et d\u00e9cline par la pr\u00e9sente et d\u00e9cline toute autre garantie, y compris, sans s&rsquo;y limiter, les garanties ou conditions implicites de qualit\u00e9 marchande, d&rsquo;ad\u00e9quation \u00e0 un usage particulier, ou de non-violation de la propri\u00e9t\u00e9 intellectuelle ou autre violation des droits .<\/p>\n<p>&nbsp;<\/p>\n<p><strong>Pr\u00e9cision des mat\u00e9riaux<br \/>\n<\/strong><\/p>\n<p>Le mat\u00e9riel apparaissant sur le site Web de My Dara peut contenir des erreurs techniques, typographiques ou photographiques. My Dara ne garantit pas que les \u00e9l\u00e9ments de son site Web sont exacts, complets ou \u00e0 jour. My Dara peut apporter des modifications aux \u00e9l\u00e9ments contenus sur son site Web \u00e0 tout moment et sans pr\u00e9avis.<br \/>\n<strong>Liens<br \/>\n<\/strong><\/p>\n<p>My Dara n&rsquo;a pas examin\u00e9 tous les sites li\u00e9s \u00e0 son site Web et n&rsquo;est pas responsable du contenu de ces sites li\u00e9s.<br \/>\n<strong>Modifications<br \/>\n<\/strong><\/p>\n<p>My Dara peut r\u00e9viser ces conditions d&rsquo;utilisation de son site Web \u00e0 tout moment et sans pr\u00e9avis. En utilisant ce site, vous acceptez d&rsquo;\u00eatre li\u00e9 par la version actuelle de ces conditions d&rsquo;utilisation.<\/p>\n<p>&nbsp;<\/p>\n<p><strong>Politique Commerciale<br \/>\n<\/strong><\/p>\n<p>La vente sous-jacente \u00e0 chaque commande pass\u00e9e par le client est faite sous r\u00e9serve de propri\u00e9t\u00e9, les produits demeurant la propri\u00e9t\u00e9 de la marque My Dara jusqu&rsquo;au paiement effectif et int\u00e9gral des sommes dues.<\/p>\n<p>&nbsp;<\/p>\n<p><strong>Information produit<br \/>\n<\/strong><\/p>\n<p>My Dara prend en compte les informations relatives aux caract\u00e9ristiques essentielles des produits au travers des descriptifs techniques partag\u00e9s par ses fournisseurs et des photographies illustrant les produits vendus.<\/p>\n<p>Les images et photographies des produits, bien qu&rsquo;essayant d&rsquo;\u00eatre aussi fiables que possible, sont illustratives, de sorte que le client doit tenir compte de la possibilit\u00e9 de diff\u00e9rences de couleur, de forme\/d&rsquo;apparence, qui pourraient \u00e9galement \u00eatre dues au moniteur et au navigateur Web utilis\u00e9s. pour celui-l\u00e0. Par cons\u00e9quent, nous recommandons au Client de consulter attentivement et en d\u00e9tail le produit et ses caract\u00e9ristiques, afin d&rsquo;en \u00eatre s\u00fbr au moment de l&rsquo;achat.<br \/>\n<strong>Information<br \/>\n<\/strong><\/p>\n<p>My Dara se r\u00e9serve le droit, \u00e0 sa seule discr\u00e9tion, de corriger toute erreur ou omission dans toute partie du site Web sans pr\u00e9avis. My Dara peut apporter toute autre modification au site, aux mat\u00e9riaux et aux produits ou services d\u00e9crits sur le site My Dara \u00e0 tout moment et sans pr\u00e9avis. Le prix des produits My Dara sera toujours stipul\u00e9 sur notre site, sauf erreur typographique.<\/p>\n<p>En cas d&rsquo;erreur dans le prix d&rsquo;un produit, nous contacterons le client, lui offrant la possibilit\u00e9 de confirmer la commande avec le prix correct ou de l&rsquo;annuler avec le remboursement d\u00fb. Si le client souhaite se faire rembourser sa commande, cela se fera en utilisant le m\u00eame moyen de paiement que celui de la commande.<\/p>\n<p>CONTACTS<\/p>\n<p>Pour toute question, veuillez nous contacter par e-mail <a href=\"mailto:newsletter@dara.pt\">newsletter@dara.pt<\/a>.<\/p>\n<p>INFORMATIONS SUR LA SOCI\u00c9T\u00c9<br \/>\nMy Dara International, Lda.<\/p>\n<p>Zona Industrial do Alto do Padr\u00e3o<\/p>\n<p>3200-133 Lous\u00e3<\/p>\n<p>Telefone: (+351) 239\u00a0995\u00a0100<\/p>\n<p>Email: <a href=\"mailto:newsletter@dara.pt\">newsletter@dara.pt<\/a><\/p>\n<p><strong>\u00a0<\/strong><\/p>\n<p><strong>M\u00e9thodes de Payement<br \/>\n<\/strong><\/p>\n<p>Dans la boutique en ligne, les modes de paiement sont :<\/p>\n<p>R\u00e9f\u00e9rence Multibanco, Mbway et Cartes de Cr\u00e9dit via VivoWallet (Visa, Mastercard,etc).<\/p>\n<p>Comme indiqu\u00e9 dans le menu de paiement \u00e0 la fin de l&rsquo;achat, aucun autre moyen de paiement n&rsquo;est accept\u00e9.<\/p>\n<p>Le client doit payer uniquement le montant exact sp\u00e9cifi\u00e9 dans la confirmation de chaque commande, et doit le faire en utilisant uniquement les modes de paiement d\u00e9crits ci-dessus. A d\u00e9faut, si le Client tente d&rsquo;utiliser un autre mode de paiement non pr\u00e9vu, My Dara ne pourra \u00eatre tenu responsable de la perte de paiement ou de tout autre dommage pouvant en r\u00e9sulter.<\/p>\n<p>&nbsp;<\/p>\n<p><strong>Confirmation ou Annulation<br \/>\n<\/strong><\/p>\n<p>Apr\u00e8s avoir effectu\u00e9 son achat, le Client recevra un e-mail automatique confirmant la transaction qu&rsquo;il devra imprimer ou enregistrer pour r\u00e9f\u00e9rence ult\u00e9rieure.<\/p>\n<p>Votre commande ne sera trait\u00e9e qu&rsquo;apr\u00e8s confirmation du paiement respectif. En cas de non-paiement ou de non-respect ou de non-confirmation des pr\u00e9sentes Conditions G\u00e9n\u00e9rales, My Dara se r\u00e9serve le droit de ne pas accepter la commande du client, ou de l&rsquo;annuler, m\u00eame apr\u00e8s sa confirmation automatique.<\/p>\n<p>My Dara se r\u00e9serve le droit de ne pas confirmer et\/ou proc\u00e9der \u00e0 la livraison des produits de la commande pass\u00e9e par le Client, pour quelque raison que ce soit et exon\u00e9r\u00e9 de toute responsabilit\u00e9 pour tous dommages ou frais, si :<\/p>\n<ul>\n<li>tout \u00e9v\u00e9nement impr\u00e9visible ou changement des circonstances actuelles pouvant affecter la production, le transport et les co\u00fbts respectifs, ou entra\u00eenant des augmentations anormales des prix des mati\u00e8res premi\u00e8res ;<\/li>\n<li>pour une raison quelconque, il est impossible de percevoir et de recevoir le paiement correspondant ;<\/li>\n<li>la commande a \u00e9t\u00e9 pass\u00e9e avec des erreurs dans les donn\u00e9es essentielles pour la livraison de la commande ;<\/li>\n<li>la commande est signal\u00e9e par les syst\u00e8mes de s\u00e9curit\u00e9 du site Web comme une commande incorrecte, irr\u00e9guli\u00e8re et\/ou consid\u00e9r\u00e9e comme une fraude.<\/li>\n<\/ul>\n<p>Dans l&rsquo;un des cas susmentionn\u00e9s, My Dara informera le Client par e-mail de cette situation d&rsquo;impossibilit\u00e9 de confirmer la vente et de l&rsquo;annulation de la commande qui en r\u00e9sultera, en restituant le montant pay\u00e9 pour les articles.<\/p>\n<p><strong>Exp\u00e9dition et livraisons<br \/>\n<\/strong><\/p>\n<p>Les envois seront effectu\u00e9s par CTT Expresso.<\/p>\n<p>&nbsp;<\/p>\n<p><strong>D\u00e9lai de livraison <\/strong><\/p>\n<p>Les livraisons seront effectu\u00e9es dans les 24\/48 heures apr\u00e8s la confirmation du paiement.<\/p>\n<p>En cas de retard d&rsquo;exp\u00e9dition, le client sera contact\u00e9.<\/p>\n<p><strong>R\u00e9solution alternative des litiges<\/strong><\/p>\n<p>En cas de litige, le consommateur peut recourir \u00e0 l&rsquo;une des Entit\u00e9s Alternatives de R\u00e8glement des Litiges de Consommation. Pour plus d&rsquo;informations, veuillez consulter le Portail Consommateur (<a href=\"http:\/\/www.consumidor.pt\">www.consumidor.pt<\/a>).<\/p>\n<p>Conform\u00e9ment \u00e0 la l\u00e9gislation en vigueur, My Dara indique qu&rsquo;en cas de litige, le client\/utilisateur peut recourir \u00e0 une Entit\u00e9 Alternative de R\u00e8glement des Litiges de Consommation :<\/p>\n<p>-CNIACC \u2013 Centre national d&rsquo;information et d&rsquo;arbitrage des litiges de consommation (<a href=\"http:\/\/www.cniacc.pt\">www.cniacc.pt<\/a>)<\/p>\n<p>-CIAB \u2013 Centre d&rsquo;information, de m\u00e9diation et d&rsquo;arbitrage des consommateurs (<a href=\"http:\/\/www.ciab.pt\">www.ciab.pt<\/a>)<br \/>\n<strong>\u00a0<\/strong><\/p>\n<p><strong>Politique d&rsquo;\u00e9change<br \/>\n<\/strong><\/p>\n<p><strong>Echanges\/Retours\/R\u00e9clamations<br \/>\n<\/strong><\/p>\n<p><strong>\u00c9CHANGE: <\/strong><\/p>\n<p>Le client dispose d&rsquo;un d\u00e9lai de 14 jours calendaires apr\u00e8s r\u00e9ception de sa commande pour \u00e9changer son article, sans avoir \u00e0 en justifier le motif.<\/p>\n<p>Pour effectuer votre \u00e9change, vous devez contacter par email \u00e0 <a href=\"mailto:newsletter@dara.pt\">newsletter@dara.pt<\/a> et attendre nos instructions.<\/p>\n<p>Vous ne devez jamais nous renvoyer votre commande sans notre autorisation, nous ne sommes donc pas responsables de sa non-r\u00e9ception.<\/p>\n<p>&nbsp;<\/p>\n<p><strong>RETOURS :<\/strong><\/p>\n<p>Le client a le droit de r\u00e9silier librement le contrat, sans avoir \u00e0 en indiquer le motif, dans un d\u00e9lai de 14 jours \u00e0 compter du jour o\u00f9 il prend physiquement possession du bien, personnellement ou par l&rsquo;interm\u00e9diaire d&rsquo;un tiers d\u00e9sign\u00e9 par lui (\u00e0 l&rsquo;exception du transporteur).<\/p>\n<p>Afin d&rsquo;exercer son droit de r\u00e9tractation gratuit, le client doit communiquer avec nous \u00e0 l&rsquo;un des contacts indiqu\u00e9s.<\/p>\n<p>En cas de r\u00e9siliation du pr\u00e9sent contrat, vous serez rembours\u00e9 de tous les paiements effectu\u00e9s, y compris les frais de livraison (\u00e0 l&rsquo;exception des frais suppl\u00e9mentaires r\u00e9sultant de votre choix d&rsquo;un mode d&rsquo;exp\u00e9dition autre que le mode d&rsquo;exp\u00e9dition normal le moins cher propos\u00e9 par nous), sans indu d\u00e9lai et, en tout \u00e9tat de cause, au plus tard 14 jours \u00e0 compter de la date \u00e0 laquelle nous avons \u00e9t\u00e9 inform\u00e9s de votre d\u00e9cision de vous r\u00e9tracter du pr\u00e9sent contrat.<\/p>\n<p>&nbsp;<\/p>\n<p><strong>RETOURS DE PRODUITS D\u00c9FECTUEUX : <\/strong><\/p>\n<p>Le client dispose d&rsquo;un droit de retour s&rsquo;il s&rsquo;av\u00e8re que les produits livr\u00e9s sont d\u00e9fectueux ou non conformes aux articles command\u00e9s.<\/p>\n<p>Les retours peuvent \u00eatre effectu\u00e9s dans un d\u00e9lai de 14 jours apr\u00e8s notification du d\u00e9faut et le produit doit conserver l&rsquo;\u00e9tiquette d&rsquo;identification.<\/p>\n<p>Une analyse sera faite du produit retourn\u00e9 et le client sera inform\u00e9 du droit \u00e0 un remboursement, le cas \u00e9ch\u00e9ant. En r\u00e8gle g\u00e9n\u00e9rale, le remboursement sera effectu\u00e9 dans les 10 jours ouvrables et, dans tous les cas, dans les 15 jours \u00e0 compter de la date de confirmation par e-mail du droit au remboursement.<\/p>\n<p>Si le d\u00e9faut ou la non-conformit\u00e9 est confirm\u00e9 comme motif justifiant le retour, l&rsquo;int\u00e9gralit\u00e9 des sommes vers\u00e9es sera rembours\u00e9e.<\/p>\n<p>Le remboursement du montant pay\u00e9 sera toujours effectu\u00e9 en utilisant le m\u00eame mode de paiement que celui utilis\u00e9 pour l&rsquo;achat.<\/p>\n<p>Ces dispositions n&rsquo;affectent pas vos droits statutaires.<\/p>\n<p>&nbsp;<\/p>\n<p><strong>RETOURS POUR CAUSE D&rsquo;ANNULATION<\/strong><\/p>\n<p>Le client peut, s&rsquo;il n&rsquo;est pas satisfait des produits livr\u00e9s, les retourner dans un d\u00e9lai de 14 jours \u00e0 compter de la date de r\u00e9ception.<\/p>\n<p>Cependant, le droit de retour n&rsquo;existe que si les produits :<\/p>\n<ul>\n<li>n&rsquo;a pas \u00e9t\u00e9 lav\u00e9 ou utilis\u00e9 (sauf si le produit contient des informations contraires) ;<\/li>\n<li>conservez les caract\u00e9ristiques d&rsquo;origine et l&#8217;emballage n&rsquo;est pas endommag\u00e9 (les colis ouverts avec pr\u00e9caution ne seront pas consid\u00e9r\u00e9s comme endommag\u00e9s) ;<\/li>\n<li>sont complets (c&rsquo;est-\u00e0-dire que les deux articles d&rsquo;une paire doivent \u00eatre retourn\u00e9s) ;<\/li>\n<li>n&rsquo;ont pas \u00e9t\u00e9 alt\u00e9r\u00e9s et conservez l&rsquo;\u00e9tiquette d&rsquo;identification.<\/li>\n<\/ul>\n<p>&nbsp;<\/p>\n<p><strong>RETOURS DE L&rsquo;OFFRE<\/strong><\/p>\n<p>Le retour d&rsquo;un produit offert doit \u00eatre effectu\u00e9 par la personne qui l&rsquo;a offert\/achet\u00e9. Dans ce cas, pour proc\u00e9der au retour, vous devez contacter la personne qui l&rsquo;a achet\u00e9, en ce sens qu&rsquo;il proc\u00e8de au retour, conform\u00e9ment aux conditions de retour, pour d\u00e9faut ou non-conformit\u00e9 ou pour r\u00e9tractation.<\/p>\n<p>Si le d\u00e9faut ou la non-conformit\u00e9 est confirm\u00e9 comme motif justifiant le retour, l&rsquo;int\u00e9gralit\u00e9 des sommes vers\u00e9es sera rembours\u00e9e.<\/p>\n<p>Le remboursement du montant pay\u00e9 sera toujours effectu\u00e9 en utilisant le m\u00eame mode de paiement que celui utilis\u00e9 pour l&rsquo;achat.<\/p>","protected":false},"excerpt":{"rendered":"<p>Termes et Conditions &nbsp; Le pr\u00e9sent document \u00e9tablit les conditions g\u00e9n\u00e9rales d&rsquo;utilisation et de vente&#8230;<\/p>\n","protected":false},"author":1,"featured_media":0,"parent":0,"menu_order":0,"comment_status":"closed","ping_status":"closed","template":"","meta":{"_acf_changed":false,"inline_featured_image":false,"footnotes":""},"class_list":["post-4598","page","type-page","status-publish","hentry"],"acf":[],"yoast_head":"<!-- This site is optimized with the Yoast SEO plugin v27.2 - https:\/\/yoast.com\/product\/yoast-seo-wordpress\/ -->\n<title>Termes et Conditions - Dara<\/title>\n<meta name=\"robots\" content=\"index, follow, max-snippet:-1, max-image-preview:large, max-video-preview:-1\" \/>\n<link rel=\"canonical\" href=\"https:\/\/loja.dara.pt\/fr\/termos-e-condicoes\/\" \/>\n<meta property=\"og:locale\" content=\"fr_FR\" \/>\n<meta property=\"og:type\" content=\"article\" \/>\n<meta property=\"og:title\" content=\"Termes et Conditions - Dara\" \/>\n<meta property=\"og:description\" content=\"Termes et Conditions &nbsp; Le pr\u00e9sent document \u00e9tablit les conditions g\u00e9n\u00e9rales d&rsquo;utilisation et de vente...\" \/>\n<meta property=\"og:url\" content=\"https:\/\/loja.dara.pt\/termos-e-condicoes\/\" \/>\n<meta property=\"og:site_name\" content=\"Dara\" \/>\n<meta property=\"article:publisher\" content=\"https:\/\/www.facebook.com\/My.Dara.International\" \/>\n<meta property=\"article:modified_time\" content=\"2025-02-27T17:45:41+00:00\" \/>\n<meta name=\"twitter:card\" content=\"summary_large_image\" \/>\n<meta name=\"twitter:site\" content=\"@MyDaraInt\" \/>\n<meta name=\"twitter:label1\" content=\"Dur\u00e9e de lecture estim\u00e9e\" \/>\n\t<meta name=\"twitter:data1\" content=\"11 minutes\" \/>\n<script type=\"application\/ld+json\" class=\"yoast-schema-graph\">{\"@context\":\"https:\/\/schema.org\",\"@graph\":[{\"@type\":\"WebPage\",\"@id\":\"https:\/\/loja.dara.pt\/termos-e-condicoes\/\",\"url\":\"https:\/\/loja.dara.pt\/termos-e-condicoes\/\",\"name\":\"Termes et Conditions - Dara\",\"isPartOf\":{\"@id\":\"https:\/\/loja.dara.pt\/#website\"},\"datePublished\":\"2021-07-29T15:45:22+00:00\",\"dateModified\":\"2025-02-27T17:45:41+00:00\",\"breadcrumb\":{\"@id\":\"https:\/\/loja.dara.pt\/termos-e-condicoes\/#breadcrumb\"},\"inLanguage\":\"fr-FR\",\"potentialAction\":[{\"@type\":\"ReadAction\",\"target\":[\"https:\/\/loja.dara.pt\/termos-e-condicoes\/\"]}]},{\"@type\":\"BreadcrumbList\",\"@id\":\"https:\/\/loja.dara.pt\/termos-e-condicoes\/#breadcrumb\",\"itemListElement\":[{\"@type\":\"ListItem\",\"position\":1,\"name\":\"Home\",\"item\":\"https:\/\/loja.dara.pt\/\"},{\"@type\":\"ListItem\",\"position\":2,\"name\":\"Termos e Condi\u00e7\u00f5es\"}]},{\"@type\":\"WebSite\",\"@id\":\"https:\/\/loja.dara.pt\/#website\",\"url\":\"https:\/\/loja.dara.pt\/\",\"name\":\"Loja Dara\",\"description\":\"My Dara International, LDA especialistas em meias, pe\u00fagas e collants\",\"publisher\":{\"@id\":\"https:\/\/loja.dara.pt\/#organization\"},\"alternateName\":\"Dara\",\"potentialAction\":[{\"@type\":\"SearchAction\",\"target\":{\"@type\":\"EntryPoint\",\"urlTemplate\":\"https:\/\/loja.dara.pt\/?s={search_term_string}\"},\"query-input\":{\"@type\":\"PropertyValueSpecification\",\"valueRequired\":true,\"valueName\":\"search_term_string\"}}],\"inLanguage\":\"fr-FR\"},{\"@type\":\"Organization\",\"@id\":\"https:\/\/loja.dara.pt\/#organization\",\"name\":\"My Dara International, LDA\",\"url\":\"https:\/\/loja.dara.pt\/\",\"logo\":{\"@type\":\"ImageObject\",\"inLanguage\":\"fr-FR\",\"@id\":\"https:\/\/loja.dara.pt\/#\/schema\/logo\/image\/\",\"url\":\"https:\/\/loja.dara.pt\/wp-content\/uploads\/2023\/09\/Logo.jpg\",\"contentUrl\":\"https:\/\/loja.dara.pt\/wp-content\/uploads\/2023\/09\/Logo.jpg\",\"width\":300,\"height\":300,\"caption\":\"My Dara International, LDA\"},\"image\":{\"@id\":\"https:\/\/loja.dara.pt\/#\/schema\/logo\/image\/\"},\"sameAs\":[\"https:\/\/www.facebook.com\/My.Dara.International\",\"https:\/\/x.com\/MyDaraInt\",\"https:\/\/www.linkedin.com\/company\/my-dara-international-lda\",\"https:\/\/www.instagram.com\/mydarainternational\"]}]}<\/script>\n<!-- \/ Yoast SEO plugin. -->","yoast_head_json":{"title":"Termes et Conditions - Dara","robots":{"index":"index","follow":"follow","max-snippet":"max-snippet:-1","max-image-preview":"max-image-preview:large","max-video-preview":"max-video-preview:-1"},"canonical":"https:\/\/loja.dara.pt\/fr\/termos-e-condicoes\/","og_locale":"fr_FR","og_type":"article","og_title":"Termes et Conditions - Dara","og_description":"Termes et Conditions &nbsp; Le pr\u00e9sent document \u00e9tablit les conditions g\u00e9n\u00e9rales d&rsquo;utilisation et de vente...","og_url":"https:\/\/loja.dara.pt\/termos-e-condicoes\/","og_site_name":"Dara","article_publisher":"https:\/\/www.facebook.com\/My.Dara.International","article_modified_time":"2025-02-27T17:45:41+00:00","twitter_card":"summary_large_image","twitter_site":"@MyDaraInt","twitter_misc":{"Dur\u00e9e de lecture estim\u00e9e":"11 minutes"},"schema":{"@context":"https:\/\/schema.org","@graph":[{"@type":"WebPage","@id":"https:\/\/loja.dara.pt\/termos-e-condicoes\/","url":"https:\/\/loja.dara.pt\/termos-e-condicoes\/","name":"Termes et Conditions - Dara","isPartOf":{"@id":"https:\/\/loja.dara.pt\/#website"},"datePublished":"2021-07-29T15:45:22+00:00","dateModified":"2025-02-27T17:45:41+00:00","breadcrumb":{"@id":"https:\/\/loja.dara.pt\/termos-e-condicoes\/#breadcrumb"},"inLanguage":"fr-FR","potentialAction":[{"@type":"ReadAction","target":["https:\/\/loja.dara.pt\/termos-e-condicoes\/"]}]},{"@type":"BreadcrumbList","@id":"https:\/\/loja.dara.pt\/termos-e-condicoes\/#breadcrumb","itemListElement":[{"@type":"ListItem","position":1,"name":"Home","item":"https:\/\/loja.dara.pt\/"},{"@type":"ListItem","position":2,"name":"Termos e Condi\u00e7\u00f5es"}]},{"@type":"WebSite","@id":"https:\/\/loja.dara.pt\/#website","url":"https:\/\/loja.dara.pt\/","name":"Loja Dara","description":"My Dara International, LDA especialistas em meias, pe\u00fagas e collants","publisher":{"@id":"https:\/\/loja.dara.pt\/#organization"},"alternateName":"Dara","potentialAction":[{"@type":"SearchAction","target":{"@type":"EntryPoint","urlTemplate":"https:\/\/loja.dara.pt\/?s={search_term_string}"},"query-input":{"@type":"PropertyValueSpecification","valueRequired":true,"valueName":"search_term_string"}}],"inLanguage":"fr-FR"},{"@type":"Organization","@id":"https:\/\/loja.dara.pt\/#organization","name":"My Dara International, LDA","url":"https:\/\/loja.dara.pt\/","logo":{"@type":"ImageObject","inLanguage":"fr-FR","@id":"https:\/\/loja.dara.pt\/#\/schema\/logo\/image\/","url":"https:\/\/loja.dara.pt\/wp-content\/uploads\/2023\/09\/Logo.jpg","contentUrl":"https:\/\/loja.dara.pt\/wp-content\/uploads\/2023\/09\/Logo.jpg","width":300,"height":300,"caption":"My Dara International, LDA"},"image":{"@id":"https:\/\/loja.dara.pt\/#\/schema\/logo\/image\/"},"sameAs":["https:\/\/www.facebook.com\/My.Dara.International","https:\/\/x.com\/MyDaraInt","https:\/\/www.linkedin.com\/company\/my-dara-international-lda","https:\/\/www.instagram.com\/mydarainternational"]}]}},"_links":{"self":[{"href":"https:\/\/loja.dara.pt\/fr\/wp-json\/wp\/v2\/pages\/4598","targetHints":{"allow":["GET"]}}],"collection":[{"href":"https:\/\/loja.dara.pt\/fr\/wp-json\/wp\/v2\/pages"}],"about":[{"href":"https:\/\/loja.dara.pt\/fr\/wp-json\/wp\/v2\/types\/page"}],"author":[{"embeddable":true,"href":"https:\/\/loja.dara.pt\/fr\/wp-json\/wp\/v2\/users\/1"}],"replies":[{"embeddable":true,"href":"https:\/\/loja.dara.pt\/fr\/wp-json\/wp\/v2\/comments?post=4598"}],"version-history":[{"count":14,"href":"https:\/\/loja.dara.pt\/fr\/wp-json\/wp\/v2\/pages\/4598\/revisions"}],"predecessor-version":[{"id":9279,"href":"https:\/\/loja.dara.pt\/fr\/wp-json\/wp\/v2\/pages\/4598\/revisions\/9279"}],"wp:attachment":[{"href":"https:\/\/loja.dara.pt\/fr\/wp-json\/wp\/v2\/media?parent=4598"}],"curies":[{"name":"wp","href":"https:\/\/api.w.org\/{rel}","templated":true}]}}