{"id":4501,"date":"2021-07-29T10:02:35","date_gmt":"2021-07-29T09:02:35","guid":{"rendered":"https:\/\/loja.dara.pt\/?post_type=product&#038;p=4501"},"modified":"2025-09-04T11:30:13","modified_gmt":"2025-09-04T10:30:13","slug":"peuga-alta-para-homem-lisa-algodao-egipto","status":"publish","type":"product","link":"https:\/\/loja.dara.pt\/fr\/produto\/peuga-alta-para-homem-lisa-algodao-egipto\/","title":{"rendered":"Chaussete Haute Lisse Homme"},"content":{"rendered":"<p class=\"qtranxs-available-languages-message qtranxs-available-languages-message-fr\">D\u00e9sol\u00e9, cet article est seulement disponible en <a href=\"https:\/\/loja.dara.pt\/pt\/wp-json\/wp\/v2\/product\/4501\" class=\"qtranxs-available-language-link qtranxs-available-language-link-pt\" title=\"Portugu\u00eas\">Portugu\u00eas<\/a>, <a href=\"https:\/\/loja.dara.pt\/en\/wp-json\/wp\/v2\/product\/4501\" class=\"qtranxs-available-language-link qtranxs-available-language-link-en\" title=\"English\">English<\/a> et <a href=\"https:\/\/loja.dara.pt\/es\/wp-json\/wp\/v2\/product\/4501\" class=\"qtranxs-available-language-link qtranxs-available-language-link-es\" title=\"Espa\u00f1ol\">Espa\u00f1ol<\/a>.<\/p>","protected":false},"excerpt":{"rendered":"<p>D\u00e9sol\u00e9, cet article est seulement disponible en Portugu\u00eas, English et Espa\u00f1ol.<\/p>\n","protected":false},"featured_media":4502,"template":"","meta":{"_acf_changed":false,"inline_featured_image":false},"product_brand":[],"product_cat":[61],"product_tag":[],"class_list":{"0":"post-4501","1":"product","2":"type-product","3":"status-publish","4":"has-post-thumbnail","6":"product_cat-meias-altas-meias-man","7":"pa_caracteristicas-algodao-egipto","8":"pa_caracteristicas-nao-magoa-na-biqueira","9":"pa_cor-preto","10":"pa_tipo-de-meia-abaixo-joelho","12":"first","13":"outofstock","14":"taxable","15":"shipping-taxable","16":"purchasable","17":"product-type-variable"},"acf":[],"yoast_head":"<!-- This site is optimized with the Yoast SEO plugin v27.2 - https:\/\/yoast.com\/product\/yoast-seo-wordpress\/ -->\n<title>Chaussete Haute Lisse Homme - Dara<\/title>\n<meta name=\"description\" content=\"Pe\u00faga alta lisa, em algod\u00e3o do egipto, para homem. Apresenta fibras mais finas e longas o que permite a produ\u00e7\u00e3o de fios mais resistentes e finos.\" \/>\n<meta name=\"robots\" content=\"index, follow, max-snippet:-1, max-image-preview:large, max-video-preview:-1\" \/>\n<link rel=\"canonical\" href=\"https:\/\/loja.dara.pt\/fr\/produto\/peuga-alta-para-homem-lisa-algodao-egipto\/\" \/>\n<meta property=\"og:locale\" content=\"fr_FR\" \/>\n<meta property=\"og:type\" content=\"article\" \/>\n<meta property=\"og:title\" content=\"Chaussete Haute Lisse Homme - Dara\" \/>\n<meta property=\"og:description\" content=\"Pe\u00faga alta lisa, em algod\u00e3o do egipto, para homem. Apresenta fibras mais finas e longas o que permite a produ\u00e7\u00e3o de fios mais resistentes e finos.\" \/>\n<meta property=\"og:url\" content=\"https:\/\/loja.dara.pt\/produto\/peuga-alta-para-homem-lisa-algodao-egipto\/\" \/>\n<meta property=\"og:site_name\" content=\"Dara\" \/>\n<meta property=\"article:publisher\" content=\"https:\/\/www.facebook.com\/My.Dara.International\" \/>\n<meta property=\"article:modified_time\" content=\"2025-09-04T10:30:13+00:00\" \/>\n<meta property=\"og:image\" content=\"https:\/\/loja.dara.pt\/wp-content\/uploads\/2021\/07\/REF-PG0869-2.jpg\" \/>\n\t<meta property=\"og:image:width\" content=\"1400\" \/>\n\t<meta property=\"og:image:height\" content=\"1900\" \/>\n\t<meta property=\"og:image:type\" content=\"image\/jpeg\" \/>\n<meta name=\"twitter:card\" content=\"summary_large_image\" \/>\n<meta name=\"twitter:site\" content=\"@MyDaraInt\" \/>\n<meta name=\"twitter:label1\" content=\"Dur\u00e9e de lecture estim\u00e9e\" \/>\n\t<meta name=\"twitter:data1\" content=\"1 minute\" \/>\n<script type=\"application\/ld+json\" class=\"yoast-schema-graph\">{\"@context\":\"https:\/\/schema.org\",\"@graph\":[{\"@type\":\"WebPage\",\"@id\":\"https:\/\/loja.dara.pt\/produto\/peuga-alta-para-homem-lisa-algodao-egipto\/\",\"url\":\"https:\/\/loja.dara.pt\/produto\/peuga-alta-para-homem-lisa-algodao-egipto\/\",\"name\":\"Chaussete Haute Lisse Homme - Dara\",\"isPartOf\":{\"@id\":\"https:\/\/loja.dara.pt\/#website\"},\"primaryImageOfPage\":{\"@id\":\"https:\/\/loja.dara.pt\/produto\/peuga-alta-para-homem-lisa-algodao-egipto\/#primaryimage\"},\"image\":{\"@id\":\"https:\/\/loja.dara.pt\/produto\/peuga-alta-para-homem-lisa-algodao-egipto\/#primaryimage\"},\"thumbnailUrl\":\"https:\/\/loja.dara.pt\/wp-content\/uploads\/2021\/07\/REF-PG0869-2.jpg\",\"datePublished\":\"2021-07-29T09:02:35+00:00\",\"dateModified\":\"2025-09-04T10:30:13+00:00\",\"description\":\"Pe\u00faga alta lisa, em algod\u00e3o do egipto, para homem. Apresenta fibras mais finas e longas o que permite a produ\u00e7\u00e3o de fios mais resistentes e finos.\",\"breadcrumb\":{\"@id\":\"https:\/\/loja.dara.pt\/produto\/peuga-alta-para-homem-lisa-algodao-egipto\/#breadcrumb\"},\"inLanguage\":\"fr-FR\",\"potentialAction\":[{\"@type\":\"ReadAction\",\"target\":[\"https:\/\/loja.dara.pt\/produto\/peuga-alta-para-homem-lisa-algodao-egipto\/\"]}]},{\"@type\":\"ImageObject\",\"inLanguage\":\"fr-FR\",\"@id\":\"https:\/\/loja.dara.pt\/produto\/peuga-alta-para-homem-lisa-algodao-egipto\/#primaryimage\",\"url\":\"https:\/\/loja.dara.pt\/wp-content\/uploads\/2021\/07\/REF-PG0869-2.jpg\",\"contentUrl\":\"https:\/\/loja.dara.pt\/wp-content\/uploads\/2021\/07\/REF-PG0869-2.jpg\",\"width\":1400,\"height\":1900,\"caption\":\"Peuga Alta Homem Lisa\"},{\"@type\":\"BreadcrumbList\",\"@id\":\"https:\/\/loja.dara.pt\/produto\/peuga-alta-para-homem-lisa-algodao-egipto\/#breadcrumb\",\"itemListElement\":[{\"@type\":\"ListItem\",\"position\":1,\"name\":\"Home\",\"item\":\"https:\/\/loja.dara.pt\/\"},{\"@type\":\"ListItem\",\"position\":2,\"name\":\"Loja\",\"item\":\"https:\/\/loja.dara.pt\/loja\/\"},{\"@type\":\"ListItem\",\"position\":3,\"name\":\"Peuga Alta para Homem Lisa\"}]},{\"@type\":\"WebSite\",\"@id\":\"https:\/\/loja.dara.pt\/#website\",\"url\":\"https:\/\/loja.dara.pt\/\",\"name\":\"Loja Dara\",\"description\":\"My Dara International, LDA especialistas em meias, pe\u00fagas e collants\",\"publisher\":{\"@id\":\"https:\/\/loja.dara.pt\/#organization\"},\"alternateName\":\"Dara\",\"potentialAction\":[{\"@type\":\"SearchAction\",\"target\":{\"@type\":\"EntryPoint\",\"urlTemplate\":\"https:\/\/loja.dara.pt\/?s={search_term_string}\"},\"query-input\":{\"@type\":\"PropertyValueSpecification\",\"valueRequired\":true,\"valueName\":\"search_term_string\"}}],\"inLanguage\":\"fr-FR\"},{\"@type\":\"Organization\",\"@id\":\"https:\/\/loja.dara.pt\/#organization\",\"name\":\"My Dara International, LDA\",\"url\":\"https:\/\/loja.dara.pt\/\",\"logo\":{\"@type\":\"ImageObject\",\"inLanguage\":\"fr-FR\",\"@id\":\"https:\/\/loja.dara.pt\/#\/schema\/logo\/image\/\",\"url\":\"https:\/\/loja.dara.pt\/wp-content\/uploads\/2023\/09\/Logo.jpg\",\"contentUrl\":\"https:\/\/loja.dara.pt\/wp-content\/uploads\/2023\/09\/Logo.jpg\",\"width\":300,\"height\":300,\"caption\":\"My Dara International, LDA\"},\"image\":{\"@id\":\"https:\/\/loja.dara.pt\/#\/schema\/logo\/image\/\"},\"sameAs\":[\"https:\/\/www.facebook.com\/My.Dara.International\",\"https:\/\/x.com\/MyDaraInt\",\"https:\/\/www.linkedin.com\/company\/my-dara-international-lda\",\"https:\/\/www.instagram.com\/mydarainternational\"]}]}<\/script>\n<!-- \/ Yoast SEO plugin. -->","yoast_head_json":{"title":"Chaussete Haute Lisse Homme - Dara","description":"Pe\u00faga alta lisa, em algod\u00e3o do egipto, para homem. Apresenta fibras mais finas e longas o que permite a produ\u00e7\u00e3o de fios mais resistentes e finos.","robots":{"index":"index","follow":"follow","max-snippet":"max-snippet:-1","max-image-preview":"max-image-preview:large","max-video-preview":"max-video-preview:-1"},"canonical":"https:\/\/loja.dara.pt\/fr\/produto\/peuga-alta-para-homem-lisa-algodao-egipto\/","og_locale":"fr_FR","og_type":"article","og_title":"Chaussete Haute Lisse Homme - Dara","og_description":"Pe\u00faga alta lisa, em algod\u00e3o do egipto, para homem. Apresenta fibras mais finas e longas o que permite a produ\u00e7\u00e3o de fios mais resistentes e finos.","og_url":"https:\/\/loja.dara.pt\/produto\/peuga-alta-para-homem-lisa-algodao-egipto\/","og_site_name":"Dara","article_publisher":"https:\/\/www.facebook.com\/My.Dara.International","article_modified_time":"2025-09-04T10:30:13+00:00","og_image":[{"width":1400,"height":1900,"url":"https:\/\/loja.dara.pt\/wp-content\/uploads\/2021\/07\/REF-PG0869-2.jpg","type":"image\/jpeg"}],"twitter_card":"summary_large_image","twitter_site":"@MyDaraInt","twitter_misc":{"Dur\u00e9e de lecture estim\u00e9e":"1 minute"},"schema":{"@context":"https:\/\/schema.org","@graph":[{"@type":"WebPage","@id":"https:\/\/loja.dara.pt\/produto\/peuga-alta-para-homem-lisa-algodao-egipto\/","url":"https:\/\/loja.dara.pt\/produto\/peuga-alta-para-homem-lisa-algodao-egipto\/","name":"Chaussete Haute Lisse Homme - Dara","isPartOf":{"@id":"https:\/\/loja.dara.pt\/#website"},"primaryImageOfPage":{"@id":"https:\/\/loja.dara.pt\/produto\/peuga-alta-para-homem-lisa-algodao-egipto\/#primaryimage"},"image":{"@id":"https:\/\/loja.dara.pt\/produto\/peuga-alta-para-homem-lisa-algodao-egipto\/#primaryimage"},"thumbnailUrl":"https:\/\/loja.dara.pt\/wp-content\/uploads\/2021\/07\/REF-PG0869-2.jpg","datePublished":"2021-07-29T09:02:35+00:00","dateModified":"2025-09-04T10:30:13+00:00","description":"Pe\u00faga alta lisa, em algod\u00e3o do egipto, para homem. Apresenta fibras mais finas e longas o que permite a produ\u00e7\u00e3o de fios mais resistentes e finos.","breadcrumb":{"@id":"https:\/\/loja.dara.pt\/produto\/peuga-alta-para-homem-lisa-algodao-egipto\/#breadcrumb"},"inLanguage":"fr-FR","potentialAction":[{"@type":"ReadAction","target":["https:\/\/loja.dara.pt\/produto\/peuga-alta-para-homem-lisa-algodao-egipto\/"]}]},{"@type":"ImageObject","inLanguage":"fr-FR","@id":"https:\/\/loja.dara.pt\/produto\/peuga-alta-para-homem-lisa-algodao-egipto\/#primaryimage","url":"https:\/\/loja.dara.pt\/wp-content\/uploads\/2021\/07\/REF-PG0869-2.jpg","contentUrl":"https:\/\/loja.dara.pt\/wp-content\/uploads\/2021\/07\/REF-PG0869-2.jpg","width":1400,"height":1900,"caption":"Peuga Alta Homem Lisa"},{"@type":"BreadcrumbList","@id":"https:\/\/loja.dara.pt\/produto\/peuga-alta-para-homem-lisa-algodao-egipto\/#breadcrumb","itemListElement":[{"@type":"ListItem","position":1,"name":"Home","item":"https:\/\/loja.dara.pt\/"},{"@type":"ListItem","position":2,"name":"Loja","item":"https:\/\/loja.dara.pt\/loja\/"},{"@type":"ListItem","position":3,"name":"Peuga Alta para Homem Lisa"}]},{"@type":"WebSite","@id":"https:\/\/loja.dara.pt\/#website","url":"https:\/\/loja.dara.pt\/","name":"Loja Dara","description":"My Dara International, LDA especialistas em meias, pe\u00fagas e collants","publisher":{"@id":"https:\/\/loja.dara.pt\/#organization"},"alternateName":"Dara","potentialAction":[{"@type":"SearchAction","target":{"@type":"EntryPoint","urlTemplate":"https:\/\/loja.dara.pt\/?s={search_term_string}"},"query-input":{"@type":"PropertyValueSpecification","valueRequired":true,"valueName":"search_term_string"}}],"inLanguage":"fr-FR"},{"@type":"Organization","@id":"https:\/\/loja.dara.pt\/#organization","name":"My Dara International, LDA","url":"https:\/\/loja.dara.pt\/","logo":{"@type":"ImageObject","inLanguage":"fr-FR","@id":"https:\/\/loja.dara.pt\/#\/schema\/logo\/image\/","url":"https:\/\/loja.dara.pt\/wp-content\/uploads\/2023\/09\/Logo.jpg","contentUrl":"https:\/\/loja.dara.pt\/wp-content\/uploads\/2023\/09\/Logo.jpg","width":300,"height":300,"caption":"My Dara International, LDA"},"image":{"@id":"https:\/\/loja.dara.pt\/#\/schema\/logo\/image\/"},"sameAs":["https:\/\/www.facebook.com\/My.Dara.International","https:\/\/x.com\/MyDaraInt","https:\/\/www.linkedin.com\/company\/my-dara-international-lda","https:\/\/www.instagram.com\/mydarainternational"]}]}},"_links":{"self":[{"href":"https:\/\/loja.dara.pt\/fr\/wp-json\/wp\/v2\/product\/4501","targetHints":{"allow":["GET"]}}],"collection":[{"href":"https:\/\/loja.dara.pt\/fr\/wp-json\/wp\/v2\/product"}],"about":[{"href":"https:\/\/loja.dara.pt\/fr\/wp-json\/wp\/v2\/types\/product"}],"wp:featuredmedia":[{"embeddable":true,"href":"https:\/\/loja.dara.pt\/fr\/wp-json\/wp\/v2\/media\/4502"}],"wp:attachment":[{"href":"https:\/\/loja.dara.pt\/fr\/wp-json\/wp\/v2\/media?parent=4501"}],"wp:term":[{"taxonomy":"product_brand","embeddable":true,"href":"https:\/\/loja.dara.pt\/fr\/wp-json\/wp\/v2\/product_brand?post=4501"},{"taxonomy":"product_cat","embeddable":true,"href":"https:\/\/loja.dara.pt\/fr\/wp-json\/wp\/v2\/product_cat?post=4501"},{"taxonomy":"product_tag","embeddable":true,"href":"https:\/\/loja.dara.pt\/fr\/wp-json\/wp\/v2\/product_tag?post=4501"}],"curies":[{"name":"wp","href":"https:\/\/api.w.org\/{rel}","templated":true}]}}