{"id":6603,"date":"2023-09-26T15:42:45","date_gmt":"2023-09-26T14:42:45","guid":{"rendered":"https:\/\/loja.dara.pt\/?post_type=product&#038;p=6603"},"modified":"2025-08-12T14:22:54","modified_gmt":"2025-08-12T13:22:54","slug":"meia-alta-com-laco-em-malha","status":"publish","type":"product","link":"https:\/\/loja.dara.pt\/fr\/produto\/meia-alta-com-laco-em-malha\/","title":{"rendered":"Chaussettes hautes avec noeud tricot\u00e9"},"content":{"rendered":"<p>Chaussettes hautes avec noeud tricot\u00e9, l\u00e9g\u00e8rement \u00e9lastiques pour plus de confort. Noeud tricot\u00e9 sur le c\u00f4t\u00e9.<\/p>","protected":false},"excerpt":{"rendered":"<p>Chaussettes hautes avec noeud tricot\u00e9, l\u00e9g\u00e8rement \u00e9lastiques pour plus de confort. Noeud tricot\u00e9 sur le&#8230;<\/p>\n","protected":false},"featured_media":7553,"template":"","meta":{"_acf_changed":false,"inline_featured_image":false},"product_brand":[],"product_cat":[81,67,82,77,88],"product_tag":[],"class_list":{"0":"post-6603","1":"product","2":"type-product","3":"status-publish","4":"has-post-thumbnail","6":"product_cat-baby","7":"product_cat-kids","8":"product_cat-meias-baby","9":"product_cat-meias-altas-meias-kids","10":"product_cat-meias-altas-meias-baby","11":"pa_cor-amarelo-torrado","12":"pa_cor-bordeaux","13":"pa_cor-branco","14":"pa_cor-cinza","15":"pa_cor-cinza-escuro","16":"pa_cor-cru","17":"pa_cor-marinho","18":"pa_cor-rosa-bebe","19":"pa_cor-rosa-velho","20":"pa_cor-verde-agua","21":"pa_cor-verde-escuro","22":"pa_cor-vermelho","23":"pa_tipo-de-meia-meio-da-barriga-da-perna","25":"first","26":"instock","27":"taxable","28":"shipping-taxable","29":"purchasable","30":"product-type-variable"},"acf":[],"yoast_head":"<!-- This site is optimized with the Yoast SEO plugin v27.2 - https:\/\/yoast.com\/product\/yoast-seo-wordpress\/ -->\n<title>Chaussettes hautes avec noeud tricot\u00e9 - Dara<\/title>\n<meta name=\"description\" content=\"Meia alta com la\u00e7o em malha, com um toque de elasticidade para um maior conforto. La\u00e7o em malha na lateral.\" \/>\n<meta name=\"robots\" content=\"index, follow, max-snippet:-1, max-image-preview:large, max-video-preview:-1\" \/>\n<link rel=\"canonical\" href=\"https:\/\/loja.dara.pt\/fr\/produto\/meia-alta-com-laco-em-malha\/\" \/>\n<meta property=\"og:locale\" content=\"fr_FR\" \/>\n<meta property=\"og:type\" content=\"article\" \/>\n<meta property=\"og:title\" content=\"Chaussettes hautes avec noeud tricot\u00e9 - Dara\" \/>\n<meta property=\"og:description\" content=\"Meia alta com la\u00e7o em malha, com um toque de elasticidade para um maior conforto. La\u00e7o em malha na lateral.\" \/>\n<meta property=\"og:url\" content=\"https:\/\/loja.dara.pt\/produto\/meia-alta-com-laco-em-malha\/\" \/>\n<meta property=\"og:site_name\" content=\"Dara\" \/>\n<meta property=\"article:publisher\" content=\"https:\/\/www.facebook.com\/My.Dara.International\" \/>\n<meta property=\"article:modified_time\" content=\"2025-08-12T13:22:54+00:00\" \/>\n<meta property=\"og:image\" content=\"https:\/\/loja.dara.pt\/wp-content\/uploads\/2024\/09\/PG1260-BABY_5.jpg\" \/>\n\t<meta property=\"og:image:width\" content=\"1400\" \/>\n\t<meta property=\"og:image:height\" content=\"1900\" \/>\n\t<meta property=\"og:image:type\" content=\"image\/jpeg\" \/>\n<meta name=\"twitter:card\" content=\"summary_large_image\" \/>\n<meta name=\"twitter:site\" content=\"@MyDaraInt\" \/>\n<meta name=\"twitter:label1\" content=\"Dur\u00e9e de lecture estim\u00e9e\" \/>\n\t<meta name=\"twitter:data1\" content=\"1 minute\" \/>\n<script type=\"application\/ld+json\" class=\"yoast-schema-graph\">{\"@context\":\"https:\/\/schema.org\",\"@graph\":[{\"@type\":\"WebPage\",\"@id\":\"https:\/\/loja.dara.pt\/produto\/meia-alta-com-laco-em-malha\/\",\"url\":\"https:\/\/loja.dara.pt\/produto\/meia-alta-com-laco-em-malha\/\",\"name\":\"Chaussettes hautes avec noeud tricot\u00e9 - Dara\",\"isPartOf\":{\"@id\":\"https:\/\/loja.dara.pt\/#website\"},\"primaryImageOfPage\":{\"@id\":\"https:\/\/loja.dara.pt\/produto\/meia-alta-com-laco-em-malha\/#primaryimage\"},\"image\":{\"@id\":\"https:\/\/loja.dara.pt\/produto\/meia-alta-com-laco-em-malha\/#primaryimage\"},\"thumbnailUrl\":\"https:\/\/loja.dara.pt\/wp-content\/uploads\/2024\/09\/PG1260-BABY_5.jpg\",\"datePublished\":\"2023-09-26T14:42:45+00:00\",\"dateModified\":\"2025-08-12T13:22:54+00:00\",\"description\":\"Meia alta com la\u00e7o em malha, com um toque de elasticidade para um maior conforto. La\u00e7o em malha na lateral.\",\"breadcrumb\":{\"@id\":\"https:\/\/loja.dara.pt\/produto\/meia-alta-com-laco-em-malha\/#breadcrumb\"},\"inLanguage\":\"fr-FR\",\"potentialAction\":[{\"@type\":\"ReadAction\",\"target\":[\"https:\/\/loja.dara.pt\/produto\/meia-alta-com-laco-em-malha\/\"]}]},{\"@type\":\"ImageObject\",\"inLanguage\":\"fr-FR\",\"@id\":\"https:\/\/loja.dara.pt\/produto\/meia-alta-com-laco-em-malha\/#primaryimage\",\"url\":\"https:\/\/loja.dara.pt\/wp-content\/uploads\/2024\/09\/PG1260-BABY_5.jpg\",\"contentUrl\":\"https:\/\/loja.dara.pt\/wp-content\/uploads\/2024\/09\/PG1260-BABY_5.jpg\",\"width\":1400,\"height\":1900,\"caption\":\"Meia Alta com La\u00e7o\"},{\"@type\":\"BreadcrumbList\",\"@id\":\"https:\/\/loja.dara.pt\/produto\/meia-alta-com-laco-em-malha\/#breadcrumb\",\"itemListElement\":[{\"@type\":\"ListItem\",\"position\":1,\"name\":\"Home\",\"item\":\"https:\/\/loja.dara.pt\/\"},{\"@type\":\"ListItem\",\"position\":2,\"name\":\"Loja\",\"item\":\"https:\/\/loja.dara.pt\/loja\/\"},{\"@type\":\"ListItem\",\"position\":3,\"name\":\"Meia Alta com La\u00e7o\"}]},{\"@type\":\"WebSite\",\"@id\":\"https:\/\/loja.dara.pt\/#website\",\"url\":\"https:\/\/loja.dara.pt\/\",\"name\":\"Loja Dara\",\"description\":\"My Dara International, LDA especialistas em meias, pe\u00fagas e collants\",\"publisher\":{\"@id\":\"https:\/\/loja.dara.pt\/#organization\"},\"alternateName\":\"Dara\",\"potentialAction\":[{\"@type\":\"SearchAction\",\"target\":{\"@type\":\"EntryPoint\",\"urlTemplate\":\"https:\/\/loja.dara.pt\/?s={search_term_string}\"},\"query-input\":{\"@type\":\"PropertyValueSpecification\",\"valueRequired\":true,\"valueName\":\"search_term_string\"}}],\"inLanguage\":\"fr-FR\"},{\"@type\":\"Organization\",\"@id\":\"https:\/\/loja.dara.pt\/#organization\",\"name\":\"My Dara International, LDA\",\"url\":\"https:\/\/loja.dara.pt\/\",\"logo\":{\"@type\":\"ImageObject\",\"inLanguage\":\"fr-FR\",\"@id\":\"https:\/\/loja.dara.pt\/#\/schema\/logo\/image\/\",\"url\":\"https:\/\/loja.dara.pt\/wp-content\/uploads\/2023\/09\/Logo.jpg\",\"contentUrl\":\"https:\/\/loja.dara.pt\/wp-content\/uploads\/2023\/09\/Logo.jpg\",\"width\":300,\"height\":300,\"caption\":\"My Dara International, LDA\"},\"image\":{\"@id\":\"https:\/\/loja.dara.pt\/#\/schema\/logo\/image\/\"},\"sameAs\":[\"https:\/\/www.facebook.com\/My.Dara.International\",\"https:\/\/x.com\/MyDaraInt\",\"https:\/\/www.linkedin.com\/company\/my-dara-international-lda\",\"https:\/\/www.instagram.com\/mydarainternational\"]}]}<\/script>\n<!-- \/ Yoast SEO plugin. -->","yoast_head_json":{"title":"Chaussettes hautes avec noeud tricot\u00e9 - Dara","description":"Meia alta com la\u00e7o em malha, com um toque de elasticidade para um maior conforto. La\u00e7o em malha na lateral.","robots":{"index":"index","follow":"follow","max-snippet":"max-snippet:-1","max-image-preview":"max-image-preview:large","max-video-preview":"max-video-preview:-1"},"canonical":"https:\/\/loja.dara.pt\/fr\/produto\/meia-alta-com-laco-em-malha\/","og_locale":"fr_FR","og_type":"article","og_title":"Chaussettes hautes avec noeud tricot\u00e9 - Dara","og_description":"Meia alta com la\u00e7o em malha, com um toque de elasticidade para um maior conforto. La\u00e7o em malha na lateral.","og_url":"https:\/\/loja.dara.pt\/produto\/meia-alta-com-laco-em-malha\/","og_site_name":"Dara","article_publisher":"https:\/\/www.facebook.com\/My.Dara.International","article_modified_time":"2025-08-12T13:22:54+00:00","og_image":[{"width":1400,"height":1900,"url":"https:\/\/loja.dara.pt\/wp-content\/uploads\/2024\/09\/PG1260-BABY_5.jpg","type":"image\/jpeg"}],"twitter_card":"summary_large_image","twitter_site":"@MyDaraInt","twitter_misc":{"Dur\u00e9e de lecture estim\u00e9e":"1 minute"},"schema":{"@context":"https:\/\/schema.org","@graph":[{"@type":"WebPage","@id":"https:\/\/loja.dara.pt\/produto\/meia-alta-com-laco-em-malha\/","url":"https:\/\/loja.dara.pt\/produto\/meia-alta-com-laco-em-malha\/","name":"Chaussettes hautes avec noeud tricot\u00e9 - Dara","isPartOf":{"@id":"https:\/\/loja.dara.pt\/#website"},"primaryImageOfPage":{"@id":"https:\/\/loja.dara.pt\/produto\/meia-alta-com-laco-em-malha\/#primaryimage"},"image":{"@id":"https:\/\/loja.dara.pt\/produto\/meia-alta-com-laco-em-malha\/#primaryimage"},"thumbnailUrl":"https:\/\/loja.dara.pt\/wp-content\/uploads\/2024\/09\/PG1260-BABY_5.jpg","datePublished":"2023-09-26T14:42:45+00:00","dateModified":"2025-08-12T13:22:54+00:00","description":"Meia alta com la\u00e7o em malha, com um toque de elasticidade para um maior conforto. La\u00e7o em malha na lateral.","breadcrumb":{"@id":"https:\/\/loja.dara.pt\/produto\/meia-alta-com-laco-em-malha\/#breadcrumb"},"inLanguage":"fr-FR","potentialAction":[{"@type":"ReadAction","target":["https:\/\/loja.dara.pt\/produto\/meia-alta-com-laco-em-malha\/"]}]},{"@type":"ImageObject","inLanguage":"fr-FR","@id":"https:\/\/loja.dara.pt\/produto\/meia-alta-com-laco-em-malha\/#primaryimage","url":"https:\/\/loja.dara.pt\/wp-content\/uploads\/2024\/09\/PG1260-BABY_5.jpg","contentUrl":"https:\/\/loja.dara.pt\/wp-content\/uploads\/2024\/09\/PG1260-BABY_5.jpg","width":1400,"height":1900,"caption":"Meia Alta com La\u00e7o"},{"@type":"BreadcrumbList","@id":"https:\/\/loja.dara.pt\/produto\/meia-alta-com-laco-em-malha\/#breadcrumb","itemListElement":[{"@type":"ListItem","position":1,"name":"Home","item":"https:\/\/loja.dara.pt\/"},{"@type":"ListItem","position":2,"name":"Loja","item":"https:\/\/loja.dara.pt\/loja\/"},{"@type":"ListItem","position":3,"name":"Meia Alta com La\u00e7o"}]},{"@type":"WebSite","@id":"https:\/\/loja.dara.pt\/#website","url":"https:\/\/loja.dara.pt\/","name":"Loja Dara","description":"My Dara International, LDA especialistas em meias, pe\u00fagas e collants","publisher":{"@id":"https:\/\/loja.dara.pt\/#organization"},"alternateName":"Dara","potentialAction":[{"@type":"SearchAction","target":{"@type":"EntryPoint","urlTemplate":"https:\/\/loja.dara.pt\/?s={search_term_string}"},"query-input":{"@type":"PropertyValueSpecification","valueRequired":true,"valueName":"search_term_string"}}],"inLanguage":"fr-FR"},{"@type":"Organization","@id":"https:\/\/loja.dara.pt\/#organization","name":"My Dara International, LDA","url":"https:\/\/loja.dara.pt\/","logo":{"@type":"ImageObject","inLanguage":"fr-FR","@id":"https:\/\/loja.dara.pt\/#\/schema\/logo\/image\/","url":"https:\/\/loja.dara.pt\/wp-content\/uploads\/2023\/09\/Logo.jpg","contentUrl":"https:\/\/loja.dara.pt\/wp-content\/uploads\/2023\/09\/Logo.jpg","width":300,"height":300,"caption":"My Dara International, LDA"},"image":{"@id":"https:\/\/loja.dara.pt\/#\/schema\/logo\/image\/"},"sameAs":["https:\/\/www.facebook.com\/My.Dara.International","https:\/\/x.com\/MyDaraInt","https:\/\/www.linkedin.com\/company\/my-dara-international-lda","https:\/\/www.instagram.com\/mydarainternational"]}]}},"_links":{"self":[{"href":"https:\/\/loja.dara.pt\/fr\/wp-json\/wp\/v2\/product\/6603","targetHints":{"allow":["GET"]}}],"collection":[{"href":"https:\/\/loja.dara.pt\/fr\/wp-json\/wp\/v2\/product"}],"about":[{"href":"https:\/\/loja.dara.pt\/fr\/wp-json\/wp\/v2\/types\/product"}],"wp:featuredmedia":[{"embeddable":true,"href":"https:\/\/loja.dara.pt\/fr\/wp-json\/wp\/v2\/media\/7553"}],"wp:attachment":[{"href":"https:\/\/loja.dara.pt\/fr\/wp-json\/wp\/v2\/media?parent=6603"}],"wp:term":[{"taxonomy":"product_brand","embeddable":true,"href":"https:\/\/loja.dara.pt\/fr\/wp-json\/wp\/v2\/product_brand?post=6603"},{"taxonomy":"product_cat","embeddable":true,"href":"https:\/\/loja.dara.pt\/fr\/wp-json\/wp\/v2\/product_cat?post=6603"},{"taxonomy":"product_tag","embeddable":true,"href":"https:\/\/loja.dara.pt\/fr\/wp-json\/wp\/v2\/product_tag?post=6603"}],"curies":[{"name":"wp","href":"https:\/\/api.w.org\/{rel}","templated":true}]}}