{"id":8071,"date":"2025-01-29T16:08:24","date_gmt":"2025-01-29T16:08:24","guid":{"rendered":"https:\/\/loja.dara.pt\/?post_type=product&#038;p=8071"},"modified":"2025-07-03T16:28:39","modified_gmt":"2025-07-03T15:28:39","slug":"meias-recem-nascido-em-algodao-organico-pack-2","status":"publish","type":"product","link":"https:\/\/loja.dara.pt\/fr\/produto\/meias-recem-nascido-em-algodao-organico-pack-2\/","title":{"rendered":"Chaussettes nouveau-n\u00e9 en coton biologique &#8211; Lot de 2"},"content":{"rendered":"<p>Chaussettes nouveau-n\u00e9 en coton biologique, id\u00e9ales pour les peaux sensibles.<\/p>\n<p>&nbsp;<\/p>\n<p>L&rsquo;int\u00e9rieu en peluche offre un toucher doux et confortable, gardant les pieds au chaud.<\/p>\n<p>&nbsp;<\/p>\n<p>-Vendu par lot de 2 Paires, comme sur les photos.<\/p>","protected":false},"excerpt":{"rendered":"<p>Chaussettes nouveau-n\u00e9 en coton biologique, id\u00e9ales pour les peaux sensibles. &nbsp; L&rsquo;int\u00e9rieu en peluche offre&#8230;<\/p>\n","protected":false},"featured_media":8074,"template":"","meta":{"_acf_changed":false,"inline_featured_image":false},"product_brand":[],"product_cat":[81,82,86],"product_tag":[],"class_list":{"0":"post-8071","1":"product","2":"type-product","3":"status-publish","4":"has-post-thumbnail","6":"product_cat-baby","7":"product_cat-meias-baby","8":"product_cat-meias-meias-baby","9":"pa_cor-azul-bebe","10":"pa_cor-bege-cru","11":"pa_cor-cinza-mescla-marinho","12":"pa_cor-cru-bege","13":"pa_cor-marinho-cinza-mescla","14":"pa_cor-rosa-bebe","15":"pa_tipo-de-meia-tornozelo","17":"first","18":"instock","19":"taxable","20":"shipping-taxable","21":"purchasable","22":"product-type-variable"},"acf":[],"yoast_head":"<!-- This site is optimized with the Yoast SEO plugin v27.2 - https:\/\/yoast.com\/product\/yoast-seo-wordpress\/ -->\n<title>Chaussettes nouveau-n\u00e9 en coton biologique - Lot de 2 - Dara<\/title>\n<meta name=\"description\" content=\"Meias rec\u00e9m nascido Algod\u00e3o Org\u00e2nico, \u00f3timas para peles sens\u00edveis. Com um interior em felpa, oferecendo assim, um toque macio e acolhedor\" \/>\n<meta name=\"robots\" content=\"index, follow, max-snippet:-1, max-image-preview:large, max-video-preview:-1\" \/>\n<link rel=\"canonical\" href=\"https:\/\/loja.dara.pt\/fr\/produto\/meias-recem-nascido-em-algodao-organico-pack-2\/\" \/>\n<meta property=\"og:locale\" content=\"fr_FR\" \/>\n<meta property=\"og:type\" content=\"article\" \/>\n<meta property=\"og:title\" content=\"Chaussettes nouveau-n\u00e9 en coton biologique - Lot de 2 - Dara\" \/>\n<meta property=\"og:description\" content=\"Meias rec\u00e9m nascido Algod\u00e3o Org\u00e2nico, \u00f3timas para peles sens\u00edveis. Com um interior em felpa, oferecendo assim, um toque macio e acolhedor\" \/>\n<meta property=\"og:url\" content=\"https:\/\/loja.dara.pt\/produto\/meias-recem-nascido-em-algodao-organico-pack-2\/\" \/>\n<meta property=\"og:site_name\" content=\"Dara\" \/>\n<meta property=\"article:publisher\" content=\"https:\/\/www.facebook.com\/My.Dara.International\" \/>\n<meta property=\"article:modified_time\" content=\"2025-07-03T15:28:39+00:00\" \/>\n<meta property=\"og:image\" content=\"https:\/\/loja.dara.pt\/wp-content\/uploads\/2025\/01\/pg1266_3-Pack.jpg\" \/>\n\t<meta property=\"og:image:width\" content=\"1400\" \/>\n\t<meta property=\"og:image:height\" content=\"1900\" \/>\n\t<meta property=\"og:image:type\" content=\"image\/jpeg\" \/>\n<meta name=\"twitter:card\" content=\"summary_large_image\" \/>\n<meta name=\"twitter:site\" content=\"@MyDaraInt\" \/>\n<meta name=\"twitter:label1\" content=\"Dur\u00e9e de lecture estim\u00e9e\" \/>\n\t<meta name=\"twitter:data1\" content=\"1 minute\" \/>\n<script type=\"application\/ld+json\" class=\"yoast-schema-graph\">{\"@context\":\"https:\/\/schema.org\",\"@graph\":[{\"@type\":\"WebPage\",\"@id\":\"https:\/\/loja.dara.pt\/produto\/meias-recem-nascido-em-algodao-organico-pack-2\/\",\"url\":\"https:\/\/loja.dara.pt\/produto\/meias-recem-nascido-em-algodao-organico-pack-2\/\",\"name\":\"Chaussettes nouveau-n\u00e9 en coton biologique - Lot de 2 - Dara\",\"isPartOf\":{\"@id\":\"https:\/\/loja.dara.pt\/#website\"},\"primaryImageOfPage\":{\"@id\":\"https:\/\/loja.dara.pt\/produto\/meias-recem-nascido-em-algodao-organico-pack-2\/#primaryimage\"},\"image\":{\"@id\":\"https:\/\/loja.dara.pt\/produto\/meias-recem-nascido-em-algodao-organico-pack-2\/#primaryimage\"},\"thumbnailUrl\":\"https:\/\/loja.dara.pt\/wp-content\/uploads\/2025\/01\/pg1266_3-Pack.jpg\",\"datePublished\":\"2025-01-29T16:08:24+00:00\",\"dateModified\":\"2025-07-03T15:28:39+00:00\",\"description\":\"Meias rec\u00e9m nascido Algod\u00e3o Org\u00e2nico, \u00f3timas para peles sens\u00edveis. Com um interior em felpa, oferecendo assim, um toque macio e acolhedor\",\"breadcrumb\":{\"@id\":\"https:\/\/loja.dara.pt\/produto\/meias-recem-nascido-em-algodao-organico-pack-2\/#breadcrumb\"},\"inLanguage\":\"fr-FR\",\"potentialAction\":[{\"@type\":\"ReadAction\",\"target\":[\"https:\/\/loja.dara.pt\/produto\/meias-recem-nascido-em-algodao-organico-pack-2\/\"]}]},{\"@type\":\"ImageObject\",\"inLanguage\":\"fr-FR\",\"@id\":\"https:\/\/loja.dara.pt\/produto\/meias-recem-nascido-em-algodao-organico-pack-2\/#primaryimage\",\"url\":\"https:\/\/loja.dara.pt\/wp-content\/uploads\/2025\/01\/pg1266_3-Pack.jpg\",\"contentUrl\":\"https:\/\/loja.dara.pt\/wp-content\/uploads\/2025\/01\/pg1266_3-Pack.jpg\",\"width\":1400,\"height\":1900,\"caption\":\"Meias rec\u00e9m nascido Algod\u00e3o Org\u00e2nico -Pack 2\"},{\"@type\":\"BreadcrumbList\",\"@id\":\"https:\/\/loja.dara.pt\/produto\/meias-recem-nascido-em-algodao-organico-pack-2\/#breadcrumb\",\"itemListElement\":[{\"@type\":\"ListItem\",\"position\":1,\"name\":\"Home\",\"item\":\"https:\/\/loja.dara.pt\/\"},{\"@type\":\"ListItem\",\"position\":2,\"name\":\"Loja\",\"item\":\"https:\/\/loja.dara.pt\/loja\/\"},{\"@type\":\"ListItem\",\"position\":3,\"name\":\"Meias rec\u00e9m nascido Algod\u00e3o Org\u00e2nico &#8211; Pack 2\"}]},{\"@type\":\"WebSite\",\"@id\":\"https:\/\/loja.dara.pt\/#website\",\"url\":\"https:\/\/loja.dara.pt\/\",\"name\":\"Loja Dara\",\"description\":\"My Dara International, LDA especialistas em meias, pe\u00fagas e collants\",\"publisher\":{\"@id\":\"https:\/\/loja.dara.pt\/#organization\"},\"alternateName\":\"Dara\",\"potentialAction\":[{\"@type\":\"SearchAction\",\"target\":{\"@type\":\"EntryPoint\",\"urlTemplate\":\"https:\/\/loja.dara.pt\/?s={search_term_string}\"},\"query-input\":{\"@type\":\"PropertyValueSpecification\",\"valueRequired\":true,\"valueName\":\"search_term_string\"}}],\"inLanguage\":\"fr-FR\"},{\"@type\":\"Organization\",\"@id\":\"https:\/\/loja.dara.pt\/#organization\",\"name\":\"My Dara International, LDA\",\"url\":\"https:\/\/loja.dara.pt\/\",\"logo\":{\"@type\":\"ImageObject\",\"inLanguage\":\"fr-FR\",\"@id\":\"https:\/\/loja.dara.pt\/#\/schema\/logo\/image\/\",\"url\":\"https:\/\/loja.dara.pt\/wp-content\/uploads\/2023\/09\/Logo.jpg\",\"contentUrl\":\"https:\/\/loja.dara.pt\/wp-content\/uploads\/2023\/09\/Logo.jpg\",\"width\":300,\"height\":300,\"caption\":\"My Dara International, LDA\"},\"image\":{\"@id\":\"https:\/\/loja.dara.pt\/#\/schema\/logo\/image\/\"},\"sameAs\":[\"https:\/\/www.facebook.com\/My.Dara.International\",\"https:\/\/x.com\/MyDaraInt\",\"https:\/\/www.linkedin.com\/company\/my-dara-international-lda\",\"https:\/\/www.instagram.com\/mydarainternational\"]}]}<\/script>\n<!-- \/ Yoast SEO plugin. -->","yoast_head_json":{"title":"Chaussettes nouveau-n\u00e9 en coton biologique - Lot de 2 - Dara","description":"Meias rec\u00e9m nascido Algod\u00e3o Org\u00e2nico, \u00f3timas para peles sens\u00edveis. Com um interior em felpa, oferecendo assim, um toque macio e acolhedor","robots":{"index":"index","follow":"follow","max-snippet":"max-snippet:-1","max-image-preview":"max-image-preview:large","max-video-preview":"max-video-preview:-1"},"canonical":"https:\/\/loja.dara.pt\/fr\/produto\/meias-recem-nascido-em-algodao-organico-pack-2\/","og_locale":"fr_FR","og_type":"article","og_title":"Chaussettes nouveau-n\u00e9 en coton biologique - Lot de 2 - Dara","og_description":"Meias rec\u00e9m nascido Algod\u00e3o Org\u00e2nico, \u00f3timas para peles sens\u00edveis. Com um interior em felpa, oferecendo assim, um toque macio e acolhedor","og_url":"https:\/\/loja.dara.pt\/produto\/meias-recem-nascido-em-algodao-organico-pack-2\/","og_site_name":"Dara","article_publisher":"https:\/\/www.facebook.com\/My.Dara.International","article_modified_time":"2025-07-03T15:28:39+00:00","og_image":[{"width":1400,"height":1900,"url":"https:\/\/loja.dara.pt\/wp-content\/uploads\/2025\/01\/pg1266_3-Pack.jpg","type":"image\/jpeg"}],"twitter_card":"summary_large_image","twitter_site":"@MyDaraInt","twitter_misc":{"Dur\u00e9e de lecture estim\u00e9e":"1 minute"},"schema":{"@context":"https:\/\/schema.org","@graph":[{"@type":"WebPage","@id":"https:\/\/loja.dara.pt\/produto\/meias-recem-nascido-em-algodao-organico-pack-2\/","url":"https:\/\/loja.dara.pt\/produto\/meias-recem-nascido-em-algodao-organico-pack-2\/","name":"Chaussettes nouveau-n\u00e9 en coton biologique - Lot de 2 - Dara","isPartOf":{"@id":"https:\/\/loja.dara.pt\/#website"},"primaryImageOfPage":{"@id":"https:\/\/loja.dara.pt\/produto\/meias-recem-nascido-em-algodao-organico-pack-2\/#primaryimage"},"image":{"@id":"https:\/\/loja.dara.pt\/produto\/meias-recem-nascido-em-algodao-organico-pack-2\/#primaryimage"},"thumbnailUrl":"https:\/\/loja.dara.pt\/wp-content\/uploads\/2025\/01\/pg1266_3-Pack.jpg","datePublished":"2025-01-29T16:08:24+00:00","dateModified":"2025-07-03T15:28:39+00:00","description":"Meias rec\u00e9m nascido Algod\u00e3o Org\u00e2nico, \u00f3timas para peles sens\u00edveis. Com um interior em felpa, oferecendo assim, um toque macio e acolhedor","breadcrumb":{"@id":"https:\/\/loja.dara.pt\/produto\/meias-recem-nascido-em-algodao-organico-pack-2\/#breadcrumb"},"inLanguage":"fr-FR","potentialAction":[{"@type":"ReadAction","target":["https:\/\/loja.dara.pt\/produto\/meias-recem-nascido-em-algodao-organico-pack-2\/"]}]},{"@type":"ImageObject","inLanguage":"fr-FR","@id":"https:\/\/loja.dara.pt\/produto\/meias-recem-nascido-em-algodao-organico-pack-2\/#primaryimage","url":"https:\/\/loja.dara.pt\/wp-content\/uploads\/2025\/01\/pg1266_3-Pack.jpg","contentUrl":"https:\/\/loja.dara.pt\/wp-content\/uploads\/2025\/01\/pg1266_3-Pack.jpg","width":1400,"height":1900,"caption":"Meias rec\u00e9m nascido Algod\u00e3o Org\u00e2nico -Pack 2"},{"@type":"BreadcrumbList","@id":"https:\/\/loja.dara.pt\/produto\/meias-recem-nascido-em-algodao-organico-pack-2\/#breadcrumb","itemListElement":[{"@type":"ListItem","position":1,"name":"Home","item":"https:\/\/loja.dara.pt\/"},{"@type":"ListItem","position":2,"name":"Loja","item":"https:\/\/loja.dara.pt\/loja\/"},{"@type":"ListItem","position":3,"name":"Meias rec\u00e9m nascido Algod\u00e3o Org\u00e2nico &#8211; Pack 2"}]},{"@type":"WebSite","@id":"https:\/\/loja.dara.pt\/#website","url":"https:\/\/loja.dara.pt\/","name":"Loja Dara","description":"My Dara International, LDA especialistas em meias, pe\u00fagas e collants","publisher":{"@id":"https:\/\/loja.dara.pt\/#organization"},"alternateName":"Dara","potentialAction":[{"@type":"SearchAction","target":{"@type":"EntryPoint","urlTemplate":"https:\/\/loja.dara.pt\/?s={search_term_string}"},"query-input":{"@type":"PropertyValueSpecification","valueRequired":true,"valueName":"search_term_string"}}],"inLanguage":"fr-FR"},{"@type":"Organization","@id":"https:\/\/loja.dara.pt\/#organization","name":"My Dara International, LDA","url":"https:\/\/loja.dara.pt\/","logo":{"@type":"ImageObject","inLanguage":"fr-FR","@id":"https:\/\/loja.dara.pt\/#\/schema\/logo\/image\/","url":"https:\/\/loja.dara.pt\/wp-content\/uploads\/2023\/09\/Logo.jpg","contentUrl":"https:\/\/loja.dara.pt\/wp-content\/uploads\/2023\/09\/Logo.jpg","width":300,"height":300,"caption":"My Dara International, LDA"},"image":{"@id":"https:\/\/loja.dara.pt\/#\/schema\/logo\/image\/"},"sameAs":["https:\/\/www.facebook.com\/My.Dara.International","https:\/\/x.com\/MyDaraInt","https:\/\/www.linkedin.com\/company\/my-dara-international-lda","https:\/\/www.instagram.com\/mydarainternational"]}]}},"_links":{"self":[{"href":"https:\/\/loja.dara.pt\/fr\/wp-json\/wp\/v2\/product\/8071","targetHints":{"allow":["GET"]}}],"collection":[{"href":"https:\/\/loja.dara.pt\/fr\/wp-json\/wp\/v2\/product"}],"about":[{"href":"https:\/\/loja.dara.pt\/fr\/wp-json\/wp\/v2\/types\/product"}],"wp:featuredmedia":[{"embeddable":true,"href":"https:\/\/loja.dara.pt\/fr\/wp-json\/wp\/v2\/media\/8074"}],"wp:attachment":[{"href":"https:\/\/loja.dara.pt\/fr\/wp-json\/wp\/v2\/media?parent=8071"}],"wp:term":[{"taxonomy":"product_brand","embeddable":true,"href":"https:\/\/loja.dara.pt\/fr\/wp-json\/wp\/v2\/product_brand?post=8071"},{"taxonomy":"product_cat","embeddable":true,"href":"https:\/\/loja.dara.pt\/fr\/wp-json\/wp\/v2\/product_cat?post=8071"},{"taxonomy":"product_tag","embeddable":true,"href":"https:\/\/loja.dara.pt\/fr\/wp-json\/wp\/v2\/product_tag?post=8071"}],"curies":[{"name":"wp","href":"https:\/\/api.w.org\/{rel}","templated":true}]}}